{"id":9627,"date":"2023-02-06T13:18:30","date_gmt":"2023-02-06T12:18:30","guid":{"rendered":"https:\/\/www.asf-fischer.com\/verkauf\/"},"modified":"2023-05-12T16:53:20","modified_gmt":"2023-05-12T14:53:20","slug":"verkauf","status":"publish","type":"page","link":"https:\/\/www.asf-fischer.com\/de\/verkauf\/","title":{"rendered":"Verkauf"},"content":{"rendered":"\n<div class=\"wp-block-uagb-container uagb-block-3c27348f alignfull uagb-is-root-container\"><div class=\"uagb-container-inner-blocks-wrap\">\n<div class=\"wp-block-uagb-info-box uagb-block-4e879b4c uagb-infobox__content-wrap  uagb-infobox-icon-below-title uagb-infobox-image-valign-top hero-info\"><div class=\"uagb-ifb-content\"><div class=\"uagb-ifb-title-wrap\"><span class=\"uagb-ifb-title-prefix\">      <\/span><h1 class=\"uagb-ifb-title\">Verkauf<\/h1><\/div><\/div><\/div>\n<\/div><\/div>\n\n\n\n<div class=\"wp-block-uagb-container uagb-block-34dbe3d9 alignfull uagb-is-root-container\"><div class=\"uagb-container-inner-blocks-wrap\">\n<div class=\"wp-block-uagb-container uagb-block-3d9426aa alignfull uagb-is-root-container\"><div class=\"uagb-container-inner-blocks-wrap\">\n<div class=\"wp-block-uagb-container uagb-block-ca280f90\">\n<h2 class=\"wp-block-heading has-text-align-center\">Mehr als nur Verbindungselemente<\/h2>\n\n\n\n<p class=\"has-text-align-center\">Unser Unternehmen bietet mehr als nur Verbindungselemente. Von einem breiten und tiefen Sortiment bis hin zu exzellenter Qualit\u00e4t und einem hohen Liefergrad stellen wir Ihnen unsere Dienstleistungen gerne partnerschaftlich zur Verf\u00fcgung. <\/p>\n<\/div>\n<\/div><\/div>\n<\/div><\/div>\n\n\n\n<div class=\"wp-block-uagb-container uagb-block-8861b671 alignfull uagb-is-root-container\"><div class=\"uagb-container-inner-blocks-wrap\">\n<div class=\"wp-block-uagb-container uagb-block-fb402b3e alignfull uagb-is-root-container\"><div class=\"uagb-container-inner-blocks-wrap\">\n<div class=\"wp-block-uagb-container uagb-block-130dfb88\">\n<h2 class=\"wp-block-heading\">Unsere Produkte und Dienstleistungen<\/h2>\n\n\n\n<p>Unsere Produkte und Konzepte liefern wir haupts\u00e4chlich an den professionellen Baustoffhandel, den Holz- und Plattenwerkstoffhandel, den Eisenwarenhandel, den Elektrogro\u00dfhandel, den Zentralheizungs- und Sanit\u00e4rgro\u00dfhandel und an die Gro\u00dfindustrie. <\/p>\n\n\n\n<p>Wir f\u00fchren ein komplettes Sortiment an Verbindungselementen und dazugeh\u00f6rigen Produkten, wobei das Paket, der Service und die Unterst\u00fctzung auf die jeweilige Zielgruppe zugeschnitten sind.<\/p>\n\n\n\n<p>Unsere Produkte finden ihren Weg in ganz Europa.<\/p>\n<\/div>\n\n\n\n<div class=\"wp-block-uagb-container uagb-block-a7651397\">\n<figure class=\"wp-block-image aligncenter size-full\"><img decoding=\"async\" width=\"507\" height=\"338\" src=\"https:\/\/www.asf-fischer.com\/wp-content\/uploads\/2023\/02\/Afbeelding-9-Klein.jpg\" alt=\"\" class=\"wp-image-8611\" srcset=\"https:\/\/www.asf-fischer.com\/wp-content\/uploads\/2023\/02\/Afbeelding-9-Klein.jpg 507w, https:\/\/www.asf-fischer.com\/wp-content\/uploads\/2023\/02\/Afbeelding-9-Klein-300x200.jpg 300w\" sizes=\"(max-width: 507px) 100vw, 507px\" \/><\/figure>\n<\/div>\n<\/div><\/div>\n<\/div><\/div>\n\n\n\n<div class=\"wp-block-uagb-container uagb-block-9bf16ae8 alignfull uagb-is-root-container\"><div class=\"uagb-container-inner-blocks-wrap\">\n<div class=\"wp-block-uagb-container uagb-block-603c1c57 alignfull uagb-is-root-container\"><div class=\"uagb-container-inner-blocks-wrap\">\n<div class=\"wp-block-uagb-container uagb-block-1a6af815\">\n<figure class=\"wp-block-image size-full\"><img decoding=\"async\" width=\"800\" height=\"420\" src=\"https:\/\/www.asf-fischer.com\/wp-content\/uploads\/2023\/02\/Afbeelding-10-Klein.jpg\" alt=\"\" class=\"wp-image-8615\" srcset=\"https:\/\/www.asf-fischer.com\/wp-content\/uploads\/2023\/02\/Afbeelding-10-Klein.jpg 800w, https:\/\/www.asf-fischer.com\/wp-content\/uploads\/2023\/02\/Afbeelding-10-Klein-300x158.jpg 300w, https:\/\/www.asf-fischer.com\/wp-content\/uploads\/2023\/02\/Afbeelding-10-Klein-768x403.jpg 768w\" sizes=\"(max-width: 800px) 100vw, 800px\" \/><\/figure>\n<\/div>\n\n\n\n<div class=\"wp-block-uagb-container uagb-block-c3e6444d\">\n<h2 class=\"wp-block-heading\">Unsere St\u00e4rken<\/h2>\n\n\n\n<p>Unser Ziel ist es, Sie als Kunde von unseren St\u00e4rken profitieren zu lassen. Diese sind:<\/p>\n\n\n\n<ul class=\"wp-block-list\">\n<li>Hohe Lieferquote<\/li>\n\n\n\n<li>Breites und tiefes Sortiment<\/li>\n\n\n\n<li>Vertretungen f\u00fchrender A-Marken<\/li>\n\n\n\n<li>Entwicklung eigener Marken und Konzepte<\/li>\n\n\n\n<li>Kenntnis des Marktes<\/li>\n\n\n\n<li>Marktorientierte Kommunikation<\/li>\n\n\n\n<li>Ausgekl\u00fcgeltes Logistiksystem<\/li>\n\n\n\n<li>Wettbewerbsf\u00e4higes Preis-Leistungs-Verh\u00e4ltnis<\/li>\n\n\n\n<li>Langfristige Beziehung zu Ihnen als Kunde<\/li>\n\n\n\n<li>Kompetente und kundenorientierte Mitarbeiter<\/li>\n<\/ul>\n<\/div>\n<\/div><\/div>\n<\/div><\/div>\n\n\n\n<div class=\"wp-block-uagb-container equal-height-images uagb-block-3093c6e0 alignfull uagb-is-root-container\"><div class=\"uagb-container-inner-blocks-wrap\">\n<div class=\"wp-block-uagb-container uagb-block-ed20603b\">\n<figure class=\"wp-block-image size-full\"><img decoding=\"async\" width=\"553\" height=\"311\" src=\"https:\/\/www.asf-fischer.com\/wp-content\/uploads\/2023\/02\/Afbeelding-11-Klein.jpg\" alt=\"\" class=\"wp-image-8619\" srcset=\"https:\/\/www.asf-fischer.com\/wp-content\/uploads\/2023\/02\/Afbeelding-11-Klein.jpg 553w, https:\/\/www.asf-fischer.com\/wp-content\/uploads\/2023\/02\/Afbeelding-11-Klein-300x169.jpg 300w\" sizes=\"(max-width: 553px) 100vw, 553px\" \/><\/figure>\n\n\n\n<h2 class=\"wp-block-heading\">Kompetenter Innen- und Au\u00dfendienst<\/h2>\n\n\n\n<p>Die Vertriebsaktivit\u00e4ten von A.S.F. Fischer BV werden von kompetenten Innen- und Au\u00dfendienstmitarbeitern unterst\u00fctzt. Sie beraten Sie gerne bei der richtigen Zusammenstellung Ihres Sortiments und der Anwendung der Produkte. Auf Wunsch schulen und informieren sie Ihre Mitarbeiter und unterst\u00fctzen bei Installationen und Vorf\u00fchrungen.  <\/p>\n\n\n\n<div class=\"wp-block-buttons is-layout-flex wp-block-buttons-is-layout-flex\">\n<div class=\"wp-block-button\"><a class=\"wp-block-button__link wp-element-button\" href=\"https:\/\/www.asf-fischer.de\/marken\/\">Marken<\/a><\/div>\n<\/div>\n\n\n\n<div style=\"margin-top:0;margin-bottom:0;height:40px\" aria-hidden=\"true\" class=\"wp-block-spacer\"><\/div>\n<\/div>\n\n\n\n<div class=\"wp-block-uagb-container uagb-block-6a54e9ff\">\n<figure class=\"wp-block-image size-full\"><img decoding=\"async\" width=\"1000\" height=\"750\" src=\"https:\/\/www.asf-fischer.com\/wp-content\/uploads\/2023\/03\/nummer-4.jpg\" alt=\"\" class=\"wp-image-8936\" srcset=\"https:\/\/www.asf-fischer.com\/wp-content\/uploads\/2023\/03\/nummer-4.jpg 1000w, https:\/\/www.asf-fischer.com\/wp-content\/uploads\/2023\/03\/nummer-4-300x225.jpg 300w, https:\/\/www.asf-fischer.com\/wp-content\/uploads\/2023\/03\/nummer-4-768x576.jpg 768w\" sizes=\"(max-width: 1000px) 100vw, 1000px\" \/><\/figure>\n\n\n\n<h2 class=\"wp-block-heading\">Produkt- und Konzeptentwicklung<\/h2>\n\n\n\n<p>Unsere jahrelange Erfahrung im professionellen Markt hat zur Entwicklung einer Reihe erfolgreicher Marken, Produkte und Konzepte gef\u00fchrt. Nat\u00fcrlich finden Sie diese Produkte und Konzepte in unserem Katalog, auf dieser Website und unter dem Button \u201eWebshop\u201c. <\/p>\n\n\n\n<div class=\"wp-block-buttons is-layout-flex wp-block-buttons-is-layout-flex\">\n<div class=\"wp-block-button\"><a class=\"wp-block-button__link wp-element-button\" href=\"https:\/\/www.asf-fischer.de\/produkt-und-konzeptentwicklung\/\">Produkt- und Konzeptentwicklung<\/a><\/div>\n<\/div>\n\n\n\n<div style=\"margin-top:0;margin-bottom:0;height:40px\" aria-hidden=\"true\" class=\"wp-block-spacer\"><\/div>\n<\/div>\n\n\n\n<div class=\"wp-block-uagb-container uagb-block-7ced2f81\">\n<figure class=\"wp-block-image size-full\"><img decoding=\"async\" width=\"720\" height=\"480\" src=\"https:\/\/www.asf-fischer.com\/wp-content\/uploads\/2023\/02\/Afbeelding-13-Klein.jpg\" alt=\"\" class=\"wp-image-8627\" srcset=\"https:\/\/www.asf-fischer.com\/wp-content\/uploads\/2023\/02\/Afbeelding-13-Klein.jpg 720w, https:\/\/www.asf-fischer.com\/wp-content\/uploads\/2023\/02\/Afbeelding-13-Klein-300x200.jpg 300w\" sizes=\"(max-width: 720px) 100vw, 720px\" \/><\/figure>\n\n\n\n<h2 class=\"wp-block-heading\">Vertriebsunterst\u00fctzung<\/h2>\n\n\n\n<p>Um Ihren Abverkauf zu f\u00f6rdern, haben wir f\u00fcr unsere starken Marken verschiedene Werbematerialien entworfen. F\u00fcr verschiedene Sortimente stellen wir Prospektmaterial oder Mustersets kundengerecht zur Verf\u00fcgung. Wir werben auch in einer Reihe von Fachzeitschriften und nehmen an Messen teil, um f\u00fcr unsere Marken und Produkte zu werben.  <\/p>\n\n\n\n<div class=\"wp-block-buttons is-layout-flex wp-block-buttons-is-layout-flex\">\n<div class=\"wp-block-button\"><a class=\"wp-block-button__link wp-element-button\" href=\"https:\/\/www.asf-fischer.de\/brochures\/\">Brosch\u00fcren<\/a><\/div>\n<\/div>\n\n\n\n<div style=\"margin-top:0;margin-bottom:0;height:40px\" aria-hidden=\"true\" class=\"wp-block-spacer\"><\/div>\n<\/div>\n<\/div><\/div>\n\n\n\n<div style=\"margin-top:0;margin-bottom:0;height:80px\" aria-hidden=\"true\" class=\"wp-block-spacer\"><\/div>\n\n\n\n<div class=\"wp-block-media-text alignwide has-media-on-the-right is-stacked-on-mobile is-image-fill has-ast-global-color-8-background-color has-background\"><div class=\"wp-block-media-text__content\">\n<div class=\"wp-block-uagb-container uagb-block-623cc713 alignfull uagb-is-root-container\"><div class=\"uagb-container-inner-blocks-wrap\">\n<h2 class=\"wp-block-heading\">Neugierig, was <\/h2>\n\n\n\n<h2 class=\"wp-block-heading\">A.S.F. Fischer BV f\u00fcr Ihr Unternehmen tun kann?  <\/h2>\n\n\n\n<p>Bitte wenden Sie sich an unsere Verkaufsabteilung. Unser Team beantwortet gerne alle Ihre Fragen. <\/p>\n\n\n\n<div style=\"margin-top:0;margin-bottom:0;height:20px\" aria-hidden=\"true\" class=\"wp-block-spacer\"><\/div>\n\n\n\n<div class=\"wp-block-buttons is-layout-flex wp-block-buttons-is-layout-flex\">\n<div class=\"wp-block-button button-alt\"><a class=\"wp-block-button__link wp-element-button\" href=\"https:\/\/www.asf-fischer.de\/kontakt\/\">Kontakt aufnehmen<\/a><\/div>\n<\/div>\n<\/div><\/div>\n<\/div><figure class=\"wp-block-media-text__media\" style=\"background-image:url(https:\/\/www.asf-fischer.com\/wp-content\/uploads\/2023\/02\/Afbeedling-1-Klein.jpg);background-position:50% 50%\"><img decoding=\"async\" width=\"854\" height=\"302\" src=\"https:\/\/www.asf-fischer.com\/wp-content\/uploads\/2023\/02\/Afbeedling-1-Klein.jpg\" alt=\"\" class=\"wp-image-8554 size-full\" srcset=\"https:\/\/www.asf-fischer.com\/wp-content\/uploads\/2023\/02\/Afbeedling-1-Klein.jpg 854w, https:\/\/www.asf-fischer.com\/wp-content\/uploads\/2023\/02\/Afbeedling-1-Klein-300x106.jpg 300w, https:\/\/www.asf-fischer.com\/wp-content\/uploads\/2023\/02\/Afbeedling-1-Klein-768x272.jpg 768w\" sizes=\"(max-width: 854px) 100vw, 854px\" \/><\/figure><\/div>\n\n\n\n<div style=\"height:100px\" aria-hidden=\"true\" class=\"wp-block-spacer\"><\/div>\n","protected":false},"excerpt":{"rendered":"<p>Mehr als nur Verbindungselemente Unser Unternehmen bietet mehr als nur Verbindungselemente. Von einem breiten und tiefen Sortiment bis hin zu exzellenter Qualit\u00e4t und einem hohen Liefergrad stellen wir Ihnen unsere Dienstleistungen gerne partnerschaftlich zur Verf\u00fcgung. Unsere Produkte und Dienstleistungen Unsere Produkte und Konzepte liefern wir haupts\u00e4chlich an den professionellen Baustoffhandel, den Holz- und Plattenwerkstoffhandel, den [&hellip;]<\/p>\n","protected":false},"author":2,"featured_media":0,"parent":0,"menu_order":0,"comment_status":"closed","ping_status":"closed","template":"","meta":{"_acf_changed":false,"inline_featured_image":false,"_uag_custom_page_level_css":"","site-sidebar-layout":"default","site-content-layout":"","ast-site-content-layout":"default","site-content-style":"default","site-sidebar-style":"default","ast-global-header-display":"","ast-banner-title-visibility":"","ast-main-header-display":"","ast-hfb-above-header-display":"","ast-hfb-below-header-display":"","ast-hfb-mobile-header-display":"","site-post-title":"disabled","ast-breadcrumbs-content":"","ast-featured-img":"","footer-sml-layout":"","ast-disable-related-posts":"","theme-transparent-header-meta":"enabled","adv-header-id-meta":"","stick-header-meta":"","header-above-stick-meta":"","header-main-stick-meta":"","header-below-stick-meta":"","astra-migrate-meta-layouts":"default","ast-page-background-enabled":"default","ast-page-background-meta":{"desktop":{"background-color":"","background-image":"","background-repeat":"repeat","background-position":"center center","background-size":"auto","background-attachment":"scroll","background-type":"","background-media":"","overlay-type":"","overlay-color":"","overlay-opacity":"","overlay-gradient":""},"tablet":{"background-color":"","background-image":"","background-repeat":"repeat","background-position":"center center","background-size":"auto","background-attachment":"scroll","background-type":"","background-media":"","overlay-type":"","overlay-color":"","overlay-opacity":"","overlay-gradient":""},"mobile":{"background-color":"","background-image":"","background-repeat":"repeat","background-position":"center center","background-size":"auto","background-attachment":"scroll","background-type":"","background-media":"","overlay-type":"","overlay-color":"","overlay-opacity":"","overlay-gradient":""}},"ast-content-background-meta":{"desktop":{"background-color":"var(--ast-global-color-5)","background-image":"","background-repeat":"repeat","background-position":"center center","background-size":"auto","background-attachment":"scroll","background-type":"","background-media":"","overlay-type":"","overlay-color":"","overlay-opacity":"","overlay-gradient":""},"tablet":{"background-color":"var(--ast-global-color-5)","background-image":"","background-repeat":"repeat","background-position":"center center","background-size":"auto","background-attachment":"scroll","background-type":"","background-media":"","overlay-type":"","overlay-color":"","overlay-opacity":"","overlay-gradient":""},"mobile":{"background-color":"var(--ast-global-color-5)","background-image":"","background-repeat":"repeat","background-position":"center center","background-size":"auto","background-attachment":"scroll","background-type":"","background-media":"","overlay-type":"","overlay-color":"","overlay-opacity":"","overlay-gradient":""}},"footnotes":""},"class_list":["post-9627","page","type-page","status-publish","hentry"],"acf":[],"yoast_head":"<!-- This site is optimized with the Yoast SEO plugin v27.4 - https:\/\/yoast.com\/product\/yoast-seo-wordpress\/ -->\n<title>Verkauf - A.S.F. Fischer<\/title>\n<meta name=\"robots\" content=\"index, follow, max-snippet:-1, max-image-preview:large, max-video-preview:-1\" \/>\n<link rel=\"canonical\" href=\"https:\/\/www.asf-fischer.com\/de\/verkauf\/\" \/>\n<meta property=\"og:locale\" content=\"de_DE\" \/>\n<meta property=\"og:type\" content=\"article\" \/>\n<meta property=\"og:title\" content=\"Verkauf - A.S.F. Fischer\" \/>\n<meta property=\"og:description\" content=\"Mehr als nur Verbindungselemente Unser Unternehmen bietet mehr als nur Verbindungselemente. Von einem breiten und tiefen Sortiment bis hin zu exzellenter Qualit\u00e4t und einem hohen Liefergrad stellen wir Ihnen unsere Dienstleistungen gerne partnerschaftlich zur Verf\u00fcgung. Unsere Produkte und Dienstleistungen Unsere Produkte und Konzepte liefern wir haupts\u00e4chlich an den professionellen Baustoffhandel, den Holz- und Plattenwerkstoffhandel, den [&hellip;]\" \/>\n<meta property=\"og:url\" content=\"https:\/\/www.asf-fischer.com\/de\/verkauf\/\" \/>\n<meta property=\"og:site_name\" content=\"A.S.F. Fischer\" \/>\n<meta property=\"article:modified_time\" content=\"2023-05-12T14:53:20+00:00\" \/>\n<meta property=\"og:image\" content=\"https:\/\/www.asf-fischer.nl\/wp-content\/uploads\/2023\/02\/Afbeelding-9-Klein.jpg\" \/>\n<meta name=\"twitter:card\" content=\"summary_large_image\" \/>\n<meta name=\"twitter:label1\" content=\"Gesch\u00e4tzte Lesezeit\" \/>\n\t<meta name=\"twitter:data1\" content=\"2\u00a0Minuten\" \/>\n<script type=\"application\/ld+json\" class=\"yoast-schema-graph\">{\"@context\":\"https:\\\/\\\/schema.org\",\"@graph\":[{\"@type\":\"WebPage\",\"@id\":\"https:\\\/\\\/www.asf-fischer.com\\\/de\\\/verkauf\\\/\",\"url\":\"https:\\\/\\\/www.asf-fischer.com\\\/de\\\/verkauf\\\/\",\"name\":\"Verkauf - A.S.F. Fischer\",\"isPartOf\":{\"@id\":\"https:\\\/\\\/www.asf-fischer.nl\\\/#website\"},\"primaryImageOfPage\":{\"@id\":\"https:\\\/\\\/www.asf-fischer.com\\\/de\\\/verkauf\\\/#primaryimage\"},\"image\":{\"@id\":\"https:\\\/\\\/www.asf-fischer.com\\\/de\\\/verkauf\\\/#primaryimage\"},\"thumbnailUrl\":\"https:\\\/\\\/www.asf-fischer.com\\\/wp-content\\\/uploads\\\/2023\\\/02\\\/Afbeelding-9-Klein.jpg\",\"datePublished\":\"2023-02-06T12:18:30+00:00\",\"dateModified\":\"2023-05-12T14:53:20+00:00\",\"breadcrumb\":{\"@id\":\"https:\\\/\\\/www.asf-fischer.com\\\/de\\\/verkauf\\\/#breadcrumb\"},\"inLanguage\":\"de\",\"potentialAction\":[{\"@type\":\"ReadAction\",\"target\":[\"https:\\\/\\\/www.asf-fischer.com\\\/de\\\/verkauf\\\/\"]}]},{\"@type\":\"ImageObject\",\"inLanguage\":\"de\",\"@id\":\"https:\\\/\\\/www.asf-fischer.com\\\/de\\\/verkauf\\\/#primaryimage\",\"url\":\"https:\\\/\\\/www.asf-fischer.com\\\/wp-content\\\/uploads\\\/2023\\\/02\\\/Afbeelding-9-Klein.jpg\",\"contentUrl\":\"https:\\\/\\\/www.asf-fischer.com\\\/wp-content\\\/uploads\\\/2023\\\/02\\\/Afbeelding-9-Klein.jpg\"},{\"@type\":\"BreadcrumbList\",\"@id\":\"https:\\\/\\\/www.asf-fischer.com\\\/de\\\/verkauf\\\/#breadcrumb\",\"itemListElement\":[{\"@type\":\"ListItem\",\"position\":1,\"name\":\"Home\",\"item\":\"https:\\\/\\\/www.asf-fischer.com\\\/de\\\/\"},{\"@type\":\"ListItem\",\"position\":2,\"name\":\"Verkauf\"}]},{\"@type\":\"WebSite\",\"@id\":\"https:\\\/\\\/www.asf-fischer.nl\\\/#website\",\"url\":\"https:\\\/\\\/www.asf-fischer.nl\\\/\",\"name\":\"A.S.F. Fischer\",\"description\":\"Partner in fasteners\",\"publisher\":{\"@id\":\"https:\\\/\\\/www.asf-fischer.nl\\\/#organization\"},\"potentialAction\":[{\"@type\":\"SearchAction\",\"target\":{\"@type\":\"EntryPoint\",\"urlTemplate\":\"https:\\\/\\\/www.asf-fischer.nl\\\/?s={search_term_string}\"},\"query-input\":{\"@type\":\"PropertyValueSpecification\",\"valueRequired\":true,\"valueName\":\"search_term_string\"}}],\"inLanguage\":\"de\"},{\"@type\":\"Organization\",\"@id\":\"https:\\\/\\\/www.asf-fischer.nl\\\/#organization\",\"name\":\"A.S.F. Fischer\",\"url\":\"https:\\\/\\\/www.asf-fischer.nl\\\/\",\"logo\":{\"@type\":\"ImageObject\",\"inLanguage\":\"de\",\"@id\":\"https:\\\/\\\/www.asf-fischer.nl\\\/#\\\/schema\\\/logo\\\/image\\\/\",\"url\":\"https:\\\/\\\/www.asf-fischer.com\\\/wp-content\\\/uploads\\\/2026\\\/01\\\/ASF-Fischer-PIFAT-logo-actueel-e1768991354497-1.svg\",\"contentUrl\":\"https:\\\/\\\/www.asf-fischer.com\\\/wp-content\\\/uploads\\\/2026\\\/01\\\/ASF-Fischer-PIFAT-logo-actueel-e1768991354497-1.svg\",\"caption\":\"A.S.F. Fischer\"},\"image\":{\"@id\":\"https:\\\/\\\/www.asf-fischer.nl\\\/#\\\/schema\\\/logo\\\/image\\\/\"}}]}<\/script>\n<!-- \/ Yoast SEO plugin. -->","yoast_head_json":{"title":"Verkauf - A.S.F. Fischer","robots":{"index":"index","follow":"follow","max-snippet":"max-snippet:-1","max-image-preview":"max-image-preview:large","max-video-preview":"max-video-preview:-1"},"canonical":"https:\/\/www.asf-fischer.com\/de\/verkauf\/","og_locale":"de_DE","og_type":"article","og_title":"Verkauf - A.S.F. Fischer","og_description":"Mehr als nur Verbindungselemente Unser Unternehmen bietet mehr als nur Verbindungselemente. Von einem breiten und tiefen Sortiment bis hin zu exzellenter Qualit\u00e4t und einem hohen Liefergrad stellen wir Ihnen unsere Dienstleistungen gerne partnerschaftlich zur Verf\u00fcgung. Unsere Produkte und Dienstleistungen Unsere Produkte und Konzepte liefern wir haupts\u00e4chlich an den professionellen Baustoffhandel, den Holz- und Plattenwerkstoffhandel, den [&hellip;]","og_url":"https:\/\/www.asf-fischer.com\/de\/verkauf\/","og_site_name":"A.S.F. Fischer","article_modified_time":"2023-05-12T14:53:20+00:00","og_image":[{"url":"https:\/\/www.asf-fischer.nl\/wp-content\/uploads\/2023\/02\/Afbeelding-9-Klein.jpg","type":"","width":"","height":""}],"twitter_card":"summary_large_image","twitter_misc":{"Gesch\u00e4tzte Lesezeit":"2\u00a0Minuten"},"schema":{"@context":"https:\/\/schema.org","@graph":[{"@type":"WebPage","@id":"https:\/\/www.asf-fischer.com\/de\/verkauf\/","url":"https:\/\/www.asf-fischer.com\/de\/verkauf\/","name":"Verkauf - A.S.F. Fischer","isPartOf":{"@id":"https:\/\/www.asf-fischer.nl\/#website"},"primaryImageOfPage":{"@id":"https:\/\/www.asf-fischer.com\/de\/verkauf\/#primaryimage"},"image":{"@id":"https:\/\/www.asf-fischer.com\/de\/verkauf\/#primaryimage"},"thumbnailUrl":"https:\/\/www.asf-fischer.com\/wp-content\/uploads\/2023\/02\/Afbeelding-9-Klein.jpg","datePublished":"2023-02-06T12:18:30+00:00","dateModified":"2023-05-12T14:53:20+00:00","breadcrumb":{"@id":"https:\/\/www.asf-fischer.com\/de\/verkauf\/#breadcrumb"},"inLanguage":"de","potentialAction":[{"@type":"ReadAction","target":["https:\/\/www.asf-fischer.com\/de\/verkauf\/"]}]},{"@type":"ImageObject","inLanguage":"de","@id":"https:\/\/www.asf-fischer.com\/de\/verkauf\/#primaryimage","url":"https:\/\/www.asf-fischer.com\/wp-content\/uploads\/2023\/02\/Afbeelding-9-Klein.jpg","contentUrl":"https:\/\/www.asf-fischer.com\/wp-content\/uploads\/2023\/02\/Afbeelding-9-Klein.jpg"},{"@type":"BreadcrumbList","@id":"https:\/\/www.asf-fischer.com\/de\/verkauf\/#breadcrumb","itemListElement":[{"@type":"ListItem","position":1,"name":"Home","item":"https:\/\/www.asf-fischer.com\/de\/"},{"@type":"ListItem","position":2,"name":"Verkauf"}]},{"@type":"WebSite","@id":"https:\/\/www.asf-fischer.nl\/#website","url":"https:\/\/www.asf-fischer.nl\/","name":"A.S.F. Fischer","description":"Partner in fasteners","publisher":{"@id":"https:\/\/www.asf-fischer.nl\/#organization"},"potentialAction":[{"@type":"SearchAction","target":{"@type":"EntryPoint","urlTemplate":"https:\/\/www.asf-fischer.nl\/?s={search_term_string}"},"query-input":{"@type":"PropertyValueSpecification","valueRequired":true,"valueName":"search_term_string"}}],"inLanguage":"de"},{"@type":"Organization","@id":"https:\/\/www.asf-fischer.nl\/#organization","name":"A.S.F. Fischer","url":"https:\/\/www.asf-fischer.nl\/","logo":{"@type":"ImageObject","inLanguage":"de","@id":"https:\/\/www.asf-fischer.nl\/#\/schema\/logo\/image\/","url":"https:\/\/www.asf-fischer.com\/wp-content\/uploads\/2026\/01\/ASF-Fischer-PIFAT-logo-actueel-e1768991354497-1.svg","contentUrl":"https:\/\/www.asf-fischer.com\/wp-content\/uploads\/2026\/01\/ASF-Fischer-PIFAT-logo-actueel-e1768991354497-1.svg","caption":"A.S.F. Fischer"},"image":{"@id":"https:\/\/www.asf-fischer.nl\/#\/schema\/logo\/image\/"}}]}},"uagb_featured_image_src":{"full":false,"thumbnail":false,"medium":false,"medium_large":false,"large":false,"1536x1536":false,"2048x2048":false},"uagb_author_info":{"display_name":"Support","author_link":"https:\/\/www.asf-fischer.com\/de\/author\/support\/"},"uagb_comment_info":0,"uagb_excerpt":"Mehr als nur Verbindungselemente Unser Unternehmen bietet mehr als nur Verbindungselemente. Von einem breiten und tiefen Sortiment bis hin zu exzellenter Qualit\u00e4t und einem hohen Liefergrad stellen wir Ihnen unsere Dienstleistungen gerne partnerschaftlich zur Verf\u00fcgung. Unsere Produkte und Dienstleistungen Unsere Produkte und Konzepte liefern wir haupts\u00e4chlich an den professionellen Baustoffhandel, den Holz- und Plattenwerkstoffhandel, den&hellip;","_links":{"self":[{"href":"https:\/\/www.asf-fischer.com\/de\/wp-json\/wp\/v2\/pages\/9627","targetHints":{"allow":["GET"]}}],"collection":[{"href":"https:\/\/www.asf-fischer.com\/de\/wp-json\/wp\/v2\/pages"}],"about":[{"href":"https:\/\/www.asf-fischer.com\/de\/wp-json\/wp\/v2\/types\/page"}],"author":[{"embeddable":true,"href":"https:\/\/www.asf-fischer.com\/de\/wp-json\/wp\/v2\/users\/2"}],"replies":[{"embeddable":true,"href":"https:\/\/www.asf-fischer.com\/de\/wp-json\/wp\/v2\/comments?post=9627"}],"version-history":[{"count":4,"href":"https:\/\/www.asf-fischer.com\/de\/wp-json\/wp\/v2\/pages\/9627\/revisions"}],"predecessor-version":[{"id":10214,"href":"https:\/\/www.asf-fischer.com\/de\/wp-json\/wp\/v2\/pages\/9627\/revisions\/10214"}],"wp:attachment":[{"href":"https:\/\/www.asf-fischer.com\/de\/wp-json\/wp\/v2\/media?parent=9627"}],"curies":[{"name":"wp","href":"https:\/\/api.w.org\/{rel}","templated":true}]}}