{"id":9678,"date":"2023-02-06T16:40:37","date_gmt":"2023-02-06T15:40:37","guid":{"rendered":"https:\/\/www.asf-fischer.com\/stellenangebote\/"},"modified":"2026-02-18T16:55:05","modified_gmt":"2026-02-18T15:55:05","slug":"stellenangebote","status":"publish","type":"page","link":"https:\/\/www.asf-fischer.com\/de\/stellenangebote\/","title":{"rendered":"Stellenangebote"},"content":{"rendered":"\n<div class=\"wp-block-uagb-container uagb-block-861feaad alignfull uagb-is-root-container\"><div class=\"uagb-container-inner-blocks-wrap\">\n<div class=\"wp-block-uagb-info-box uagb-block-8c748f86 uagb-infobox__content-wrap  uagb-infobox-icon-below-title uagb-infobox-image-valign-top hero-info\"><div class=\"uagb-ifb-content\"><div class=\"uagb-ifb-title-wrap\"><span class=\"uagb-ifb-title-prefix\">      <\/span><h1 class=\"uagb-ifb-title\">Stellenangebote<\/h1><\/div><\/div><\/div>\n<\/div><\/div>\n\n\n\n<div class=\"wp-block-uagb-container uagb-block-b5c4be67 alignfull uagb-is-root-container\"><div class=\"uagb-container-inner-blocks-wrap\">\n<div class=\"wp-block-uagb-container uagb-block-c1080c42 alignfull uagb-is-root-container\"><div class=\"uagb-container-inner-blocks-wrap\">\n<div class=\"wp-block-uagb-container uagb-block-0ab75d57\">\n<h2 class=\"wp-block-heading has-text-align-center\">M\u00f6chten Sie in einem stabilen und angenehmen Arbeitsumfeld arbeiten?<\/h2>\n\n\n\n<p class=\"has-text-align-center\">Wir bieten ein stabiles und angenehmes Arbeitsumfeld, in dem unsere Kunden im Mittelpunkt stehen und unsere Mitarbeiter sich weiterentwickeln k\u00f6nnen. Es gibt immer M\u00f6glichkeiten, nachhaltig zu wachsen, sowohl als Unternehmen als auch als Person. <\/p>\n<\/div>\n<\/div><\/div>\n<\/div><\/div>\n\n\n\n<div class=\"wp-block-uagb-container uagb-block-eb8eaf05 alignfull uagb-is-root-container\"><div class=\"uagb-container-inner-blocks-wrap\">\n<div class=\"wp-block-uagb-container uagb-block-9ffb78e3 alignfull uagb-is-root-container\"><div class=\"uagb-container-inner-blocks-wrap\">\n<div class=\"wp-block-uagb-container uagb-block-8e0ac484\">\n<p>Sie suchen eine herausfordernde T\u00e4tigkeit in einem international t\u00e4tigen Unternehmen, in der Sie sich weiterentwickeln k\u00f6nnen und Karrierechancen haben?<\/p>\n\n\n\n<p>Ein Arbeitsplatz mit hervorragenden Arbeitsbedingungen in einem Unternehmen mit angenehmem Betriebsklima? Dann sind Sie bei uns genau richtig. <\/p>\n\n\n\n<p>Wir suchen regelm\u00e4\u00dfig neue Kollegen mit einer professioneller Einstellung und dem Willen erfolgreich zu sein. Wenn Sie in Chancen und Herausforderungen denken und eine Affinit\u00e4t zu unseren Produkten haben, dann sind wir der richtige Partner f\u00fcr Sie. <\/p>\n\n\n\n<p><\/p>\n<\/div>\n\n\n\n<div class=\"wp-block-uagb-container uagb-block-42290279\">\n<figure class=\"wp-block-image size-full\"><img decoding=\"async\" width=\"509\" height=\"339\" src=\"https:\/\/www.asf-fischer.com\/wp-content\/uploads\/2023\/02\/Afbeelding-23-Klein.jpg\" alt=\"\" class=\"wp-image-8745\" srcset=\"https:\/\/www.asf-fischer.com\/wp-content\/uploads\/2023\/02\/Afbeelding-23-Klein.jpg 509w, https:\/\/www.asf-fischer.com\/wp-content\/uploads\/2023\/02\/Afbeelding-23-Klein-300x200.jpg 300w\" sizes=\"(max-width: 509px) 100vw, 509px\" \/><\/figure>\n<\/div>\n<\/div><\/div>\n<\/div><\/div>\n\n\n\n<div class=\"wp-block-uagb-container uagb-block-c66f06be alignwide uagb-is-root-container\">\n<div class=\"wp-block-uagb-container uagb-block-e113f680 alignfull uagb-is-root-container\"><div class=\"uagb-container-inner-blocks-wrap\">\n<h2 class=\"wp-block-heading has-text-align-center\">Initiativbewerbung<\/h2>\n\n\n\n<p class=\"has-text-align-center has-medium-font-size\">Ist keine passende Stelle dabei? Dann z\u00f6gern Sie nicht und senden Sie eine Initiativbewerbung mit Lebenslauf und Motivation an <a href=\"mailto:vacature@asf-fischer.nl\">vacature@asf-fischer.nl<\/a> z. Hd. An die Personalabteilung oder rufen Sie f\u00fcr weitere Informationen an: <a href=\"tel:+31320285544\">+31 (0) 320-285544<\/a><\/p>\n<\/div><\/div>\n<\/div>\n\n\n\n<div style=\"margin-top:0;margin-bottom:0;height:100px\" aria-hidden=\"true\" class=\"wp-block-spacer\"><\/div>\n","protected":false},"excerpt":{"rendered":"<p>M\u00f6chten Sie in einem stabilen und angenehmen Arbeitsumfeld arbeiten? Wir bieten ein stabiles und angenehmes Arbeitsumfeld, in dem unsere Kunden im Mittelpunkt stehen und unsere Mitarbeiter sich weiterentwickeln k\u00f6nnen. Es gibt immer M\u00f6glichkeiten, nachhaltig zu wachsen, sowohl als Unternehmen als auch als Person. Sie suchen eine herausfordernde T\u00e4tigkeit in einem international t\u00e4tigen Unternehmen, in der [&hellip;]<\/p>\n","protected":false},"author":2,"featured_media":0,"parent":0,"menu_order":0,"comment_status":"closed","ping_status":"closed","template":"","meta":{"_acf_changed":false,"inline_featured_image":false,"_uag_custom_page_level_css":"","site-sidebar-layout":"default","site-content-layout":"","ast-site-content-layout":"default","site-content-style":"default","site-sidebar-style":"default","ast-global-header-display":"","ast-banner-title-visibility":"","ast-main-header-display":"","ast-hfb-above-header-display":"","ast-hfb-below-header-display":"","ast-hfb-mobile-header-display":"","site-post-title":"disabled","ast-breadcrumbs-content":"","ast-featured-img":"","footer-sml-layout":"","ast-disable-related-posts":"","theme-transparent-header-meta":"enabled","adv-header-id-meta":"","stick-header-meta":"","header-above-stick-meta":"","header-main-stick-meta":"","header-below-stick-meta":"","astra-migrate-meta-layouts":"set","ast-page-background-enabled":"default","ast-page-background-meta":{"desktop":{"background-color":"","background-image":"","background-repeat":"repeat","background-position":"center center","background-size":"auto","background-attachment":"scroll","background-type":"","background-media":"","overlay-type":"","overlay-color":"","overlay-opacity":"","overlay-gradient":""},"tablet":{"background-color":"","background-image":"","background-repeat":"repeat","background-position":"center center","background-size":"auto","background-attachment":"scroll","background-type":"","background-media":"","overlay-type":"","overlay-color":"","overlay-opacity":"","overlay-gradient":""},"mobile":{"background-color":"","background-image":"","background-repeat":"repeat","background-position":"center center","background-size":"auto","background-attachment":"scroll","background-type":"","background-media":"","overlay-type":"","overlay-color":"","overlay-opacity":"","overlay-gradient":""}},"ast-content-background-meta":{"desktop":{"background-color":"var(--ast-global-color-5)","background-image":"","background-repeat":"repeat","background-position":"center center","background-size":"auto","background-attachment":"scroll","background-type":"","background-media":"","overlay-type":"","overlay-color":"","overlay-opacity":"","overlay-gradient":""},"tablet":{"background-color":"var(--ast-global-color-5)","background-image":"","background-repeat":"repeat","background-position":"center center","background-size":"auto","background-attachment":"scroll","background-type":"","background-media":"","overlay-type":"","overlay-color":"","overlay-opacity":"","overlay-gradient":""},"mobile":{"background-color":"var(--ast-global-color-5)","background-image":"","background-repeat":"repeat","background-position":"center center","background-size":"auto","background-attachment":"scroll","background-type":"","background-media":"","overlay-type":"","overlay-color":"","overlay-opacity":"","overlay-gradient":""}},"footnotes":""},"class_list":["post-9678","page","type-page","status-publish","hentry"],"acf":[],"yoast_head":"<!-- This site is optimized with the Yoast SEO plugin v27.5 - https:\/\/yoast.com\/product\/yoast-seo-wordpress\/ -->\n<title>Stellenangebote - A.S.F. Fischer<\/title>\n<meta name=\"robots\" content=\"index, follow, max-snippet:-1, max-image-preview:large, max-video-preview:-1\" \/>\n<link rel=\"canonical\" href=\"https:\/\/www.asf-fischer.com\/de\/stellenangebote\/\" \/>\n<meta property=\"og:locale\" content=\"de_DE\" \/>\n<meta property=\"og:type\" content=\"article\" \/>\n<meta property=\"og:title\" content=\"Stellenangebote - A.S.F. Fischer\" \/>\n<meta property=\"og:description\" content=\"M\u00f6chten Sie in einem stabilen und angenehmen Arbeitsumfeld arbeiten? Wir bieten ein stabiles und angenehmes Arbeitsumfeld, in dem unsere Kunden im Mittelpunkt stehen und unsere Mitarbeiter sich weiterentwickeln k\u00f6nnen. Es gibt immer M\u00f6glichkeiten, nachhaltig zu wachsen, sowohl als Unternehmen als auch als Person. Sie suchen eine herausfordernde T\u00e4tigkeit in einem international t\u00e4tigen Unternehmen, in der [&hellip;]\" \/>\n<meta property=\"og:url\" content=\"https:\/\/www.asf-fischer.com\/de\/stellenangebote\/\" \/>\n<meta property=\"og:site_name\" content=\"A.S.F. Fischer\" \/>\n<meta property=\"article:modified_time\" content=\"2026-02-18T15:55:05+00:00\" \/>\n<meta property=\"og:image\" content=\"https:\/\/www.asf-fischer.com\/wp-content\/uploads\/2023\/02\/Afbeelding-23-Klein.jpg\" \/>\n\t<meta property=\"og:image:width\" content=\"509\" \/>\n\t<meta property=\"og:image:height\" content=\"339\" \/>\n\t<meta property=\"og:image:type\" content=\"image\/jpeg\" \/>\n<meta name=\"twitter:card\" content=\"summary_large_image\" \/>\n<meta name=\"twitter:label1\" content=\"Gesch\u00e4tzte Lesezeit\" \/>\n\t<meta name=\"twitter:data1\" content=\"1\u00a0Minute\" \/>\n<script type=\"application\/ld+json\" class=\"yoast-schema-graph\">{\"@context\":\"https:\\\/\\\/schema.org\",\"@graph\":[{\"@type\":\"WebPage\",\"@id\":\"https:\\\/\\\/www.asf-fischer.com\\\/de\\\/stellenangebote\\\/\",\"url\":\"https:\\\/\\\/www.asf-fischer.com\\\/de\\\/stellenangebote\\\/\",\"name\":\"Stellenangebote - A.S.F. Fischer\",\"isPartOf\":{\"@id\":\"https:\\\/\\\/www.asf-fischer.nl\\\/#website\"},\"primaryImageOfPage\":{\"@id\":\"https:\\\/\\\/www.asf-fischer.com\\\/de\\\/stellenangebote\\\/#primaryimage\"},\"image\":{\"@id\":\"https:\\\/\\\/www.asf-fischer.com\\\/de\\\/stellenangebote\\\/#primaryimage\"},\"thumbnailUrl\":\"https:\\\/\\\/www.asf-fischer.com\\\/wp-content\\\/uploads\\\/2023\\\/02\\\/Afbeelding-23-Klein.jpg\",\"datePublished\":\"2023-02-06T15:40:37+00:00\",\"dateModified\":\"2026-02-18T15:55:05+00:00\",\"breadcrumb\":{\"@id\":\"https:\\\/\\\/www.asf-fischer.com\\\/de\\\/stellenangebote\\\/#breadcrumb\"},\"inLanguage\":\"de\",\"potentialAction\":[{\"@type\":\"ReadAction\",\"target\":[\"https:\\\/\\\/www.asf-fischer.com\\\/de\\\/stellenangebote\\\/\"]}]},{\"@type\":\"ImageObject\",\"inLanguage\":\"de\",\"@id\":\"https:\\\/\\\/www.asf-fischer.com\\\/de\\\/stellenangebote\\\/#primaryimage\",\"url\":\"https:\\\/\\\/www.asf-fischer.com\\\/wp-content\\\/uploads\\\/2023\\\/02\\\/Afbeelding-23-Klein.jpg\",\"contentUrl\":\"https:\\\/\\\/www.asf-fischer.com\\\/wp-content\\\/uploads\\\/2023\\\/02\\\/Afbeelding-23-Klein.jpg\"},{\"@type\":\"BreadcrumbList\",\"@id\":\"https:\\\/\\\/www.asf-fischer.com\\\/de\\\/stellenangebote\\\/#breadcrumb\",\"itemListElement\":[{\"@type\":\"ListItem\",\"position\":1,\"name\":\"Home\",\"item\":\"https:\\\/\\\/www.asf-fischer.com\\\/de\\\/\"},{\"@type\":\"ListItem\",\"position\":2,\"name\":\"Stellenangebote\"}]},{\"@type\":\"WebSite\",\"@id\":\"https:\\\/\\\/www.asf-fischer.nl\\\/#website\",\"url\":\"https:\\\/\\\/www.asf-fischer.nl\\\/\",\"name\":\"A.S.F. Fischer\",\"description\":\"Partner in fasteners\",\"publisher\":{\"@id\":\"https:\\\/\\\/www.asf-fischer.nl\\\/#organization\"},\"potentialAction\":[{\"@type\":\"SearchAction\",\"target\":{\"@type\":\"EntryPoint\",\"urlTemplate\":\"https:\\\/\\\/www.asf-fischer.nl\\\/?s={search_term_string}\"},\"query-input\":{\"@type\":\"PropertyValueSpecification\",\"valueRequired\":true,\"valueName\":\"search_term_string\"}}],\"inLanguage\":\"de\"},{\"@type\":\"Organization\",\"@id\":\"https:\\\/\\\/www.asf-fischer.nl\\\/#organization\",\"name\":\"A.S.F. Fischer\",\"url\":\"https:\\\/\\\/www.asf-fischer.nl\\\/\",\"logo\":{\"@type\":\"ImageObject\",\"inLanguage\":\"de\",\"@id\":\"https:\\\/\\\/www.asf-fischer.nl\\\/#\\\/schema\\\/logo\\\/image\\\/\",\"url\":\"https:\\\/\\\/www.asf-fischer.com\\\/wp-content\\\/uploads\\\/2026\\\/01\\\/ASF-Fischer-PIFAT-logo-actueel-e1768991354497-1.svg\",\"contentUrl\":\"https:\\\/\\\/www.asf-fischer.com\\\/wp-content\\\/uploads\\\/2026\\\/01\\\/ASF-Fischer-PIFAT-logo-actueel-e1768991354497-1.svg\",\"caption\":\"A.S.F. Fischer\"},\"image\":{\"@id\":\"https:\\\/\\\/www.asf-fischer.nl\\\/#\\\/schema\\\/logo\\\/image\\\/\"}}]}<\/script>\n<!-- \/ Yoast SEO plugin. -->","yoast_head_json":{"title":"Stellenangebote - A.S.F. Fischer","robots":{"index":"index","follow":"follow","max-snippet":"max-snippet:-1","max-image-preview":"max-image-preview:large","max-video-preview":"max-video-preview:-1"},"canonical":"https:\/\/www.asf-fischer.com\/de\/stellenangebote\/","og_locale":"de_DE","og_type":"article","og_title":"Stellenangebote - A.S.F. Fischer","og_description":"M\u00f6chten Sie in einem stabilen und angenehmen Arbeitsumfeld arbeiten? Wir bieten ein stabiles und angenehmes Arbeitsumfeld, in dem unsere Kunden im Mittelpunkt stehen und unsere Mitarbeiter sich weiterentwickeln k\u00f6nnen. Es gibt immer M\u00f6glichkeiten, nachhaltig zu wachsen, sowohl als Unternehmen als auch als Person. Sie suchen eine herausfordernde T\u00e4tigkeit in einem international t\u00e4tigen Unternehmen, in der [&hellip;]","og_url":"https:\/\/www.asf-fischer.com\/de\/stellenangebote\/","og_site_name":"A.S.F. Fischer","article_modified_time":"2026-02-18T15:55:05+00:00","og_image":[{"width":509,"height":339,"url":"https:\/\/www.asf-fischer.com\/wp-content\/uploads\/2023\/02\/Afbeelding-23-Klein.jpg","type":"image\/jpeg"}],"twitter_card":"summary_large_image","twitter_misc":{"Gesch\u00e4tzte Lesezeit":"1\u00a0Minute"},"schema":{"@context":"https:\/\/schema.org","@graph":[{"@type":"WebPage","@id":"https:\/\/www.asf-fischer.com\/de\/stellenangebote\/","url":"https:\/\/www.asf-fischer.com\/de\/stellenangebote\/","name":"Stellenangebote - A.S.F. Fischer","isPartOf":{"@id":"https:\/\/www.asf-fischer.nl\/#website"},"primaryImageOfPage":{"@id":"https:\/\/www.asf-fischer.com\/de\/stellenangebote\/#primaryimage"},"image":{"@id":"https:\/\/www.asf-fischer.com\/de\/stellenangebote\/#primaryimage"},"thumbnailUrl":"https:\/\/www.asf-fischer.com\/wp-content\/uploads\/2023\/02\/Afbeelding-23-Klein.jpg","datePublished":"2023-02-06T15:40:37+00:00","dateModified":"2026-02-18T15:55:05+00:00","breadcrumb":{"@id":"https:\/\/www.asf-fischer.com\/de\/stellenangebote\/#breadcrumb"},"inLanguage":"de","potentialAction":[{"@type":"ReadAction","target":["https:\/\/www.asf-fischer.com\/de\/stellenangebote\/"]}]},{"@type":"ImageObject","inLanguage":"de","@id":"https:\/\/www.asf-fischer.com\/de\/stellenangebote\/#primaryimage","url":"https:\/\/www.asf-fischer.com\/wp-content\/uploads\/2023\/02\/Afbeelding-23-Klein.jpg","contentUrl":"https:\/\/www.asf-fischer.com\/wp-content\/uploads\/2023\/02\/Afbeelding-23-Klein.jpg"},{"@type":"BreadcrumbList","@id":"https:\/\/www.asf-fischer.com\/de\/stellenangebote\/#breadcrumb","itemListElement":[{"@type":"ListItem","position":1,"name":"Home","item":"https:\/\/www.asf-fischer.com\/de\/"},{"@type":"ListItem","position":2,"name":"Stellenangebote"}]},{"@type":"WebSite","@id":"https:\/\/www.asf-fischer.nl\/#website","url":"https:\/\/www.asf-fischer.nl\/","name":"A.S.F. Fischer","description":"Partner in fasteners","publisher":{"@id":"https:\/\/www.asf-fischer.nl\/#organization"},"potentialAction":[{"@type":"SearchAction","target":{"@type":"EntryPoint","urlTemplate":"https:\/\/www.asf-fischer.nl\/?s={search_term_string}"},"query-input":{"@type":"PropertyValueSpecification","valueRequired":true,"valueName":"search_term_string"}}],"inLanguage":"de"},{"@type":"Organization","@id":"https:\/\/www.asf-fischer.nl\/#organization","name":"A.S.F. Fischer","url":"https:\/\/www.asf-fischer.nl\/","logo":{"@type":"ImageObject","inLanguage":"de","@id":"https:\/\/www.asf-fischer.nl\/#\/schema\/logo\/image\/","url":"https:\/\/www.asf-fischer.com\/wp-content\/uploads\/2026\/01\/ASF-Fischer-PIFAT-logo-actueel-e1768991354497-1.svg","contentUrl":"https:\/\/www.asf-fischer.com\/wp-content\/uploads\/2026\/01\/ASF-Fischer-PIFAT-logo-actueel-e1768991354497-1.svg","caption":"A.S.F. Fischer"},"image":{"@id":"https:\/\/www.asf-fischer.nl\/#\/schema\/logo\/image\/"}}]}},"uagb_featured_image_src":{"full":false,"thumbnail":false,"medium":false,"medium_large":false,"large":false,"1536x1536":false,"2048x2048":false},"uagb_author_info":{"display_name":"Support","author_link":"https:\/\/www.asf-fischer.com\/de\/author\/support\/"},"uagb_comment_info":0,"uagb_excerpt":"M\u00f6chten Sie in einem stabilen und angenehmen Arbeitsumfeld arbeiten? Wir bieten ein stabiles und angenehmes Arbeitsumfeld, in dem unsere Kunden im Mittelpunkt stehen und unsere Mitarbeiter sich weiterentwickeln k\u00f6nnen. Es gibt immer M\u00f6glichkeiten, nachhaltig zu wachsen, sowohl als Unternehmen als auch als Person. Sie suchen eine herausfordernde T\u00e4tigkeit in einem international t\u00e4tigen Unternehmen, in der&hellip;","_links":{"self":[{"href":"https:\/\/www.asf-fischer.com\/de\/wp-json\/wp\/v2\/pages\/9678","targetHints":{"allow":["GET"]}}],"collection":[{"href":"https:\/\/www.asf-fischer.com\/de\/wp-json\/wp\/v2\/pages"}],"about":[{"href":"https:\/\/www.asf-fischer.com\/de\/wp-json\/wp\/v2\/types\/page"}],"author":[{"embeddable":true,"href":"https:\/\/www.asf-fischer.com\/de\/wp-json\/wp\/v2\/users\/2"}],"replies":[{"embeddable":true,"href":"https:\/\/www.asf-fischer.com\/de\/wp-json\/wp\/v2\/comments?post=9678"}],"version-history":[{"count":3,"href":"https:\/\/www.asf-fischer.com\/de\/wp-json\/wp\/v2\/pages\/9678\/revisions"}],"predecessor-version":[{"id":21665,"href":"https:\/\/www.asf-fischer.com\/de\/wp-json\/wp\/v2\/pages\/9678\/revisions\/21665"}],"wp:attachment":[{"href":"https:\/\/www.asf-fischer.com\/de\/wp-json\/wp\/v2\/media?parent=9678"}],"curies":[{"name":"wp","href":"https:\/\/api.w.org\/{rel}","templated":true}]}}