{"id":9694,"date":"2023-02-06T16:52:22","date_gmt":"2023-02-06T15:52:22","guid":{"rendered":"https:\/\/www.asf-fischer.com\/praktikum\/"},"modified":"2023-04-21T14:44:24","modified_gmt":"2023-04-21T12:44:24","slug":"praktikum","status":"publish","type":"page","link":"https:\/\/www.asf-fischer.com\/de\/praktikum\/","title":{"rendered":"Praktikum"},"content":{"rendered":"\n<div class=\"wp-block-uagb-container uagb-block-0025d3f8 alignfull uagb-is-root-container\"><div class=\"uagb-container-inner-blocks-wrap\">\n<div class=\"wp-block-uagb-info-box uagb-block-68e4437e uagb-infobox__content-wrap  uagb-infobox-icon-below-title uagb-infobox-image-valign-top hero-info\"><div class=\"uagb-ifb-content\"><div class=\"uagb-ifb-title-wrap\"><span class=\"uagb-ifb-title-prefix\">      <\/span><h1 class=\"uagb-ifb-title\">Praktikum<\/h1><\/div><\/div><\/div>\n<\/div><\/div>\n\n<div class=\"wp-block-uagb-container uagb-block-3dff203e alignfull uagb-is-root-container\"><div class=\"uagb-container-inner-blocks-wrap\">\n<div class=\"wp-block-uagb-container uagb-block-ce2706ac alignfull uagb-is-root-container\"><div class=\"uagb-container-inner-blocks-wrap\">\n<div class=\"wp-block-uagb-container uagb-block-e4e35b52\">\n<h2 class=\"has-text-align-center wp-block-heading\">Auf der Suche nach einem Praktikum?<\/h2>\n\n\n\n<p class=\"has-text-align-center\">Dann k\u00f6nnte A.S.F. Fischer BV etwas f\u00fcr Sie sein! W\u00e4hrend des ganzen Jahres stellen wir regelm\u00e4\u00dfig motivierte Praktikanten ein.<\/p>\n<\/div>\n<\/div><\/div>\n<\/div><\/div>\n\n<div class=\"wp-block-uagb-container uagb-block-dd0f15de alignfull uagb-is-root-container\"><div class=\"uagb-container-inner-blocks-wrap\">\n<div class=\"wp-block-uagb-container uagb-block-90442b97 alignfull uagb-is-root-container\"><div class=\"uagb-container-inner-blocks-wrap\">\n<div class=\"wp-block-uagb-container uagb-block-31fadf8b\">\n<p>Sie suchen ein herausforderndes Praktikum im kaufm\u00e4nnischen und technischen Umfeld? Dann ist A.S.F. Fischer BV das richtige Unternehmen f\u00fcr Sie. Wir sind ein Anbieter von Verbindungselementen und bieten ein lehrreiches Ausbildungspraktikum, das Sie auf Ihre technische oder kaufm\u00e4nnische Karriere vorbereitet.  <\/p>\n\n\n\n<p>Unsere informelle Organisation bietet Ihnen die M\u00f6glichkeit, auf direkte und pers\u00f6nliche Art zusammenzuarbeiten. So entsteht ein anregendes Umfeld, in dem man viel lernen kann. Wir haben auch eine eigene Akademie, in der wir st\u00e4ndig neue und verbesserte Produkte entwickeln. Sie k\u00f6nnen Teil dieses Prozesses sein und zur Entwicklung oder Vermarktung neuer Verbindungselemente beitragen.   <\/p>\n<\/div>\n\n\n\n<div class=\"wp-block-uagb-container uagb-block-7b252f82\">\n<p>Mit einer langen Geschichte, die bis ins Jahr 1945 zur\u00fcckreicht, haben wir eine F\u00fclle von Erfahrungen und Kenntnissen in der Verbindungselementindustrie aufgebaut. So lernen Sie von Experten auf diesem Gebiet und profitieren von unserem Wissen aus \u00fcber 77 Jahren. Dar\u00fcber hinaus sind wir international ausgerichtet und importieren unsere Materialien aus dem Ausland. Dies bietet Ihnen die M\u00f6glichkeit, internationale Aspekte kennenzulernen und Ihren Horizont zu erweitern.   <\/p>\n\n\n\n<p>Bei uns k\u00f6nnen Sie ein Praktikum absolvieren, dass auf Ihre Bed\u00fcrfnisse und Interessen zugeschnitten ist. Wir begleiten und unterst\u00fctzen Sie, um sicherzustellen, dass Sie ein lehrreiches und angenehmes Praktikum bei uns haben. Dar\u00fcber hinaus bietet Ihnen ein Praktikum in unserem Unternehmen eine tolle M\u00f6glichkeit, Ihrer Karriere zu starten.  <\/p>\n<\/div>\n<\/div><\/div>\n<\/div><\/div>\n\n<div class=\"wp-block-uagb-container uagb-block-08e036df alignfull uagb-is-root-container\"><div class=\"uagb-container-inner-blocks-wrap\">\n<div class=\"wp-block-uagb-container uagb-block-b15250e8 alignfull uagb-is-root-container\"><div class=\"uagb-container-inner-blocks-wrap\">\n<div class=\"wp-block-uagb-container uagb-block-a97db7da\">\n<h3 class=\"has-text-align-center wp-block-heading\">Worauf wartest Sie? Bewerben Sie sich noch heute f\u00fcr ein Praktikum bei A.S.F. Fischer BV und wir freuen uns auf eine lehrreiche Zusammenarbeit!<\/h3>\n<\/div>\n<\/div><\/div>\n<\/div><\/div>\n\n<div class=\"wp-block-uagb-container uagb-block-1333c45a alignfull uagb-is-root-container\"><div class=\"uagb-container-inner-blocks-wrap\">\n<div class=\"wp-block-uagb-container uagb-block-f7332659 alignfull uagb-is-root-container\"><div class=\"uagb-container-inner-blocks-wrap\">\n<div class=\"wp-block-uagb-container uagb-block-84a80666\">\n<h2 class=\"wp-block-heading\">A.S.F. Fischer BV ist ein anerkannter Ausbildungsbetrieb des Kenniscentrum Handel und ECABO.<\/h2>\n\n\n\n<div style=\"margin-top:0;margin-bottom:0;height:20px\" aria-hidden=\"true\" class=\"wp-block-spacer\"><\/div>\n\n\n\n<div class=\"wp-block-columns is-not-stacked-on-mobile is-layout-flex wp-container-core-columns-is-layout-28f84493 wp-block-columns-is-layout-flex\">\n<div class=\"wp-block-column is-layout-flow wp-block-column-is-layout-flow\">\n<figure class=\"wp-block-image size-full is-resized\"><img decoding=\"async\" src=\"https:\/\/www.asf-fischer.com\/wp-content\/uploads\/2023\/02\/kchandel.png\" alt=\"\" class=\"wp-image-8753\" width=\"100\" srcset=\"https:\/\/www.asf-fischer.com\/wp-content\/uploads\/2023\/02\/kchandel.png 225w, https:\/\/www.asf-fischer.com\/wp-content\/uploads\/2023\/02\/kchandel-150x150.png 150w\" sizes=\"(max-width: 225px) 100vw, 225px\" \/><\/figure><\/div>\n\n\n\n<div class=\"wp-block-column is-layout-flow wp-block-column-is-layout-flow\">\n<figure class=\"wp-block-image size-full is-resized\"><img decoding=\"async\" src=\"https:\/\/www.asf-fischer.com\/wp-content\/uploads\/2023\/02\/ecabo-logo-el.jpg\" alt=\"\" class=\"wp-image-8749\" width=\"100\" srcset=\"https:\/\/www.asf-fischer.com\/wp-content\/uploads\/2023\/02\/ecabo-logo-el.jpg 320w, https:\/\/www.asf-fischer.com\/wp-content\/uploads\/2023\/02\/ecabo-logo-el-300x300.jpg 300w, https:\/\/www.asf-fischer.com\/wp-content\/uploads\/2023\/02\/ecabo-logo-el-150x150.jpg 150w\" sizes=\"(max-width: 320px) 100vw, 320px\" \/><\/figure><\/div>\n\n\n\n<div class=\"wp-block-column is-layout-flow wp-block-column-is-layout-flow\"><\/div>\n\n\n\n<div class=\"wp-block-column is-layout-flow wp-block-column-is-layout-flow\"><\/div>\n<\/div>\n<\/div>\n\n\n\n<div class=\"wp-block-uagb-container uagb-block-af28c57c\">\n<figure class=\"wp-block-image aligncenter size-full\"><img decoding=\"async\" width=\"509\" height=\"339\" src=\"https:\/\/www.asf-fischer.com\/wp-content\/uploads\/2023\/02\/Afbeelding-23-Klein.jpg\" alt=\"\" class=\"wp-image-8745\" srcset=\"https:\/\/www.asf-fischer.com\/wp-content\/uploads\/2023\/02\/Afbeelding-23-Klein.jpg 509w, https:\/\/www.asf-fischer.com\/wp-content\/uploads\/2023\/02\/Afbeelding-23-Klein-300x200.jpg 300w\" sizes=\"(max-width: 509px) 100vw, 509px\" \/><\/figure><\/div>\n<\/div><\/div>\n<\/div><\/div>\n\n<div class=\"wp-block-uagb-container uagb-block-eb838737 alignwide uagb-is-root-container\">\n<div class=\"wp-block-uagb-container uagb-block-075a5fb8 alignfull uagb-is-root-container\"><div class=\"uagb-container-inner-blocks-wrap\">\n<h2 class=\"has-text-align-center wp-block-heading\">Jetzt bewerben!<\/h2>\n\n\n\n<p class=\"has-text-align-center\">Senden Sie Ihr Motivationsschreiben und Ihren Lebenslauf an <a href=\"mailto:vacature@asf-fischer.nl\">vacature@asf-fischer.nl<\/a> zu H\u00e4nden der Personalabteilung oder rufen Sie f\u00fcr weitere Informationen an: <a href=\"tel:+31320285544\">+31 (0) 320-285544<\/a>.<\/p>\n\n\n\n<p class=\"has-text-align-center\">Geben Sie deutlich den Namen Ihres Studiengangs und die beabsichtigten Praktikumsziele an.<\/p>\n<\/div><\/div>\n<\/div>\n\n<div style=\"margin-top:0;margin-bottom:0;height:100px\" aria-hidden=\"true\" class=\"wp-block-spacer\"><\/div>\n","protected":false},"excerpt":{"rendered":"<p>Auf der Suche nach einem Praktikum? Dann k\u00f6nnte A.S.F. Fischer BV etwas f\u00fcr Sie sein! W\u00e4hrend des ganzen Jahres stellen wir regelm\u00e4\u00dfig motivierte Praktikanten ein. Sie suchen ein herausforderndes Praktikum im kaufm\u00e4nnischen und technischen Umfeld? Dann ist A.S.F. Fischer BV das richtige Unternehmen f\u00fcr Sie. Wir sind ein Anbieter von Verbindungselementen und bieten ein lehrreiches [&hellip;]<\/p>\n","protected":false},"author":2,"featured_media":0,"parent":0,"menu_order":0,"comment_status":"closed","ping_status":"closed","template":"","meta":{"_acf_changed":false,"inline_featured_image":false,"_uag_custom_page_level_css":"","site-sidebar-layout":"default","site-content-layout":"","ast-site-content-layout":"default","site-content-style":"default","site-sidebar-style":"default","ast-global-header-display":"","ast-banner-title-visibility":"","ast-main-header-display":"","ast-hfb-above-header-display":"","ast-hfb-below-header-display":"","ast-hfb-mobile-header-display":"","site-post-title":"disabled","ast-breadcrumbs-content":"","ast-featured-img":"","footer-sml-layout":"","ast-disable-related-posts":"","theme-transparent-header-meta":"enabled","adv-header-id-meta":"","stick-header-meta":"","header-above-stick-meta":"","header-main-stick-meta":"","header-below-stick-meta":"","astra-migrate-meta-layouts":"default","ast-page-background-enabled":"default","ast-page-background-meta":{"desktop":{"background-color":"","background-image":"","background-repeat":"repeat","background-position":"center center","background-size":"auto","background-attachment":"scroll","background-type":"","background-media":"","overlay-type":"","overlay-color":"","overlay-opacity":"","overlay-gradient":""},"tablet":{"background-color":"","background-image":"","background-repeat":"repeat","background-position":"center center","background-size":"auto","background-attachment":"scroll","background-type":"","background-media":"","overlay-type":"","overlay-color":"","overlay-opacity":"","overlay-gradient":""},"mobile":{"background-color":"","background-image":"","background-repeat":"repeat","background-position":"center center","background-size":"auto","background-attachment":"scroll","background-type":"","background-media":"","overlay-type":"","overlay-color":"","overlay-opacity":"","overlay-gradient":""}},"ast-content-background-meta":{"desktop":{"background-color":"var(--ast-global-color-5)","background-image":"","background-repeat":"repeat","background-position":"center center","background-size":"auto","background-attachment":"scroll","background-type":"","background-media":"","overlay-type":"","overlay-color":"","overlay-opacity":"","overlay-gradient":""},"tablet":{"background-color":"var(--ast-global-color-5)","background-image":"","background-repeat":"repeat","background-position":"center center","background-size":"auto","background-attachment":"scroll","background-type":"","background-media":"","overlay-type":"","overlay-color":"","overlay-opacity":"","overlay-gradient":""},"mobile":{"background-color":"var(--ast-global-color-5)","background-image":"","background-repeat":"repeat","background-position":"center center","background-size":"auto","background-attachment":"scroll","background-type":"","background-media":"","overlay-type":"","overlay-color":"","overlay-opacity":"","overlay-gradient":""}},"footnotes":""},"class_list":["post-9694","page","type-page","status-publish","hentry"],"acf":[],"yoast_head":"<!-- This site is optimized with the Yoast SEO plugin v27.4 - https:\/\/yoast.com\/product\/yoast-seo-wordpress\/ -->\n<title>Praktikum - A.S.F. Fischer<\/title>\n<meta name=\"robots\" content=\"index, follow, max-snippet:-1, max-image-preview:large, max-video-preview:-1\" \/>\n<link rel=\"canonical\" href=\"https:\/\/www.asf-fischer.com\/de\/praktikum\/\" \/>\n<meta property=\"og:locale\" content=\"de_DE\" \/>\n<meta property=\"og:type\" content=\"article\" \/>\n<meta property=\"og:title\" content=\"Praktikum - A.S.F. Fischer\" \/>\n<meta property=\"og:description\" content=\"Auf der Suche nach einem Praktikum? Dann k\u00f6nnte A.S.F. Fischer BV etwas f\u00fcr Sie sein! W\u00e4hrend des ganzen Jahres stellen wir regelm\u00e4\u00dfig motivierte Praktikanten ein. Sie suchen ein herausforderndes Praktikum im kaufm\u00e4nnischen und technischen Umfeld? Dann ist A.S.F. Fischer BV das richtige Unternehmen f\u00fcr Sie. Wir sind ein Anbieter von Verbindungselementen und bieten ein lehrreiches [&hellip;]\" \/>\n<meta property=\"og:url\" content=\"https:\/\/www.asf-fischer.com\/de\/praktikum\/\" \/>\n<meta property=\"og:site_name\" content=\"A.S.F. Fischer\" \/>\n<meta property=\"article:modified_time\" content=\"2023-04-21T12:44:24+00:00\" \/>\n<meta property=\"og:image\" content=\"https:\/\/www.asf-fischer.nl\/wp-content\/uploads\/2023\/02\/kchandel.png\" \/>\n<meta name=\"twitter:card\" content=\"summary_large_image\" \/>\n<meta name=\"twitter:label1\" content=\"Gesch\u00e4tzte Lesezeit\" \/>\n\t<meta name=\"twitter:data1\" content=\"2\u00a0Minuten\" \/>\n<script type=\"application\/ld+json\" class=\"yoast-schema-graph\">{\"@context\":\"https:\\\/\\\/schema.org\",\"@graph\":[{\"@type\":\"WebPage\",\"@id\":\"https:\\\/\\\/www.asf-fischer.com\\\/de\\\/praktikum\\\/\",\"url\":\"https:\\\/\\\/www.asf-fischer.com\\\/de\\\/praktikum\\\/\",\"name\":\"Praktikum - A.S.F. Fischer\",\"isPartOf\":{\"@id\":\"https:\\\/\\\/www.asf-fischer.nl\\\/#website\"},\"primaryImageOfPage\":{\"@id\":\"https:\\\/\\\/www.asf-fischer.com\\\/de\\\/praktikum\\\/#primaryimage\"},\"image\":{\"@id\":\"https:\\\/\\\/www.asf-fischer.com\\\/de\\\/praktikum\\\/#primaryimage\"},\"thumbnailUrl\":\"https:\\\/\\\/www.asf-fischer.com\\\/wp-content\\\/uploads\\\/2023\\\/02\\\/kchandel.png\",\"datePublished\":\"2023-02-06T15:52:22+00:00\",\"dateModified\":\"2023-04-21T12:44:24+00:00\",\"breadcrumb\":{\"@id\":\"https:\\\/\\\/www.asf-fischer.com\\\/de\\\/praktikum\\\/#breadcrumb\"},\"inLanguage\":\"de\",\"potentialAction\":[{\"@type\":\"ReadAction\",\"target\":[\"https:\\\/\\\/www.asf-fischer.com\\\/de\\\/praktikum\\\/\"]}]},{\"@type\":\"ImageObject\",\"inLanguage\":\"de\",\"@id\":\"https:\\\/\\\/www.asf-fischer.com\\\/de\\\/praktikum\\\/#primaryimage\",\"url\":\"https:\\\/\\\/www.asf-fischer.com\\\/wp-content\\\/uploads\\\/2023\\\/02\\\/kchandel.png\",\"contentUrl\":\"https:\\\/\\\/www.asf-fischer.com\\\/wp-content\\\/uploads\\\/2023\\\/02\\\/kchandel.png\"},{\"@type\":\"BreadcrumbList\",\"@id\":\"https:\\\/\\\/www.asf-fischer.com\\\/de\\\/praktikum\\\/#breadcrumb\",\"itemListElement\":[{\"@type\":\"ListItem\",\"position\":1,\"name\":\"Home\",\"item\":\"https:\\\/\\\/www.asf-fischer.com\\\/de\\\/\"},{\"@type\":\"ListItem\",\"position\":2,\"name\":\"Praktikum\"}]},{\"@type\":\"WebSite\",\"@id\":\"https:\\\/\\\/www.asf-fischer.nl\\\/#website\",\"url\":\"https:\\\/\\\/www.asf-fischer.nl\\\/\",\"name\":\"A.S.F. Fischer\",\"description\":\"Partner in fasteners\",\"publisher\":{\"@id\":\"https:\\\/\\\/www.asf-fischer.nl\\\/#organization\"},\"potentialAction\":[{\"@type\":\"SearchAction\",\"target\":{\"@type\":\"EntryPoint\",\"urlTemplate\":\"https:\\\/\\\/www.asf-fischer.nl\\\/?s={search_term_string}\"},\"query-input\":{\"@type\":\"PropertyValueSpecification\",\"valueRequired\":true,\"valueName\":\"search_term_string\"}}],\"inLanguage\":\"de\"},{\"@type\":\"Organization\",\"@id\":\"https:\\\/\\\/www.asf-fischer.nl\\\/#organization\",\"name\":\"A.S.F. Fischer\",\"url\":\"https:\\\/\\\/www.asf-fischer.nl\\\/\",\"logo\":{\"@type\":\"ImageObject\",\"inLanguage\":\"de\",\"@id\":\"https:\\\/\\\/www.asf-fischer.nl\\\/#\\\/schema\\\/logo\\\/image\\\/\",\"url\":\"https:\\\/\\\/www.asf-fischer.com\\\/wp-content\\\/uploads\\\/2026\\\/01\\\/ASF-Fischer-PIFAT-logo-actueel-e1768991354497-1.svg\",\"contentUrl\":\"https:\\\/\\\/www.asf-fischer.com\\\/wp-content\\\/uploads\\\/2026\\\/01\\\/ASF-Fischer-PIFAT-logo-actueel-e1768991354497-1.svg\",\"caption\":\"A.S.F. Fischer\"},\"image\":{\"@id\":\"https:\\\/\\\/www.asf-fischer.nl\\\/#\\\/schema\\\/logo\\\/image\\\/\"}}]}<\/script>\n<!-- \/ Yoast SEO plugin. -->","yoast_head_json":{"title":"Praktikum - A.S.F. Fischer","robots":{"index":"index","follow":"follow","max-snippet":"max-snippet:-1","max-image-preview":"max-image-preview:large","max-video-preview":"max-video-preview:-1"},"canonical":"https:\/\/www.asf-fischer.com\/de\/praktikum\/","og_locale":"de_DE","og_type":"article","og_title":"Praktikum - A.S.F. Fischer","og_description":"Auf der Suche nach einem Praktikum? Dann k\u00f6nnte A.S.F. Fischer BV etwas f\u00fcr Sie sein! W\u00e4hrend des ganzen Jahres stellen wir regelm\u00e4\u00dfig motivierte Praktikanten ein. Sie suchen ein herausforderndes Praktikum im kaufm\u00e4nnischen und technischen Umfeld? Dann ist A.S.F. Fischer BV das richtige Unternehmen f\u00fcr Sie. Wir sind ein Anbieter von Verbindungselementen und bieten ein lehrreiches [&hellip;]","og_url":"https:\/\/www.asf-fischer.com\/de\/praktikum\/","og_site_name":"A.S.F. Fischer","article_modified_time":"2023-04-21T12:44:24+00:00","og_image":[{"url":"https:\/\/www.asf-fischer.nl\/wp-content\/uploads\/2023\/02\/kchandel.png","type":"","width":"","height":""}],"twitter_card":"summary_large_image","twitter_misc":{"Gesch\u00e4tzte Lesezeit":"2\u00a0Minuten"},"schema":{"@context":"https:\/\/schema.org","@graph":[{"@type":"WebPage","@id":"https:\/\/www.asf-fischer.com\/de\/praktikum\/","url":"https:\/\/www.asf-fischer.com\/de\/praktikum\/","name":"Praktikum - A.S.F. Fischer","isPartOf":{"@id":"https:\/\/www.asf-fischer.nl\/#website"},"primaryImageOfPage":{"@id":"https:\/\/www.asf-fischer.com\/de\/praktikum\/#primaryimage"},"image":{"@id":"https:\/\/www.asf-fischer.com\/de\/praktikum\/#primaryimage"},"thumbnailUrl":"https:\/\/www.asf-fischer.com\/wp-content\/uploads\/2023\/02\/kchandel.png","datePublished":"2023-02-06T15:52:22+00:00","dateModified":"2023-04-21T12:44:24+00:00","breadcrumb":{"@id":"https:\/\/www.asf-fischer.com\/de\/praktikum\/#breadcrumb"},"inLanguage":"de","potentialAction":[{"@type":"ReadAction","target":["https:\/\/www.asf-fischer.com\/de\/praktikum\/"]}]},{"@type":"ImageObject","inLanguage":"de","@id":"https:\/\/www.asf-fischer.com\/de\/praktikum\/#primaryimage","url":"https:\/\/www.asf-fischer.com\/wp-content\/uploads\/2023\/02\/kchandel.png","contentUrl":"https:\/\/www.asf-fischer.com\/wp-content\/uploads\/2023\/02\/kchandel.png"},{"@type":"BreadcrumbList","@id":"https:\/\/www.asf-fischer.com\/de\/praktikum\/#breadcrumb","itemListElement":[{"@type":"ListItem","position":1,"name":"Home","item":"https:\/\/www.asf-fischer.com\/de\/"},{"@type":"ListItem","position":2,"name":"Praktikum"}]},{"@type":"WebSite","@id":"https:\/\/www.asf-fischer.nl\/#website","url":"https:\/\/www.asf-fischer.nl\/","name":"A.S.F. Fischer","description":"Partner in fasteners","publisher":{"@id":"https:\/\/www.asf-fischer.nl\/#organization"},"potentialAction":[{"@type":"SearchAction","target":{"@type":"EntryPoint","urlTemplate":"https:\/\/www.asf-fischer.nl\/?s={search_term_string}"},"query-input":{"@type":"PropertyValueSpecification","valueRequired":true,"valueName":"search_term_string"}}],"inLanguage":"de"},{"@type":"Organization","@id":"https:\/\/www.asf-fischer.nl\/#organization","name":"A.S.F. Fischer","url":"https:\/\/www.asf-fischer.nl\/","logo":{"@type":"ImageObject","inLanguage":"de","@id":"https:\/\/www.asf-fischer.nl\/#\/schema\/logo\/image\/","url":"https:\/\/www.asf-fischer.com\/wp-content\/uploads\/2026\/01\/ASF-Fischer-PIFAT-logo-actueel-e1768991354497-1.svg","contentUrl":"https:\/\/www.asf-fischer.com\/wp-content\/uploads\/2026\/01\/ASF-Fischer-PIFAT-logo-actueel-e1768991354497-1.svg","caption":"A.S.F. Fischer"},"image":{"@id":"https:\/\/www.asf-fischer.nl\/#\/schema\/logo\/image\/"}}]}},"uagb_featured_image_src":{"full":false,"thumbnail":false,"medium":false,"medium_large":false,"large":false,"1536x1536":false,"2048x2048":false},"uagb_author_info":{"display_name":"Support","author_link":"https:\/\/www.asf-fischer.com\/de\/author\/support\/"},"uagb_comment_info":0,"uagb_excerpt":"Auf der Suche nach einem Praktikum? Dann k\u00f6nnte A.S.F. Fischer BV etwas f\u00fcr Sie sein! W\u00e4hrend des ganzen Jahres stellen wir regelm\u00e4\u00dfig motivierte Praktikanten ein. Sie suchen ein herausforderndes Praktikum im kaufm\u00e4nnischen und technischen Umfeld? Dann ist A.S.F. Fischer BV das richtige Unternehmen f\u00fcr Sie. Wir sind ein Anbieter von Verbindungselementen und bieten ein lehrreiches&hellip;","_links":{"self":[{"href":"https:\/\/www.asf-fischer.com\/de\/wp-json\/wp\/v2\/pages\/9694","targetHints":{"allow":["GET"]}}],"collection":[{"href":"https:\/\/www.asf-fischer.com\/de\/wp-json\/wp\/v2\/pages"}],"about":[{"href":"https:\/\/www.asf-fischer.com\/de\/wp-json\/wp\/v2\/types\/page"}],"author":[{"embeddable":true,"href":"https:\/\/www.asf-fischer.com\/de\/wp-json\/wp\/v2\/users\/2"}],"replies":[{"embeddable":true,"href":"https:\/\/www.asf-fischer.com\/de\/wp-json\/wp\/v2\/comments?post=9694"}],"version-history":[{"count":1,"href":"https:\/\/www.asf-fischer.com\/de\/wp-json\/wp\/v2\/pages\/9694\/revisions"}],"predecessor-version":[{"id":9695,"href":"https:\/\/www.asf-fischer.com\/de\/wp-json\/wp\/v2\/pages\/9694\/revisions\/9695"}],"wp:attachment":[{"href":"https:\/\/www.asf-fischer.com\/de\/wp-json\/wp\/v2\/media?parent=9694"}],"curies":[{"name":"wp","href":"https:\/\/api.w.org\/{rel}","templated":true}]}}