{"id":9739,"date":"2023-02-07T16:35:01","date_gmt":"2023-02-07T15:35:01","guid":{"rendered":"https:\/\/www.asf-fischer.com\/disclaimer\/"},"modified":"2023-05-12T15:04:32","modified_gmt":"2023-05-12T13:04:32","slug":"disclaimer","status":"publish","type":"page","link":"https:\/\/www.asf-fischer.com\/de\/disclaimer\/","title":{"rendered":"Haftungsausschluss"},"content":{"rendered":"\n<div class=\"wp-block-uagb-container uagb-block-f2377da5 alignfull uagb-is-root-container\"><div class=\"uagb-container-inner-blocks-wrap\">\n<div class=\"wp-block-uagb-info-box uagb-block-800e05b4 uagb-infobox__content-wrap  uagb-infobox-icon-below-title uagb-infobox-image-valign-top hero-info\"><div class=\"uagb-ifb-content\"><div class=\"uagb-ifb-title-wrap\"><span class=\"uagb-ifb-title-prefix\">      <\/span><h1 class=\"uagb-ifb-title\">Haftungsausschluss<\/h1><\/div><\/div><\/div>\n<\/div><\/div>\n\n<div class=\"wp-block-uagb-container uagb-block-2c71b2fb alignfull uagb-is-root-container\"><div class=\"uagb-container-inner-blocks-wrap\">\n<div class=\"wp-block-uagb-container uagb-block-1b31f9bf alignfull uagb-is-root-container\"><div class=\"uagb-container-inner-blocks-wrap\">\n<div class=\"wp-block-uagb-container uagb-block-fb8bc150\">\n<p>A.S.F. FISCHER BV hat alles daf\u00fcr getan, um sicherzustellen, dass die \u00fcber diese Website im Internet bereitgestellten Informationen zum Zeitpunkt ihrer Aufnahme in die Website korrekt sind. Es k\u00f6nnen jedoch unbeabsichtigte und zuf\u00e4llige Fehler auftreten, f\u00fcr die sich A.S.F. FISCHER BV entschuldigt. <\/p>\n\n\n\n<p> A.S.F. FISCHER BV gibt keine Zusicherungen oder Gew\u00e4hrleistungen in Bezug auf die auf dieser Website bereitgestellten Informationen und beh\u00e4lt sich das Recht vor, jederzeit \u00c4nderungen und Korrekturen ohne Vorank\u00fcndigung vorzunehmen. A.S.F. FISCHER BV haftet nicht f\u00fcr Ungenauigkeiten oder Auslassungen auf der Website von A.S.F. FISCHER BV, und der Besucher allein ist verantwortlich f\u00fcr Entscheidungen, die auf den Informationen beruhen, die auf der Website von A.S.F. FISCHER BV stehen.<\/p>\n\n\n\n<p>A.S.F. FISCHER BV haftet nicht f\u00fcr direkte, indirekte, mittelbare, spezielle oder zuf\u00e4llige Sch\u00e4den oder Folgesch\u00e4den &#8211; gleich welcher Art und aus welchem Grund auch immer &#8211; als Ergebnis der Nutzung der Informationen, die &#8211; entweder direkt oder indirekt &#8211; \u00fcber die Website von A.S.F. FISCHER BV bereitgestellt werden.<\/p>\n<\/div>\n<\/div><\/div>\n<\/div><\/div>\n\n<div style=\"margin-top:0;margin-bottom:0;height:100px\" aria-hidden=\"true\" class=\"wp-block-spacer\"><\/div>\n","protected":false},"excerpt":{"rendered":"<p>A.S.F. FISCHER BV hat alles daf\u00fcr getan, um sicherzustellen, dass die \u00fcber diese Website im Internet bereitgestellten Informationen zum Zeitpunkt ihrer Aufnahme in die Website korrekt sind. Es k\u00f6nnen jedoch unbeabsichtigte und zuf\u00e4llige Fehler auftreten, f\u00fcr die sich A.S.F. FISCHER BV entschuldigt. A.S.F. FISCHER BV gibt keine Zusicherungen oder Gew\u00e4hrleistungen in Bezug auf die auf [&hellip;]<\/p>\n","protected":false},"author":2,"featured_media":0,"parent":0,"menu_order":0,"comment_status":"closed","ping_status":"closed","template":"","meta":{"_acf_changed":false,"inline_featured_image":false,"_uag_custom_page_level_css":"","site-sidebar-layout":"default","site-content-layout":"","ast-site-content-layout":"default","site-content-style":"default","site-sidebar-style":"default","ast-global-header-display":"","ast-banner-title-visibility":"","ast-main-header-display":"","ast-hfb-above-header-display":"","ast-hfb-below-header-display":"","ast-hfb-mobile-header-display":"","site-post-title":"disabled","ast-breadcrumbs-content":"","ast-featured-img":"","footer-sml-layout":"","ast-disable-related-posts":"","theme-transparent-header-meta":"enabled","adv-header-id-meta":"","stick-header-meta":"","header-above-stick-meta":"","header-main-stick-meta":"","header-below-stick-meta":"","astra-migrate-meta-layouts":"default","ast-page-background-enabled":"default","ast-page-background-meta":{"desktop":{"background-color":"","background-image":"","background-repeat":"repeat","background-position":"center center","background-size":"auto","background-attachment":"scroll","background-type":"","background-media":"","overlay-type":"","overlay-color":"","overlay-opacity":"","overlay-gradient":""},"tablet":{"background-color":"","background-image":"","background-repeat":"repeat","background-position":"center center","background-size":"auto","background-attachment":"scroll","background-type":"","background-media":"","overlay-type":"","overlay-color":"","overlay-opacity":"","overlay-gradient":""},"mobile":{"background-color":"","background-image":"","background-repeat":"repeat","background-position":"center center","background-size":"auto","background-attachment":"scroll","background-type":"","background-media":"","overlay-type":"","overlay-color":"","overlay-opacity":"","overlay-gradient":""}},"ast-content-background-meta":{"desktop":{"background-color":"var(--ast-global-color-5)","background-image":"","background-repeat":"repeat","background-position":"center center","background-size":"auto","background-attachment":"scroll","background-type":"","background-media":"","overlay-type":"","overlay-color":"","overlay-opacity":"","overlay-gradient":""},"tablet":{"background-color":"var(--ast-global-color-5)","background-image":"","background-repeat":"repeat","background-position":"center center","background-size":"auto","background-attachment":"scroll","background-type":"","background-media":"","overlay-type":"","overlay-color":"","overlay-opacity":"","overlay-gradient":""},"mobile":{"background-color":"var(--ast-global-color-5)","background-image":"","background-repeat":"repeat","background-position":"center center","background-size":"auto","background-attachment":"scroll","background-type":"","background-media":"","overlay-type":"","overlay-color":"","overlay-opacity":"","overlay-gradient":""}},"footnotes":""},"class_list":["post-9739","page","type-page","status-publish","hentry"],"acf":[],"yoast_head":"<!-- This site is optimized with the Yoast SEO plugin v27.4 - https:\/\/yoast.com\/product\/yoast-seo-wordpress\/ -->\n<title>Haftungsausschluss - A.S.F. Fischer<\/title>\n<meta name=\"robots\" content=\"index, follow, max-snippet:-1, max-image-preview:large, max-video-preview:-1\" \/>\n<link rel=\"canonical\" href=\"https:\/\/www.asf-fischer.com\/de\/disclaimer\/\" \/>\n<meta property=\"og:locale\" content=\"de_DE\" \/>\n<meta property=\"og:type\" content=\"article\" \/>\n<meta property=\"og:title\" content=\"Haftungsausschluss - A.S.F. Fischer\" \/>\n<meta property=\"og:description\" content=\"A.S.F. FISCHER BV hat alles daf\u00fcr getan, um sicherzustellen, dass die \u00fcber diese Website im Internet bereitgestellten Informationen zum Zeitpunkt ihrer Aufnahme in die Website korrekt sind. Es k\u00f6nnen jedoch unbeabsichtigte und zuf\u00e4llige Fehler auftreten, f\u00fcr die sich A.S.F. FISCHER BV entschuldigt. A.S.F. FISCHER BV gibt keine Zusicherungen oder Gew\u00e4hrleistungen in Bezug auf die auf [&hellip;]\" \/>\n<meta property=\"og:url\" content=\"https:\/\/www.asf-fischer.com\/de\/disclaimer\/\" \/>\n<meta property=\"og:site_name\" content=\"A.S.F. Fischer\" \/>\n<meta property=\"article:modified_time\" content=\"2023-05-12T13:04:32+00:00\" \/>\n<meta name=\"twitter:card\" content=\"summary_large_image\" \/>\n<meta name=\"twitter:label1\" content=\"Gesch\u00e4tzte Lesezeit\" \/>\n\t<meta name=\"twitter:data1\" content=\"1\u00a0Minute\" \/>\n<script type=\"application\/ld+json\" class=\"yoast-schema-graph\">{\"@context\":\"https:\\\/\\\/schema.org\",\"@graph\":[{\"@type\":\"WebPage\",\"@id\":\"https:\\\/\\\/www.asf-fischer.com\\\/de\\\/disclaimer\\\/\",\"url\":\"https:\\\/\\\/www.asf-fischer.com\\\/de\\\/disclaimer\\\/\",\"name\":\"Haftungsausschluss - A.S.F. Fischer\",\"isPartOf\":{\"@id\":\"https:\\\/\\\/www.asf-fischer.nl\\\/#website\"},\"datePublished\":\"2023-02-07T15:35:01+00:00\",\"dateModified\":\"2023-05-12T13:04:32+00:00\",\"breadcrumb\":{\"@id\":\"https:\\\/\\\/www.asf-fischer.com\\\/de\\\/disclaimer\\\/#breadcrumb\"},\"inLanguage\":\"de\",\"potentialAction\":[{\"@type\":\"ReadAction\",\"target\":[\"https:\\\/\\\/www.asf-fischer.com\\\/de\\\/disclaimer\\\/\"]}]},{\"@type\":\"BreadcrumbList\",\"@id\":\"https:\\\/\\\/www.asf-fischer.com\\\/de\\\/disclaimer\\\/#breadcrumb\",\"itemListElement\":[{\"@type\":\"ListItem\",\"position\":1,\"name\":\"Home\",\"item\":\"https:\\\/\\\/www.asf-fischer.com\\\/de\\\/\"},{\"@type\":\"ListItem\",\"position\":2,\"name\":\"Haftungsausschluss\"}]},{\"@type\":\"WebSite\",\"@id\":\"https:\\\/\\\/www.asf-fischer.nl\\\/#website\",\"url\":\"https:\\\/\\\/www.asf-fischer.nl\\\/\",\"name\":\"A.S.F. Fischer\",\"description\":\"Partner in fasteners\",\"publisher\":{\"@id\":\"https:\\\/\\\/www.asf-fischer.nl\\\/#organization\"},\"potentialAction\":[{\"@type\":\"SearchAction\",\"target\":{\"@type\":\"EntryPoint\",\"urlTemplate\":\"https:\\\/\\\/www.asf-fischer.nl\\\/?s={search_term_string}\"},\"query-input\":{\"@type\":\"PropertyValueSpecification\",\"valueRequired\":true,\"valueName\":\"search_term_string\"}}],\"inLanguage\":\"de\"},{\"@type\":\"Organization\",\"@id\":\"https:\\\/\\\/www.asf-fischer.nl\\\/#organization\",\"name\":\"A.S.F. Fischer\",\"url\":\"https:\\\/\\\/www.asf-fischer.nl\\\/\",\"logo\":{\"@type\":\"ImageObject\",\"inLanguage\":\"de\",\"@id\":\"https:\\\/\\\/www.asf-fischer.nl\\\/#\\\/schema\\\/logo\\\/image\\\/\",\"url\":\"https:\\\/\\\/www.asf-fischer.com\\\/wp-content\\\/uploads\\\/2026\\\/01\\\/ASF-Fischer-PIFAT-logo-actueel-e1768991354497-1.svg\",\"contentUrl\":\"https:\\\/\\\/www.asf-fischer.com\\\/wp-content\\\/uploads\\\/2026\\\/01\\\/ASF-Fischer-PIFAT-logo-actueel-e1768991354497-1.svg\",\"caption\":\"A.S.F. Fischer\"},\"image\":{\"@id\":\"https:\\\/\\\/www.asf-fischer.nl\\\/#\\\/schema\\\/logo\\\/image\\\/\"}}]}<\/script>\n<!-- \/ Yoast SEO plugin. -->","yoast_head_json":{"title":"Haftungsausschluss - A.S.F. Fischer","robots":{"index":"index","follow":"follow","max-snippet":"max-snippet:-1","max-image-preview":"max-image-preview:large","max-video-preview":"max-video-preview:-1"},"canonical":"https:\/\/www.asf-fischer.com\/de\/disclaimer\/","og_locale":"de_DE","og_type":"article","og_title":"Haftungsausschluss - A.S.F. Fischer","og_description":"A.S.F. FISCHER BV hat alles daf\u00fcr getan, um sicherzustellen, dass die \u00fcber diese Website im Internet bereitgestellten Informationen zum Zeitpunkt ihrer Aufnahme in die Website korrekt sind. Es k\u00f6nnen jedoch unbeabsichtigte und zuf\u00e4llige Fehler auftreten, f\u00fcr die sich A.S.F. FISCHER BV entschuldigt. A.S.F. FISCHER BV gibt keine Zusicherungen oder Gew\u00e4hrleistungen in Bezug auf die auf [&hellip;]","og_url":"https:\/\/www.asf-fischer.com\/de\/disclaimer\/","og_site_name":"A.S.F. Fischer","article_modified_time":"2023-05-12T13:04:32+00:00","twitter_card":"summary_large_image","twitter_misc":{"Gesch\u00e4tzte Lesezeit":"1\u00a0Minute"},"schema":{"@context":"https:\/\/schema.org","@graph":[{"@type":"WebPage","@id":"https:\/\/www.asf-fischer.com\/de\/disclaimer\/","url":"https:\/\/www.asf-fischer.com\/de\/disclaimer\/","name":"Haftungsausschluss - A.S.F. Fischer","isPartOf":{"@id":"https:\/\/www.asf-fischer.nl\/#website"},"datePublished":"2023-02-07T15:35:01+00:00","dateModified":"2023-05-12T13:04:32+00:00","breadcrumb":{"@id":"https:\/\/www.asf-fischer.com\/de\/disclaimer\/#breadcrumb"},"inLanguage":"de","potentialAction":[{"@type":"ReadAction","target":["https:\/\/www.asf-fischer.com\/de\/disclaimer\/"]}]},{"@type":"BreadcrumbList","@id":"https:\/\/www.asf-fischer.com\/de\/disclaimer\/#breadcrumb","itemListElement":[{"@type":"ListItem","position":1,"name":"Home","item":"https:\/\/www.asf-fischer.com\/de\/"},{"@type":"ListItem","position":2,"name":"Haftungsausschluss"}]},{"@type":"WebSite","@id":"https:\/\/www.asf-fischer.nl\/#website","url":"https:\/\/www.asf-fischer.nl\/","name":"A.S.F. Fischer","description":"Partner in fasteners","publisher":{"@id":"https:\/\/www.asf-fischer.nl\/#organization"},"potentialAction":[{"@type":"SearchAction","target":{"@type":"EntryPoint","urlTemplate":"https:\/\/www.asf-fischer.nl\/?s={search_term_string}"},"query-input":{"@type":"PropertyValueSpecification","valueRequired":true,"valueName":"search_term_string"}}],"inLanguage":"de"},{"@type":"Organization","@id":"https:\/\/www.asf-fischer.nl\/#organization","name":"A.S.F. Fischer","url":"https:\/\/www.asf-fischer.nl\/","logo":{"@type":"ImageObject","inLanguage":"de","@id":"https:\/\/www.asf-fischer.nl\/#\/schema\/logo\/image\/","url":"https:\/\/www.asf-fischer.com\/wp-content\/uploads\/2026\/01\/ASF-Fischer-PIFAT-logo-actueel-e1768991354497-1.svg","contentUrl":"https:\/\/www.asf-fischer.com\/wp-content\/uploads\/2026\/01\/ASF-Fischer-PIFAT-logo-actueel-e1768991354497-1.svg","caption":"A.S.F. Fischer"},"image":{"@id":"https:\/\/www.asf-fischer.nl\/#\/schema\/logo\/image\/"}}]}},"uagb_featured_image_src":{"full":false,"thumbnail":false,"medium":false,"medium_large":false,"large":false,"1536x1536":false,"2048x2048":false},"uagb_author_info":{"display_name":"Support","author_link":"https:\/\/www.asf-fischer.com\/de\/author\/support\/"},"uagb_comment_info":0,"uagb_excerpt":"A.S.F. FISCHER BV hat alles daf\u00fcr getan, um sicherzustellen, dass die \u00fcber diese Website im Internet bereitgestellten Informationen zum Zeitpunkt ihrer Aufnahme in die Website korrekt sind. Es k\u00f6nnen jedoch unbeabsichtigte und zuf\u00e4llige Fehler auftreten, f\u00fcr die sich A.S.F. FISCHER BV entschuldigt. A.S.F. FISCHER BV gibt keine Zusicherungen oder Gew\u00e4hrleistungen in Bezug auf die auf&hellip;","_links":{"self":[{"href":"https:\/\/www.asf-fischer.com\/de\/wp-json\/wp\/v2\/pages\/9739","targetHints":{"allow":["GET"]}}],"collection":[{"href":"https:\/\/www.asf-fischer.com\/de\/wp-json\/wp\/v2\/pages"}],"about":[{"href":"https:\/\/www.asf-fischer.com\/de\/wp-json\/wp\/v2\/types\/page"}],"author":[{"embeddable":true,"href":"https:\/\/www.asf-fischer.com\/de\/wp-json\/wp\/v2\/users\/2"}],"replies":[{"embeddable":true,"href":"https:\/\/www.asf-fischer.com\/de\/wp-json\/wp\/v2\/comments?post=9739"}],"version-history":[{"count":3,"href":"https:\/\/www.asf-fischer.com\/de\/wp-json\/wp\/v2\/pages\/9739\/revisions"}],"predecessor-version":[{"id":10152,"href":"https:\/\/www.asf-fischer.com\/de\/wp-json\/wp\/v2\/pages\/9739\/revisions\/10152"}],"wp:attachment":[{"href":"https:\/\/www.asf-fischer.com\/de\/wp-json\/wp\/v2\/media?parent=9739"}],"curies":[{"name":"wp","href":"https:\/\/api.w.org\/{rel}","templated":true}]}}