{"id":9741,"date":"2023-02-07T16:30:42","date_gmt":"2023-02-07T15:30:42","guid":{"rendered":"https:\/\/www.asf-fischer.com\/privacy-en-cookie-policy\/"},"modified":"2023-05-12T15:13:27","modified_gmt":"2023-05-12T13:13:27","slug":"privacy-en-cookie-policy","status":"publish","type":"page","link":"https:\/\/www.asf-fischer.com\/de\/privacy-en-cookie-policy\/","title":{"rendered":"Datenschutz- und Cookie-Richtlinie"},"content":{"rendered":"\n<div class=\"wp-block-uagb-container uagb-block-752ffc5a alignfull uagb-is-root-container\"><div class=\"uagb-container-inner-blocks-wrap\">\n<div class=\"wp-block-uagb-info-box uagb-block-63c1635d uagb-infobox__content-wrap  uagb-infobox-icon-below-title uagb-infobox-image-valign-top hero-info\"><div class=\"uagb-ifb-content\"><div class=\"uagb-ifb-title-wrap\"><span class=\"uagb-ifb-title-prefix\">      <\/span><h1 class=\"uagb-ifb-title\">Datenschutz- und Cookie-Richtlinie<\/h1><\/div><\/div><\/div>\n<\/div><\/div>\n\n<div class=\"wp-block-uagb-container uagb-block-099d89c0 alignfull uagb-is-root-container\"><div class=\"uagb-container-inner-blocks-wrap\">\n<div class=\"wp-block-uagb-container uagb-block-6b4a5b9b alignfull uagb-is-root-container\"><div class=\"uagb-container-inner-blocks-wrap\">\n<div class=\"wp-block-uagb-container uagb-block-af53a540\">\n<p>In dieser Datenschutzerkl\u00e4rung erkl\u00e4rt A.S.F. Fischer BV, wie wir mit den personenbezogenen Daten umgehen, die wir bei unserem Kontakt mit Ihnen erhalten. A.S.F. Fischer BV h\u00e4lt sich an die Bestimmungen der AVG (Allgemeine Datenschutzverordnung). <\/p>\n\n\n\n<p>ASF Fischer mit Sitz in Zilverstraat 1, 8211 AN Lelystad, Niederlande ist f\u00fcr die Verarbeitung personenbezogener Daten gem\u00e4\u00df dieser Datenschutzerkl\u00e4rung verantwortlich.<\/p>\n\n\n\n<h3 class=\"wp-block-heading\">Kontaktdaten:<\/h3>\n\n\n\n<p>A.S.F. Fischer<br\/>Zilverstraat 1<br\/>8211 AN Lelystad<\/p>\n\n\n\n<p><a href=\"tel:+31320285610\">+31 320 28 56 10<\/a><\/p>\n\n\n\n<p><a href=\"https:\/\/www.asf-fischer.com\/\">https:\/\/www.asf-fischer.com\/<\/a><\/p>\n\n\n\n<h3 class=\"wp-block-heading\">Personenbezogene Daten, die wir verarbeiten<\/h3>\n\n\n\n<p>ASF Fischer verarbeitet Ihre personenbezogenen Daten, weil Sie unsere Dienste nutzen und\/oder weil Sie uns Ihre Daten selbst zur Verf\u00fcgung stellen.<\/p>\n\n\n\n<h3 class=\"wp-block-heading\">Nachfolgend finden Sie eine \u00dcbersicht der von uns verarbeiteten personenbezogenen Daten:<\/h3>\n\n\n\n<ul class=\"wp-block-list\">\n<li>Vor-und Nachname;<\/li>\n\n\n\n<li>Geschlecht;<\/li>\n\n\n\n<li>Adressdaten;<\/li>\n\n\n\n<li>Telefonnummer;<\/li>\n\n\n\n<li>E-Mail-Adresse;<\/li>\n\n\n\n<li>Standortdaten;<\/li>\n\n\n\n<li>Informationen \u00fcber Ihre Aktivit\u00e4ten auf unserer Website;<\/li>\n\n\n\n<li>Internetbrowser und Ger\u00e4tetyp;<\/li>\n<\/ul>\n\n\n\n<div style=\"margin-top:0;margin-bottom:0;height:20px\" aria-hidden=\"true\" class=\"wp-block-spacer\"><\/div>\n\n\n\n<h3 class=\"wp-block-heading\">Besondere und\/oder sensible personenbezogene Daten, die wir verarbeiten<\/h3>\n\n\n\n<p>Unsere Website und\/oder unser Dienst beabsichtigen nicht, Daten \u00fcber Website-Besucher unter 16 Jahren zu sammeln. Es sei denn, sie haben die Zustimmung der Eltern oder Erziehungsberechtigten. Wir k\u00f6nnen jedoch nicht \u00fcberpr\u00fcfen, ob ein Besucher \u00e4lter als 16 Jahre ist. Wir raten Eltern daher, sich an den Online-Aktivit\u00e4ten ihrer Kinder zu beteiligen, um zu verhindern, dass Daten \u00fcber Kinder ohne elterliche Zustimmung gesammelt werden. Wenn Sie \u00fcberzeugt sind, dass wir ohne diese Erlaubnis personenbezogene Daten \u00fcber einen Minderj\u00e4hrigen gesammelt haben, kontaktieren Sie uns bitte unter verkoop@asf-fischer.nl dann werden wir diese Daten l\u00f6schen.    <\/p>\n\n\n\n<h3 class=\"wp-block-heading\">Zu welchem Zweck und auf welcher Grundlage wir personenbezogene Daten verarbeiten<\/h3>\n\n\n\n<ul class=\"wp-block-list\">\n<li>ASF Fischer verarbeitet Ihre personenbezogenen Daten zu folgenden Zwecken:<\/li>\n\n\n\n<li>Zusendung unseres Newsletters und\/oder Werbebrosch\u00fcren<\/li>\n\n\n\n<li>Um Sie telefonisch oder per E-Mail kontaktieren zu k\u00f6nnen, wenn dies f\u00fcr die Erbringung unserer Dienstleistungen erforderlich ist<\/li>\n\n\n\n<li>Um Sie \u00fcber \u00c4nderungen an unseren Dienstleistungen und Produkten zu informieren<\/li>\n\n\n\n<li>Um Ihnen die M\u00f6glichkeit zu bieten, ein Konto zu erstellen<\/li>\n\n\n\n<li>Um Waren und Dienstleistungen an Sie zu liefern<\/li>\n\n\n\n<li>Um Rechnungen zu erstellen f\u00fcr unserer Lieferungen<\/li>\n\n\n\n<li>ASF Fischer analysiert Ihr Verhalten auf der Website, um die Website zu verbessern und das Produkt- und Dienstleistungsangebot auf Ihre Pr\u00e4ferenzen abzustimmen.<\/li>\n\n\n\n<li>ASF Fischer verarbeitet personenbezogene Daten auch dann, wenn wir dazu gesetzlich verpflichtet sind, etwa Daten, die wir f\u00fcr unsere Steuererkl\u00e4rung ben\u00f6tigen.<\/li>\n<\/ul>\n\n\n\n<div style=\"margin-top:0;margin-bottom:0;height:20px\" aria-hidden=\"true\" class=\"wp-block-spacer\"><\/div>\n\n\n\n<h3 class=\"wp-block-heading\">Wie lange wir personenbezogene Daten aufbewahren<\/h3>\n\n\n\n<p>ASF Fischer speichert Ihre personenbezogenen Daten nicht l\u00e4nger als unbedingt erforderlich, um die Ziele zu erreichen, f\u00fcr die Ihre Daten erhoben werden. Wir verwenden die folgenden Aufbewahrungsfristen f\u00fcr die folgenden Kategorien der personenbezogenen Daten: <\/p>\n\n\n\n<h3 class=\"wp-block-heading\">Newsletter<\/h3>\n\n\n\n<p>Wir versenden regelm\u00e4\u00dfig einen digitalen Newsletter per E-Mail an unsere Kunden und Interessenten. Wir versenden diesen Newsletter nur an Personen, die angegeben haben, dass sie den Newsletter erhalten m\u00f6chten. In jedem Newsletter ist ein Abmeldelink platziert, so dass sich der Empf\u00e4nger sofort abmelden kann. Wir verwenden die Abonnentendatei nur f\u00fcr den Versand unserer eigenen Mailings. Wir speichern Ihre personenbezogenen Daten auf den Servern von Ijzersterk (unser E-Mail-Programm, das selbstverst\u00e4ndlich DSGVO-konform ist). Sie nehmen Ihre Privatsph\u00e4re genauso ernst wie wir und geben Ihre Informationen niemals an andere weiter.     <\/p>\n\n\n\n<h3 class=\"wp-block-heading\">Weitergabe personenbezogener Daten an Dritte<\/h3>\n\n\n\n<p>ASF-Fischer gibt personenbezogener Daten an Dritte nur dann weiter als dies zwingend erfolderlich ist f\u00fcr die Erf\u00fcllung unserer Vereinbarung mit Ihnen oder zur Erf\u00fcllung einer gesetzlichen Verpflichtung.<\/p>\n\n\n\n<h3 class=\"wp-block-heading\">Cookies oder \u00e4hnliche Techniken, die wir verwenden<\/h3>\n\n\n\n<p>ASF Fischer verwendet funktionale, analytische und Tracking-Cookies. Ein Cookie ist eine kleine Textdatei, die beim ersten Besuch dieser Website im Browser Ihres Computers, Tablets oder Smartphones gespeichert wird. ASF Fischer verwendet Cookies mit rein technischer Funktionalit\u00e4t. Diese stellen sicher, dass die Website ordnungsgem\u00e4\u00df funktioniert und dass beispielsweise Ihre bevorzugten Einstellungen gespeichert werden. Diese Cookies werden auch verwendet, um die Website richtig funktionieren zu lassen und sie zu optimieren. Dar\u00fcber hinaus platzieren wir Cookies, die Ihr Surfverhalten verfolgen, damit wir ma\u00dfgeschneiderte Inhalte und Werbung anbieten k\u00f6nnen. Bei Ihrem ersten Besuch auf unserer Website haben wir Sie bereits \u00fcber diese Cookies informiert und um Erlaubnis gebeten, sie zu platzieren.      <\/p>\n\n\n\n<p>Sie k\u00f6nnen Cookies ablehnen, indem Sie Ihren Internetbrowser so einstellen, dass er keine Cookies mehr speichert. Dar\u00fcber hinaus k\u00f6nnen Sie auch alle zuvor gespeicherten Informationen \u00fcber die Einstellungen Ihres Browsers l\u00f6schen. <\/p>\n\n\n\n<h3 class=\"wp-block-heading\">Daten anzeigen, \u00e4ndern oder l\u00f6schen<\/h3>\n\n\n\n<p>Sie haben das Recht, Ihre personenbezogenen Daten einzusehen, zu korrigieren oder zu l\u00f6schen. Dar\u00fcber hinaus haben Sie das Recht, Ihre Einwilligung zur Datenverarbeitung zu widerrufen oder der Verarbeitung Ihrer personenbezogenen Daten durch ASF Fischer zu widersprechen, und Sie haben das Recht auf Daten\u00fcbertragbarkeit. Dies bedeutet, dass Sie eine Anfrage an uns richten k\u00f6nnen, um die personenbezogenen Daten, die wir \u00fcber Sie gespeichert haben, in einer Computerdatei an Sie oder an ein von Ihnen genanntes Unternehmen zu senden.  <\/p>\n\n\n\n<p>Sie k\u00f6nnen einen Antrag auf Einblick, Berichtigung, L\u00f6schung, Daten\u00fcbertragung Ihrer personenbezogenen Daten oder einen Antrag auf Widerruf Ihrer Zustimmung oder Widerspruch gegen die Verarbeitung Ihrer personenbezogenen Daten an verkoop@asf-fischer.nl senden.<\/p>\n\n\n\n<p>Um sicherzustellen, dass der Zugangsantrag von Ihnen gestellt wurde, bitten wir Sie, dem Antrag eine Kopie Ihres Ausweisses beizuf\u00fcgen. Darauf muss Ihr Passfoto, MRZ (maschinenlesbare Zone, der Nummernstreifen am unteren Rand des Passes), Ihr Name und die Passnummer erkennbar sein. Dies dient dem Schutz Ihrer Privatsph\u00e4re. Wir werden Ihre Anfrage so schnell wie m\u00f6glich beantworten, jedoch innerhalb von vier Wochen.   <\/p>\n\n\n\n<p>ASF Fischer weist au\u00dferdem darauf hin, dass Sie die M\u00f6glichkeit haben, eine Beschwerde bei der nationalen Aufsichtsbeh\u00f6rde, der niederl\u00e4ndischen Datenschutzbeh\u00f6rde, einzureichen. Dies kann \u00fcber den folgenden Link erfolgen: <a href=\"https:\/\/autoriteitpersoonsgegevens.nl\/nl\/contact-met-de-autoriteit-persoonsgegevens\/tip-ons\">https:\/\/autoriteitpersoonsgegevens.nl\/nl\/contact-met-de-autoriteit-persoonsgegevens\/tip-ons<\/a> <\/p>\n\n\n\n<h3 class=\"wp-block-heading\">\u00c4nderungen<\/h3>\n\n\n\n<p>Diese Datenschutzerkl\u00e4rung kann ge\u00e4ndert werden. Eventuelle \u00c4nderungen werden auf dieser Seite bekannt gegeben.<\/p>\n\n\n\n<h3 class=\"wp-block-heading\">Wie wir personenbezogene Daten sichern<\/h3>\n\n\n\n<p>ASF Fischer nimmt den Schutz Ihrer Daten ernst und ergreift geeignete Ma\u00dfnahmen um Missbrauch, Verlust, unbefugten Zugriff, ungewollte Offenlegung und unbefugte Ver\u00e4nderung zu verhindern. Wenn Sie den Eindruck haben, dass Ihre Daten nicht ausreichend gesichert sind oder Hinweise auf Missbrauch vorliegen, wenden Sie sich bitte an unseren Kundenservice <\/p>\n\n\n\n<p>A.S.F. Fischer BV<br\/>Abteilung Verkauf<\/p>\n\n\n\n<p><a href=\"tel:+31320285544\">0320-28 55 44<\/a><\/p>\n\n\n\n<p><a href=\"mailto:verkoop@asf-fischer.nl\">verkoop@asf-fischer.nl<\/a><\/p>\n<\/div>\n<\/div><\/div>\n<\/div><\/div>\n\n<div style=\"margin-top:0;margin-bottom:0;height:100px\" aria-hidden=\"true\" class=\"wp-block-spacer\"><\/div>\n","protected":false},"excerpt":{"rendered":"<p>In dieser Datenschutzerkl\u00e4rung erkl\u00e4rt A.S.F. Fischer BV, wie wir mit den personenbezogenen Daten umgehen, die wir bei unserem Kontakt mit Ihnen erhalten. A.S.F. Fischer BV h\u00e4lt sich an die Bestimmungen der AVG (Allgemeine Datenschutzverordnung). ASF Fischer mit Sitz in Zilverstraat 1, 8211 AN Lelystad, Niederlande ist f\u00fcr die Verarbeitung personenbezogener Daten gem\u00e4\u00df dieser Datenschutzerkl\u00e4rung verantwortlich. [&hellip;]<\/p>\n","protected":false},"author":2,"featured_media":0,"parent":0,"menu_order":0,"comment_status":"closed","ping_status":"closed","template":"","meta":{"_acf_changed":false,"inline_featured_image":false,"_uag_custom_page_level_css":"","site-sidebar-layout":"default","site-content-layout":"","ast-site-content-layout":"default","site-content-style":"default","site-sidebar-style":"default","ast-global-header-display":"","ast-banner-title-visibility":"","ast-main-header-display":"","ast-hfb-above-header-display":"","ast-hfb-below-header-display":"","ast-hfb-mobile-header-display":"","site-post-title":"disabled","ast-breadcrumbs-content":"","ast-featured-img":"","footer-sml-layout":"","ast-disable-related-posts":"","theme-transparent-header-meta":"enabled","adv-header-id-meta":"","stick-header-meta":"","header-above-stick-meta":"","header-main-stick-meta":"","header-below-stick-meta":"","astra-migrate-meta-layouts":"default","ast-page-background-enabled":"default","ast-page-background-meta":{"desktop":{"background-color":"","background-image":"","background-repeat":"repeat","background-position":"center center","background-size":"auto","background-attachment":"scroll","background-type":"","background-media":"","overlay-type":"","overlay-color":"","overlay-opacity":"","overlay-gradient":""},"tablet":{"background-color":"","background-image":"","background-repeat":"repeat","background-position":"center center","background-size":"auto","background-attachment":"scroll","background-type":"","background-media":"","overlay-type":"","overlay-color":"","overlay-opacity":"","overlay-gradient":""},"mobile":{"background-color":"","background-image":"","background-repeat":"repeat","background-position":"center center","background-size":"auto","background-attachment":"scroll","background-type":"","background-media":"","overlay-type":"","overlay-color":"","overlay-opacity":"","overlay-gradient":""}},"ast-content-background-meta":{"desktop":{"background-color":"var(--ast-global-color-5)","background-image":"","background-repeat":"repeat","background-position":"center center","background-size":"auto","background-attachment":"scroll","background-type":"","background-media":"","overlay-type":"","overlay-color":"","overlay-opacity":"","overlay-gradient":""},"tablet":{"background-color":"var(--ast-global-color-5)","background-image":"","background-repeat":"repeat","background-position":"center center","background-size":"auto","background-attachment":"scroll","background-type":"","background-media":"","overlay-type":"","overlay-color":"","overlay-opacity":"","overlay-gradient":""},"mobile":{"background-color":"var(--ast-global-color-5)","background-image":"","background-repeat":"repeat","background-position":"center center","background-size":"auto","background-attachment":"scroll","background-type":"","background-media":"","overlay-type":"","overlay-color":"","overlay-opacity":"","overlay-gradient":""}},"footnotes":""},"class_list":["post-9741","page","type-page","status-publish","hentry"],"acf":[],"yoast_head":"<!-- This site is optimized with the Yoast SEO plugin v27.4 - https:\/\/yoast.com\/product\/yoast-seo-wordpress\/ -->\n<title>Datenschutz- und Cookie-Richtlinie - A.S.F. Fischer<\/title>\n<meta name=\"robots\" content=\"noindex, nofollow\" \/>\n<meta property=\"og:locale\" content=\"de_DE\" \/>\n<meta property=\"og:type\" content=\"article\" \/>\n<meta property=\"og:title\" content=\"Datenschutz- und Cookie-Richtlinie - A.S.F. Fischer\" \/>\n<meta property=\"og:description\" content=\"In dieser Datenschutzerkl\u00e4rung erkl\u00e4rt A.S.F. Fischer BV, wie wir mit den personenbezogenen Daten umgehen, die wir bei unserem Kontakt mit Ihnen erhalten. A.S.F. Fischer BV h\u00e4lt sich an die Bestimmungen der AVG (Allgemeine Datenschutzverordnung). ASF Fischer mit Sitz in Zilverstraat 1, 8211 AN Lelystad, Niederlande ist f\u00fcr die Verarbeitung personenbezogener Daten gem\u00e4\u00df dieser Datenschutzerkl\u00e4rung verantwortlich. [&hellip;]\" \/>\n<meta property=\"og:url\" content=\"https:\/\/www.asf-fischer.com\/de\/privacy-en-cookie-policy\/\" \/>\n<meta property=\"og:site_name\" content=\"A.S.F. Fischer\" \/>\n<meta property=\"article:modified_time\" content=\"2023-05-12T13:13:27+00:00\" \/>\n<meta name=\"twitter:card\" content=\"summary_large_image\" \/>\n<meta name=\"twitter:label1\" content=\"Gesch\u00e4tzte Lesezeit\" \/>\n\t<meta name=\"twitter:data1\" content=\"5\u00a0Minuten\" \/>\n<script type=\"application\/ld+json\" class=\"yoast-schema-graph\">{\"@context\":\"https:\\\/\\\/schema.org\",\"@graph\":[{\"@type\":\"WebPage\",\"@id\":\"https:\\\/\\\/www.asf-fischer.com\\\/de\\\/privacy-en-cookie-policy\\\/\",\"url\":\"https:\\\/\\\/www.asf-fischer.com\\\/de\\\/privacy-en-cookie-policy\\\/\",\"name\":\"Datenschutz- und Cookie-Richtlinie - A.S.F. Fischer\",\"isPartOf\":{\"@id\":\"https:\\\/\\\/www.asf-fischer.nl\\\/#website\"},\"datePublished\":\"2023-02-07T15:30:42+00:00\",\"dateModified\":\"2023-05-12T13:13:27+00:00\",\"breadcrumb\":{\"@id\":\"https:\\\/\\\/www.asf-fischer.com\\\/de\\\/privacy-en-cookie-policy\\\/#breadcrumb\"},\"inLanguage\":\"de\",\"potentialAction\":[{\"@type\":\"ReadAction\",\"target\":[\"https:\\\/\\\/www.asf-fischer.com\\\/de\\\/privacy-en-cookie-policy\\\/\"]}]},{\"@type\":\"BreadcrumbList\",\"@id\":\"https:\\\/\\\/www.asf-fischer.com\\\/de\\\/privacy-en-cookie-policy\\\/#breadcrumb\",\"itemListElement\":[{\"@type\":\"ListItem\",\"position\":1,\"name\":\"Home\",\"item\":\"https:\\\/\\\/www.asf-fischer.com\\\/de\\\/\"},{\"@type\":\"ListItem\",\"position\":2,\"name\":\"Datenschutz- und Cookie-Richtlinie\"}]},{\"@type\":\"WebSite\",\"@id\":\"https:\\\/\\\/www.asf-fischer.nl\\\/#website\",\"url\":\"https:\\\/\\\/www.asf-fischer.nl\\\/\",\"name\":\"A.S.F. Fischer\",\"description\":\"Partner in fasteners\",\"publisher\":{\"@id\":\"https:\\\/\\\/www.asf-fischer.nl\\\/#organization\"},\"potentialAction\":[{\"@type\":\"SearchAction\",\"target\":{\"@type\":\"EntryPoint\",\"urlTemplate\":\"https:\\\/\\\/www.asf-fischer.nl\\\/?s={search_term_string}\"},\"query-input\":{\"@type\":\"PropertyValueSpecification\",\"valueRequired\":true,\"valueName\":\"search_term_string\"}}],\"inLanguage\":\"de\"},{\"@type\":\"Organization\",\"@id\":\"https:\\\/\\\/www.asf-fischer.nl\\\/#organization\",\"name\":\"A.S.F. Fischer\",\"url\":\"https:\\\/\\\/www.asf-fischer.nl\\\/\",\"logo\":{\"@type\":\"ImageObject\",\"inLanguage\":\"de\",\"@id\":\"https:\\\/\\\/www.asf-fischer.nl\\\/#\\\/schema\\\/logo\\\/image\\\/\",\"url\":\"https:\\\/\\\/www.asf-fischer.com\\\/wp-content\\\/uploads\\\/2026\\\/01\\\/ASF-Fischer-PIFAT-logo-actueel-e1768991354497-1.svg\",\"contentUrl\":\"https:\\\/\\\/www.asf-fischer.com\\\/wp-content\\\/uploads\\\/2026\\\/01\\\/ASF-Fischer-PIFAT-logo-actueel-e1768991354497-1.svg\",\"caption\":\"A.S.F. Fischer\"},\"image\":{\"@id\":\"https:\\\/\\\/www.asf-fischer.nl\\\/#\\\/schema\\\/logo\\\/image\\\/\"}}]}<\/script>\n<!-- \/ Yoast SEO plugin. -->","yoast_head_json":{"title":"Datenschutz- und Cookie-Richtlinie - A.S.F. Fischer","robots":{"index":"noindex","follow":"nofollow"},"og_locale":"de_DE","og_type":"article","og_title":"Datenschutz- und Cookie-Richtlinie - A.S.F. Fischer","og_description":"In dieser Datenschutzerkl\u00e4rung erkl\u00e4rt A.S.F. Fischer BV, wie wir mit den personenbezogenen Daten umgehen, die wir bei unserem Kontakt mit Ihnen erhalten. A.S.F. Fischer BV h\u00e4lt sich an die Bestimmungen der AVG (Allgemeine Datenschutzverordnung). ASF Fischer mit Sitz in Zilverstraat 1, 8211 AN Lelystad, Niederlande ist f\u00fcr die Verarbeitung personenbezogener Daten gem\u00e4\u00df dieser Datenschutzerkl\u00e4rung verantwortlich. [&hellip;]","og_url":"https:\/\/www.asf-fischer.com\/de\/privacy-en-cookie-policy\/","og_site_name":"A.S.F. Fischer","article_modified_time":"2023-05-12T13:13:27+00:00","twitter_card":"summary_large_image","twitter_misc":{"Gesch\u00e4tzte Lesezeit":"5\u00a0Minuten"},"schema":{"@context":"https:\/\/schema.org","@graph":[{"@type":"WebPage","@id":"https:\/\/www.asf-fischer.com\/de\/privacy-en-cookie-policy\/","url":"https:\/\/www.asf-fischer.com\/de\/privacy-en-cookie-policy\/","name":"Datenschutz- und Cookie-Richtlinie - A.S.F. Fischer","isPartOf":{"@id":"https:\/\/www.asf-fischer.nl\/#website"},"datePublished":"2023-02-07T15:30:42+00:00","dateModified":"2023-05-12T13:13:27+00:00","breadcrumb":{"@id":"https:\/\/www.asf-fischer.com\/de\/privacy-en-cookie-policy\/#breadcrumb"},"inLanguage":"de","potentialAction":[{"@type":"ReadAction","target":["https:\/\/www.asf-fischer.com\/de\/privacy-en-cookie-policy\/"]}]},{"@type":"BreadcrumbList","@id":"https:\/\/www.asf-fischer.com\/de\/privacy-en-cookie-policy\/#breadcrumb","itemListElement":[{"@type":"ListItem","position":1,"name":"Home","item":"https:\/\/www.asf-fischer.com\/de\/"},{"@type":"ListItem","position":2,"name":"Datenschutz- und Cookie-Richtlinie"}]},{"@type":"WebSite","@id":"https:\/\/www.asf-fischer.nl\/#website","url":"https:\/\/www.asf-fischer.nl\/","name":"A.S.F. Fischer","description":"Partner in fasteners","publisher":{"@id":"https:\/\/www.asf-fischer.nl\/#organization"},"potentialAction":[{"@type":"SearchAction","target":{"@type":"EntryPoint","urlTemplate":"https:\/\/www.asf-fischer.nl\/?s={search_term_string}"},"query-input":{"@type":"PropertyValueSpecification","valueRequired":true,"valueName":"search_term_string"}}],"inLanguage":"de"},{"@type":"Organization","@id":"https:\/\/www.asf-fischer.nl\/#organization","name":"A.S.F. Fischer","url":"https:\/\/www.asf-fischer.nl\/","logo":{"@type":"ImageObject","inLanguage":"de","@id":"https:\/\/www.asf-fischer.nl\/#\/schema\/logo\/image\/","url":"https:\/\/www.asf-fischer.com\/wp-content\/uploads\/2026\/01\/ASF-Fischer-PIFAT-logo-actueel-e1768991354497-1.svg","contentUrl":"https:\/\/www.asf-fischer.com\/wp-content\/uploads\/2026\/01\/ASF-Fischer-PIFAT-logo-actueel-e1768991354497-1.svg","caption":"A.S.F. Fischer"},"image":{"@id":"https:\/\/www.asf-fischer.nl\/#\/schema\/logo\/image\/"}}]}},"uagb_featured_image_src":{"full":false,"thumbnail":false,"medium":false,"medium_large":false,"large":false,"1536x1536":false,"2048x2048":false},"uagb_author_info":{"display_name":"Support","author_link":"https:\/\/www.asf-fischer.com\/de\/author\/support\/"},"uagb_comment_info":0,"uagb_excerpt":"In dieser Datenschutzerkl\u00e4rung erkl\u00e4rt A.S.F. Fischer BV, wie wir mit den personenbezogenen Daten umgehen, die wir bei unserem Kontakt mit Ihnen erhalten. A.S.F. Fischer BV h\u00e4lt sich an die Bestimmungen der AVG (Allgemeine Datenschutzverordnung). ASF Fischer mit Sitz in Zilverstraat 1, 8211 AN Lelystad, Niederlande ist f\u00fcr die Verarbeitung personenbezogener Daten gem\u00e4\u00df dieser Datenschutzerkl\u00e4rung verantwortlich.&hellip;","_links":{"self":[{"href":"https:\/\/www.asf-fischer.com\/de\/wp-json\/wp\/v2\/pages\/9741","targetHints":{"allow":["GET"]}}],"collection":[{"href":"https:\/\/www.asf-fischer.com\/de\/wp-json\/wp\/v2\/pages"}],"about":[{"href":"https:\/\/www.asf-fischer.com\/de\/wp-json\/wp\/v2\/types\/page"}],"author":[{"embeddable":true,"href":"https:\/\/www.asf-fischer.com\/de\/wp-json\/wp\/v2\/users\/2"}],"replies":[{"embeddable":true,"href":"https:\/\/www.asf-fischer.com\/de\/wp-json\/wp\/v2\/comments?post=9741"}],"version-history":[{"count":5,"href":"https:\/\/www.asf-fischer.com\/de\/wp-json\/wp\/v2\/pages\/9741\/revisions"}],"predecessor-version":[{"id":10154,"href":"https:\/\/www.asf-fischer.com\/de\/wp-json\/wp\/v2\/pages\/9741\/revisions\/10154"}],"wp:attachment":[{"href":"https:\/\/www.asf-fischer.com\/de\/wp-json\/wp\/v2\/media?parent=9741"}],"curies":[{"name":"wp","href":"https:\/\/api.w.org\/{rel}","templated":true}]}}