{"id":9804,"date":"2023-03-07T09:26:43","date_gmt":"2023-03-07T08:26:43","guid":{"rendered":"https:\/\/www.asf-fischer.com\/brochures\/"},"modified":"2026-02-18T12:24:51","modified_gmt":"2026-02-18T11:24:51","slug":"brochures","status":"publish","type":"page","link":"https:\/\/www.asf-fischer.com\/de\/brochures\/","title":{"rendered":"Brosch\u00fcren"},"content":{"rendered":"\n<div class=\"wp-block-uagb-container uagb-block-84f5ca87 alignfull uagb-is-root-container\"><div class=\"uagb-container-inner-blocks-wrap\">\n<div class=\"wp-block-uagb-info-box uagb-block-60d61659 uagb-infobox__content-wrap  uagb-infobox-icon-below-title uagb-infobox-image-valign-top hero-info\"><div class=\"uagb-ifb-content\"><div class=\"uagb-ifb-title-wrap\"><span class=\"uagb-ifb-title-prefix\">      <\/span><h1 class=\"uagb-ifb-title\">Brosch\u00fcren<\/h1><\/div><p class=\"uagb-ifb-desc\">Um Ihren Verkauf zu f\u00f6rdern, haben wir f\u00fcr unsere starken Marken verschiedene Brosch\u00fcren entworfen. F\u00fcr verschiedene Sortimente stellen wir Prospektmaterial oder Mustersets kundengerecht zur Verf\u00fcgung. Wir werben auch in einer Reihe von Fachzeitschriften und nehmen an Messen teil, um f\u00fcr unsere Marken und Produkte zu werben.  <\/p><\/div><\/div>\n<\/div><\/div>\n\n\n\n<div class=\"wp-block-uagb-container asf-catalogus uagb-block-57b7ae15 alignfull uagb-is-root-container\"><div class=\"uagb-container-inner-blocks-wrap\">\n<div class=\"wp-block-uagb-container uagb-block-1cb957dd alignfull uagb-is-root-container\"><div class=\"uagb-container-inner-blocks-wrap\">\n<div class=\"wp-block-uagb-container uagb-block-848ade5f\">\n<p style=\"font-size:24px\">Alle unsere Produkte finden Sie in unserem <a href=\"https:\/\/webshop.asf-fischer.nl\/\" target=\"_blank\" rel=\"noreferrer noopener\">Online-Webshop<\/a> Wenn Sie in Ruhe durch unsere Kataloge bl\u00e4ttern m\u00f6chten, klicken Sie auf die unten stehenden Links.<\/p>\n\n\n\n<div class=\"wp-block-buttons is-vertical is-layout-flex wp-container-core-buttons-is-layout-fe9cc265 wp-block-buttons-is-layout-flex\">\n<div class=\"wp-block-button\"><a class=\"wp-block-button__link wp-element-button\" href=\"https:\/\/webshop.asf-fischer.nl\/amfile\/file\/download\/file\/RnahidE2ebApd73jNcch74SDgzhaQ9JQ\/\" target=\"_blank\" rel=\"noreferrer noopener\">ASF Fischer Katalogausgabe 34<\/a><\/div>\n\n\n\n<div class=\"wp-block-button\"><a class=\"wp-block-button__link wp-element-button\" href=\"https:\/\/www.asf-fischer.com\/wp-content\/uploads\/2026\/02\/Catalogus-Woodies-Ultimate-Editie-5-Duits-2026-Digitaal.pdf\" target=\"_blank\" rel=\"noreferrer noopener\">Katalog Woodies Ultimate Ausgabe 5<\/a><\/div>\n\n\n\n<div class=\"wp-block-button\"><a class=\"wp-block-button__link wp-element-button\" href=\"https:\/\/webshop.asf-fischer.nl\/amfile\/file\/download\/file\/IEGdWlsgBGphao3qdhLsiGb8YS7xoWDq\/\" target=\"_blank\" rel=\"noreferrer noopener\">Steelies Katalog<\/a><\/div>\n\n\n\n<div class=\"wp-block-button\"><a class=\"wp-block-button__link wp-element-button\" href=\"https:\/\/webshop.asf-fischer.nl\/amfile\/file\/download\/file\/LdaQh3GrLpdRTFPyZZIAzIIFqutHxbWx\/\" target=\"_blank\" rel=\"noreferrer noopener\"><strong>Blackline Katalog<\/strong><\/a><\/div>\n\n\n\n<div class=\"wp-block-button\"><a class=\"wp-block-button__link wp-element-button\" href=\"https:\/\/webshop.asf-fischer.nl\/amfile\/file\/download\/file\/ZnRdNmoUD8wCDnTCi76nN0hw2V7LsAcx\/\" target=\"_blank\" rel=\"noreferrer noopener\">GB Katalog<\/a><\/div>\n\n\n\n<div class=\"wp-block-button\"><a class=\"wp-block-button__link wp-element-button\" href=\"https:\/\/www.asf-fischer.com\/wp-content\/uploads\/2023\/05\/REX-Catalogus-2023-correct.pdf\" target=\"_blank\" rel=\"noreferrer noopener\">REX Katalog<\/a><\/div>\n\n\n\n<div class=\"wp-block-button\"><a class=\"wp-block-button__link wp-element-button\" href=\"https:\/\/webshop.asf-fischer.nl\/amfile\/file\/download\/file\/L90Ym2LUFb8F3VonCgg8TNv8j3qgumBb\/\" target=\"_blank\" rel=\"noreferrer noopener\">Gartenmagazin Fr\u00fchling 2022<\/a><\/div>\n\n\n\n<div class=\"wp-block-button\"><a class=\"wp-block-button__link wp-element-button\" href=\"https:\/\/www.asf-fischer.de\/wp-content\/uploads\/2023\/06\/3-luik-flyer-A.S.F.-Fischer-DUI.pdf\" target=\"_blank\" rel=\"noreferrer noopener\">A.S.F. Fischer Flyer<\/a><\/div>\n\n\n\n<div class=\"wp-block-button\"><a class=\"wp-block-button__link wp-element-button\" href=\"https:\/\/www.asf-fischer.de\/wp-content\/uploads\/2023\/06\/3-luik-flyer-Woodies-Ultimate-1DUI.pdf\" target=\"_blank\" rel=\"noreferrer noopener\">Woodies Flyer<\/a><\/div>\n\n\n\n<div class=\"wp-block-button\"><a class=\"wp-block-button__link wp-element-button\" href=\"https:\/\/www.asf-fischer.de\/wp-content\/uploads\/2023\/06\/3-luik-flyer-InterDynamics-DU.pdf\" target=\"_blank\" rel=\"noreferrer noopener\">InterDynamics Flyer<\/a><\/div>\n\n\n\n<div class=\"wp-block-button\"><a class=\"wp-block-button__link wp-element-button\" href=\"https:\/\/www.asf-fischer.de\/wp-content\/uploads\/2023\/06\/3-luik-flyer-Blackline-DUI.pdf\" target=\"_blank\" rel=\"noreferrer noopener\">Blackline Flyer<\/a><\/div>\n<\/div>\n\n\n\n<div style=\"margin-top:0;margin-bottom:0;height:40px\" aria-hidden=\"true\" class=\"wp-block-spacer\"><\/div>\n<\/div>\n\n\n\n<div class=\"wp-block-uagb-container uagb-block-6a8f34ba\">\n<figure class=\"wp-block-image size-full mt-0\"><img decoding=\"async\" width=\"728\" height=\"505\" src=\"https:\/\/www.asf-fischer.de\/wp-content\/uploads\/2022\/11\/catalogus-visual.png\" alt=\"\" class=\"wp-image-1955\" srcset=\"https:\/\/www.asf-fischer.com\/wp-content\/uploads\/2022\/11\/catalogus-visual.png 728w, https:\/\/www.asf-fischer.com\/wp-content\/uploads\/2022\/11\/catalogus-visual-300x208.png 300w\" sizes=\"(max-width: 728px) 100vw, 728px\" \/><\/figure>\n<\/div>\n<\/div><\/div>\n<\/div><\/div>\n","protected":false},"excerpt":{"rendered":"<p>Alle unsere Produkte finden Sie in unserem Online-Webshop Wenn Sie in Ruhe durch unsere Kataloge bl\u00e4ttern m\u00f6chten, klicken Sie auf die unten stehenden Links.<\/p>\n","protected":false},"author":1,"featured_media":0,"parent":0,"menu_order":0,"comment_status":"closed","ping_status":"closed","template":"","meta":{"_acf_changed":false,"inline_featured_image":false,"_uag_custom_page_level_css":"","site-sidebar-layout":"default","site-content-layout":"","ast-site-content-layout":"default","site-content-style":"default","site-sidebar-style":"default","ast-global-header-display":"","ast-banner-title-visibility":"","ast-main-header-display":"","ast-hfb-above-header-display":"","ast-hfb-below-header-display":"","ast-hfb-mobile-header-display":"","site-post-title":"disabled","ast-breadcrumbs-content":"","ast-featured-img":"","footer-sml-layout":"","ast-disable-related-posts":"","theme-transparent-header-meta":"enabled","adv-header-id-meta":"","stick-header-meta":"","header-above-stick-meta":"","header-main-stick-meta":"","header-below-stick-meta":"","astra-migrate-meta-layouts":"set","ast-page-background-enabled":"default","ast-page-background-meta":{"desktop":{"background-color":"","background-image":"","background-repeat":"repeat","background-position":"center center","background-size":"auto","background-attachment":"scroll","background-type":"","background-media":"","overlay-type":"","overlay-color":"","overlay-opacity":"","overlay-gradient":""},"tablet":{"background-color":"","background-image":"","background-repeat":"repeat","background-position":"center center","background-size":"auto","background-attachment":"scroll","background-type":"","background-media":"","overlay-type":"","overlay-color":"","overlay-opacity":"","overlay-gradient":""},"mobile":{"background-color":"","background-image":"","background-repeat":"repeat","background-position":"center center","background-size":"auto","background-attachment":"scroll","background-type":"","background-media":"","overlay-type":"","overlay-color":"","overlay-opacity":"","overlay-gradient":""}},"ast-content-background-meta":{"desktop":{"background-color":"var(--ast-global-color-5)","background-image":"","background-repeat":"repeat","background-position":"center center","background-size":"auto","background-attachment":"scroll","background-type":"","background-media":"","overlay-type":"","overlay-color":"","overlay-opacity":"","overlay-gradient":""},"tablet":{"background-color":"var(--ast-global-color-5)","background-image":"","background-repeat":"repeat","background-position":"center center","background-size":"auto","background-attachment":"scroll","background-type":"","background-media":"","overlay-type":"","overlay-color":"","overlay-opacity":"","overlay-gradient":""},"mobile":{"background-color":"var(--ast-global-color-5)","background-image":"","background-repeat":"repeat","background-position":"center center","background-size":"auto","background-attachment":"scroll","background-type":"","background-media":"","overlay-type":"","overlay-color":"","overlay-opacity":"","overlay-gradient":""}},"footnotes":""},"class_list":["post-9804","page","type-page","status-publish","hentry"],"acf":[],"yoast_head":"<!-- This site is optimized with the Yoast SEO plugin v27.4 - https:\/\/yoast.com\/product\/yoast-seo-wordpress\/ -->\n<title>Brosch\u00fcren - A.S.F. Fischer<\/title>\n<meta name=\"robots\" content=\"index, follow, max-snippet:-1, max-image-preview:large, max-video-preview:-1\" \/>\n<link rel=\"canonical\" href=\"https:\/\/www.asf-fischer.com\/de\/brochures\/\" \/>\n<meta property=\"og:locale\" content=\"de_DE\" \/>\n<meta property=\"og:type\" content=\"article\" \/>\n<meta property=\"og:title\" content=\"Brosch\u00fcren - A.S.F. Fischer\" \/>\n<meta property=\"og:description\" content=\"Alle unsere Produkte finden Sie in unserem Online-Webshop Wenn Sie in Ruhe durch unsere Kataloge bl\u00e4ttern m\u00f6chten, klicken Sie auf die unten stehenden Links.\" \/>\n<meta property=\"og:url\" content=\"https:\/\/www.asf-fischer.com\/de\/brochures\/\" \/>\n<meta property=\"og:site_name\" content=\"A.S.F. Fischer\" \/>\n<meta property=\"article:modified_time\" content=\"2026-02-18T11:24:51+00:00\" \/>\n<meta property=\"og:image\" content=\"https:\/\/www.asf-fischer.com\/wp-content\/uploads\/2022\/11\/catalogus-visual.png\" \/>\n\t<meta property=\"og:image:width\" content=\"728\" \/>\n\t<meta property=\"og:image:height\" content=\"505\" \/>\n\t<meta property=\"og:image:type\" content=\"image\/png\" \/>\n<meta name=\"twitter:card\" content=\"summary_large_image\" \/>\n<meta name=\"twitter:label1\" content=\"Gesch\u00e4tzte Lesezeit\" \/>\n\t<meta name=\"twitter:data1\" content=\"1\u00a0Minute\" \/>\n<script type=\"application\/ld+json\" class=\"yoast-schema-graph\">{\"@context\":\"https:\\\/\\\/schema.org\",\"@graph\":[{\"@type\":\"WebPage\",\"@id\":\"https:\\\/\\\/www.asf-fischer.com\\\/de\\\/brochures\\\/\",\"url\":\"https:\\\/\\\/www.asf-fischer.com\\\/de\\\/brochures\\\/\",\"name\":\"Brosch\u00fcren - A.S.F. Fischer\",\"isPartOf\":{\"@id\":\"https:\\\/\\\/www.asf-fischer.nl\\\/#website\"},\"primaryImageOfPage\":{\"@id\":\"https:\\\/\\\/www.asf-fischer.com\\\/de\\\/brochures\\\/#primaryimage\"},\"image\":{\"@id\":\"https:\\\/\\\/www.asf-fischer.com\\\/de\\\/brochures\\\/#primaryimage\"},\"thumbnailUrl\":\"https:\\\/\\\/www.asf-fischer.de\\\/wp-content\\\/uploads\\\/2022\\\/11\\\/catalogus-visual.png\",\"datePublished\":\"2023-03-07T08:26:43+00:00\",\"dateModified\":\"2026-02-18T11:24:51+00:00\",\"breadcrumb\":{\"@id\":\"https:\\\/\\\/www.asf-fischer.com\\\/de\\\/brochures\\\/#breadcrumb\"},\"inLanguage\":\"de\",\"potentialAction\":[{\"@type\":\"ReadAction\",\"target\":[\"https:\\\/\\\/www.asf-fischer.com\\\/de\\\/brochures\\\/\"]}]},{\"@type\":\"ImageObject\",\"inLanguage\":\"de\",\"@id\":\"https:\\\/\\\/www.asf-fischer.com\\\/de\\\/brochures\\\/#primaryimage\",\"url\":\"https:\\\/\\\/www.asf-fischer.de\\\/wp-content\\\/uploads\\\/2022\\\/11\\\/catalogus-visual.png\",\"contentUrl\":\"https:\\\/\\\/www.asf-fischer.de\\\/wp-content\\\/uploads\\\/2022\\\/11\\\/catalogus-visual.png\"},{\"@type\":\"BreadcrumbList\",\"@id\":\"https:\\\/\\\/www.asf-fischer.com\\\/de\\\/brochures\\\/#breadcrumb\",\"itemListElement\":[{\"@type\":\"ListItem\",\"position\":1,\"name\":\"Home\",\"item\":\"https:\\\/\\\/www.asf-fischer.com\\\/de\\\/\"},{\"@type\":\"ListItem\",\"position\":2,\"name\":\"Brosch\u00fcren\"}]},{\"@type\":\"WebSite\",\"@id\":\"https:\\\/\\\/www.asf-fischer.nl\\\/#website\",\"url\":\"https:\\\/\\\/www.asf-fischer.nl\\\/\",\"name\":\"A.S.F. Fischer\",\"description\":\"Partner in fasteners\",\"publisher\":{\"@id\":\"https:\\\/\\\/www.asf-fischer.nl\\\/#organization\"},\"potentialAction\":[{\"@type\":\"SearchAction\",\"target\":{\"@type\":\"EntryPoint\",\"urlTemplate\":\"https:\\\/\\\/www.asf-fischer.nl\\\/?s={search_term_string}\"},\"query-input\":{\"@type\":\"PropertyValueSpecification\",\"valueRequired\":true,\"valueName\":\"search_term_string\"}}],\"inLanguage\":\"de\"},{\"@type\":\"Organization\",\"@id\":\"https:\\\/\\\/www.asf-fischer.nl\\\/#organization\",\"name\":\"A.S.F. Fischer\",\"url\":\"https:\\\/\\\/www.asf-fischer.nl\\\/\",\"logo\":{\"@type\":\"ImageObject\",\"inLanguage\":\"de\",\"@id\":\"https:\\\/\\\/www.asf-fischer.nl\\\/#\\\/schema\\\/logo\\\/image\\\/\",\"url\":\"https:\\\/\\\/www.asf-fischer.com\\\/wp-content\\\/uploads\\\/2026\\\/01\\\/ASF-Fischer-PIFAT-logo-actueel-e1768991354497-1.svg\",\"contentUrl\":\"https:\\\/\\\/www.asf-fischer.com\\\/wp-content\\\/uploads\\\/2026\\\/01\\\/ASF-Fischer-PIFAT-logo-actueel-e1768991354497-1.svg\",\"caption\":\"A.S.F. Fischer\"},\"image\":{\"@id\":\"https:\\\/\\\/www.asf-fischer.nl\\\/#\\\/schema\\\/logo\\\/image\\\/\"}}]}<\/script>\n<!-- \/ Yoast SEO plugin. -->","yoast_head_json":{"title":"Brosch\u00fcren - A.S.F. Fischer","robots":{"index":"index","follow":"follow","max-snippet":"max-snippet:-1","max-image-preview":"max-image-preview:large","max-video-preview":"max-video-preview:-1"},"canonical":"https:\/\/www.asf-fischer.com\/de\/brochures\/","og_locale":"de_DE","og_type":"article","og_title":"Brosch\u00fcren - A.S.F. Fischer","og_description":"Alle unsere Produkte finden Sie in unserem Online-Webshop Wenn Sie in Ruhe durch unsere Kataloge bl\u00e4ttern m\u00f6chten, klicken Sie auf die unten stehenden Links.","og_url":"https:\/\/www.asf-fischer.com\/de\/brochures\/","og_site_name":"A.S.F. Fischer","article_modified_time":"2026-02-18T11:24:51+00:00","og_image":[{"width":728,"height":505,"url":"https:\/\/www.asf-fischer.com\/wp-content\/uploads\/2022\/11\/catalogus-visual.png","type":"image\/png"}],"twitter_card":"summary_large_image","twitter_misc":{"Gesch\u00e4tzte Lesezeit":"1\u00a0Minute"},"schema":{"@context":"https:\/\/schema.org","@graph":[{"@type":"WebPage","@id":"https:\/\/www.asf-fischer.com\/de\/brochures\/","url":"https:\/\/www.asf-fischer.com\/de\/brochures\/","name":"Brosch\u00fcren - A.S.F. Fischer","isPartOf":{"@id":"https:\/\/www.asf-fischer.nl\/#website"},"primaryImageOfPage":{"@id":"https:\/\/www.asf-fischer.com\/de\/brochures\/#primaryimage"},"image":{"@id":"https:\/\/www.asf-fischer.com\/de\/brochures\/#primaryimage"},"thumbnailUrl":"https:\/\/www.asf-fischer.de\/wp-content\/uploads\/2022\/11\/catalogus-visual.png","datePublished":"2023-03-07T08:26:43+00:00","dateModified":"2026-02-18T11:24:51+00:00","breadcrumb":{"@id":"https:\/\/www.asf-fischer.com\/de\/brochures\/#breadcrumb"},"inLanguage":"de","potentialAction":[{"@type":"ReadAction","target":["https:\/\/www.asf-fischer.com\/de\/brochures\/"]}]},{"@type":"ImageObject","inLanguage":"de","@id":"https:\/\/www.asf-fischer.com\/de\/brochures\/#primaryimage","url":"https:\/\/www.asf-fischer.de\/wp-content\/uploads\/2022\/11\/catalogus-visual.png","contentUrl":"https:\/\/www.asf-fischer.de\/wp-content\/uploads\/2022\/11\/catalogus-visual.png"},{"@type":"BreadcrumbList","@id":"https:\/\/www.asf-fischer.com\/de\/brochures\/#breadcrumb","itemListElement":[{"@type":"ListItem","position":1,"name":"Home","item":"https:\/\/www.asf-fischer.com\/de\/"},{"@type":"ListItem","position":2,"name":"Brosch\u00fcren"}]},{"@type":"WebSite","@id":"https:\/\/www.asf-fischer.nl\/#website","url":"https:\/\/www.asf-fischer.nl\/","name":"A.S.F. Fischer","description":"Partner in fasteners","publisher":{"@id":"https:\/\/www.asf-fischer.nl\/#organization"},"potentialAction":[{"@type":"SearchAction","target":{"@type":"EntryPoint","urlTemplate":"https:\/\/www.asf-fischer.nl\/?s={search_term_string}"},"query-input":{"@type":"PropertyValueSpecification","valueRequired":true,"valueName":"search_term_string"}}],"inLanguage":"de"},{"@type":"Organization","@id":"https:\/\/www.asf-fischer.nl\/#organization","name":"A.S.F. Fischer","url":"https:\/\/www.asf-fischer.nl\/","logo":{"@type":"ImageObject","inLanguage":"de","@id":"https:\/\/www.asf-fischer.nl\/#\/schema\/logo\/image\/","url":"https:\/\/www.asf-fischer.com\/wp-content\/uploads\/2026\/01\/ASF-Fischer-PIFAT-logo-actueel-e1768991354497-1.svg","contentUrl":"https:\/\/www.asf-fischer.com\/wp-content\/uploads\/2026\/01\/ASF-Fischer-PIFAT-logo-actueel-e1768991354497-1.svg","caption":"A.S.F. Fischer"},"image":{"@id":"https:\/\/www.asf-fischer.nl\/#\/schema\/logo\/image\/"}}]}},"uagb_featured_image_src":{"full":false,"thumbnail":false,"medium":false,"medium_large":false,"large":false,"1536x1536":false,"2048x2048":false},"uagb_author_info":{"display_name":"admin","author_link":"https:\/\/www.asf-fischer.com\/de\/author\/admin\/"},"uagb_comment_info":0,"uagb_excerpt":"Alle unsere Produkte finden Sie in unserem Online-Webshop Wenn Sie in Ruhe durch unsere Kataloge bl\u00e4ttern m\u00f6chten, klicken Sie auf die unten stehenden Links.","_links":{"self":[{"href":"https:\/\/www.asf-fischer.com\/de\/wp-json\/wp\/v2\/pages\/9804","targetHints":{"allow":["GET"]}}],"collection":[{"href":"https:\/\/www.asf-fischer.com\/de\/wp-json\/wp\/v2\/pages"}],"about":[{"href":"https:\/\/www.asf-fischer.com\/de\/wp-json\/wp\/v2\/types\/page"}],"author":[{"embeddable":true,"href":"https:\/\/www.asf-fischer.com\/de\/wp-json\/wp\/v2\/users\/1"}],"replies":[{"embeddable":true,"href":"https:\/\/www.asf-fischer.com\/de\/wp-json\/wp\/v2\/comments?post=9804"}],"version-history":[{"count":6,"href":"https:\/\/www.asf-fischer.com\/de\/wp-json\/wp\/v2\/pages\/9804\/revisions"}],"predecessor-version":[{"id":21658,"href":"https:\/\/www.asf-fischer.com\/de\/wp-json\/wp\/v2\/pages\/9804\/revisions\/21658"}],"wp:attachment":[{"href":"https:\/\/www.asf-fischer.com\/de\/wp-json\/wp\/v2\/media?parent=9804"}],"curies":[{"name":"wp","href":"https:\/\/api.w.org\/{rel}","templated":true}]}}