{"id":9758,"date":"2023-02-07T16:30:42","date_gmt":"2023-02-07T15:30:42","guid":{"rendered":"https:\/\/www.asf-fischer.com\/privacy-en-cookie-policy\/"},"modified":"2023-05-15T13:39:59","modified_gmt":"2023-05-15T11:39:59","slug":"privacy-en-cookie-policy","status":"publish","type":"page","link":"https:\/\/www.asf-fischer.com\/fr\/privacy-en-cookie-policy\/","title":{"rendered":"Politique de confidentialit\u00e9 et de cookies"},"content":{"rendered":"\n<div class=\"wp-block-uagb-container uagb-block-752ffc5a alignfull uagb-is-root-container\"><div class=\"uagb-container-inner-blocks-wrap\">\n<div class=\"wp-block-uagb-info-box uagb-block-63c1635d uagb-infobox__content-wrap  uagb-infobox-icon-below-title uagb-infobox-image-valign-top hero-info\"><div class=\"uagb-ifb-content\"><div class=\"uagb-ifb-title-wrap\"><span class=\"uagb-ifb-title-prefix\">      <\/span><h1 class=\"uagb-ifb-title\">Politique de confidentialit\u00e9 et de cookies<\/h1><\/div><\/div><\/div>\n<\/div><\/div>\n\n<div class=\"wp-block-uagb-container uagb-block-099d89c0 alignfull uagb-is-root-container\"><div class=\"uagb-container-inner-blocks-wrap\">\n<div class=\"wp-block-uagb-container uagb-block-6b4a5b9b alignfull uagb-is-root-container\"><div class=\"uagb-container-inner-blocks-wrap\">\n<div class=\"wp-block-uagb-container uagb-block-af53a540\">\n<p>Dans cette d\u00e9claration de confidentialit\u00e9, A.S.F. Fischer BV explique comment nous traitons les donn\u00e9es personnelles que nous obtenons lors de nos contacts avec vous. A.S.F. Fischer BV respecte les dispositions de l&rsquo;AVG (R\u00e8glement g\u00e9n\u00e9ral sur la protection des donn\u00e9es). <\/p>\n\n\n\n<p>ASF Fischer, situ\u00e9 \u00e0 Zilverstraat 1, 8211 AN Lelystad, est responsable du traitement des donn\u00e9es personnelles comme indiqu\u00e9 dans cette d\u00e9claration de confidentialit\u00e9.<\/p>\n\n\n\n<h3 class=\"wp-block-heading\">D\u00e9tails du contact:<\/h3>\n\n\n\n<p>A.S.F. Fischer<br\/>Zilverstraat 1<br\/>8211 AN Lelystad LES PAYS BAS<\/p>\n\n\n\n<p><a href=\"tel:+31320285610\">+31 320 28 56 10<\/a><\/p>\n\n\n\n<p><a href=\"https:\/\/www.asf-fischer.com\/\">https:\/\/www.asf-fischer.com\/<\/a><\/p>\n\n\n\n<h3 class=\"wp-block-heading\">Donn\u00e9es personnelles que nous traitons<\/h3>\n\n\n\n<p>ASF Fischer traite vos donn\u00e9es personnelles parce que vous utilisez nos services et\/ou parce que vous nous les fournissez vous-m\u00eame.<\/p>\n\n\n\n<h3 class=\"wp-block-heading\">Vous trouverez ci-dessous un aper\u00e7u des donn\u00e9es personnelles que nous traitons :<\/h3>\n\n\n\n<ul class=\"wp-block-list\">\n<li>Nom et pr\u00e9nom ;<\/li>\n\n\n\n<li>Sexe;<\/li>\n\n\n\n<li>Donn\u00e9es d&rsquo;adresse ;<\/li>\n\n\n\n<li>Num\u00e9ro de t\u00e9l\u00e9phone;<\/li>\n\n\n\n<li>Adresse e-mail;<\/li>\n\n\n\n<li>Donn\u00e9es de localisation;<\/li>\n\n\n\n<li>Informations sur vos activit\u00e9s sur notre site Web;<\/li>\n\n\n\n<li>Navigateur Internet et type d&rsquo;appareil ;<\/li>\n<\/ul>\n\n\n\n<div style=\"margin-top:0;margin-bottom:0;height:20px\" aria-hidden=\"true\" class=\"wp-block-spacer\"><\/div>\n\n\n\n<h3 class=\"wp-block-heading\">Donn\u00e9es personnelles sp\u00e9ciales et\/ou sensibles que nous traitons.<\/h3>\n\n\n\n<p>Notre site Web et\/ou service n&rsquo;a pas l&rsquo;intention de collecter des donn\u00e9es sur les visiteurs du site Web de moins de 16 ans. Sauf s&rsquo;ils ont le consentement des parents ou du tuteur. Cependant, nous ne pouvons pas v\u00e9rifier si un visiteur a plus de 16 ans. Nous conseillons donc aux parents de s&rsquo;impliquer dans les activit\u00e9s en ligne de leurs enfants, afin d&rsquo;\u00e9viter que des donn\u00e9es sur les enfants soient collect\u00e9es sans le consentement parental. Si vous \u00eates convaincu que nous avons collect\u00e9 des informations personnelles sur un mineur sans cette autorisation, veuillez nous contacter \u00e0 sales@asf-fischer.nl et nous supprimerons ces informations.    <\/p>\n\n\n\n<h3 class=\"wp-block-heading\">Dans quel but et sur quelle base traitons-nous les donn\u00e9es personnelles<\/h3>\n\n\n\n<ul class=\"wp-block-list\">\n<li>A.S.F. Fischer traite vos donn\u00e9es personnelles aux fins suivantes :<\/li>\n\n\n\n<li>Envoi de notre newsletter et\/ou plaquette publicitaire<\/li>\n\n\n\n<li>Pour pouvoir vous appeler ou vous envoyer un e-mail si cela est n\u00e9cessaire pour ex\u00e9cuter nos services<\/li>\n\n\n\n<li>Pour vous informer des modifications apport\u00e9es \u00e0 nos services et produits<\/li>\n\n\n\n<li>Pour vous offrir la possibilit\u00e9 de cr\u00e9er un compte<\/li>\n\n\n\n<li>Pour vous livrer des biens et des services<\/li>\n\n\n\n<li>Facturation de nos livraisons<\/li>\n\n\n\n<li>A.S.F. Fischer analyse votre comportement sur le site Web afin d&rsquo;am\u00e9liorer le site Web et d&rsquo;adapter la gamme de produits et de services \u00e0 vos pr\u00e9f\u00e9rences.<\/li>\n\n\n\n<li>A.S.F. Fischer traite \u00e9galement des donn\u00e9es personnelles si nous sommes l\u00e9galement tenus de le faire, telles que les donn\u00e9es dont nous avons besoin pour notre d\u00e9claration de revenus.<\/li>\n<\/ul>\n\n\n\n<div style=\"margin-top:0;margin-bottom:0;height:20px\" aria-hidden=\"true\" class=\"wp-block-spacer\"><\/div>\n\n\n\n<h3 class=\"wp-block-heading\">Combien de temps conservons-nous les donn\u00e9es personnelles<\/h3>\n\n\n\n<p>A.S.F. Fischer ne conserve pas vos donn\u00e9es personnelles plus longtemps que strictement n\u00e9cessaire pour atteindre les finalit\u00e9s pour lesquelles vos donn\u00e9es sont collect\u00e9es. Nous utilisons les dur\u00e9es de conservation suivantes pour les (cat\u00e9gories) de donn\u00e9es personnelles suivantes : <\/p>\n\n\n\n<h3 class=\"wp-block-heading\">Newsletter<\/h3>\n\n\n\n<p>Nous envoyons p\u00e9riodiquement une newsletter num\u00e9rique par e-mail \u00e0 nos clients et aux parties int\u00e9ress\u00e9es. Nous n&rsquo;enverrons cette newsletter qu&rsquo;aux personnes qui ont indiqu\u00e9 qu&rsquo;elles souhaitent recevoir la newsletter. Un lien de d\u00e9sinscription est plac\u00e9 dans chaque newsletter, afin que le destinataire puisse se d\u00e9sinscrire imm\u00e9diatement. Nous n&rsquo;utilisons le fichier des abonn\u00e9s que pour l&rsquo;envoi de nos propres mailings. Nous stockons vos donn\u00e9es personnelles sur les serveurs d&rsquo;IJzersterk (notre programme de messagerie \u00e9lectronique, qui est bien entendu conforme au RGPD). Ils prennent votre vie priv\u00e9e aussi au s\u00e9rieux que nous et ne partagent jamais vos informations avec d&rsquo;autres.     <\/p>\n\n\n\n<h3 class=\"wp-block-heading\">Partage de donn\u00e9es personnelles avec des tiers<\/h3>\n\n\n\n<p>ASF Fischer fournit uniquement \u00e0 des tiers et uniquement si cela est n\u00e9cessaire pour l&rsquo;ex\u00e9cution de notre accord avec vous ou pour se conformer \u00e0 une obligation l\u00e9gale.<\/p>\n\n\n\n<h3 class=\"wp-block-heading\">Cookies, ou techniques similaires, que nous utilisons<\/h3>\n\n\n\n<p>ASF Fischer utilise des cookies fonctionnels, analytiques et de suivi. Un cookie est un petit fichier texte qui est stock\u00e9 dans le navigateur de votre ordinateur, tablette ou smartphone lors de votre premi\u00e8re visite sur ce site. ASF Fischer utilise des cookies avec une fonctionnalit\u00e9 purement technique. Ceux-ci garantissent que le site Web fonctionne correctement et que, par exemple, vos param\u00e8tres pr\u00e9f\u00e9r\u00e9s sont m\u00e9moris\u00e9s. Ces cookies sont \u00e9galement utilis\u00e9s pour faire fonctionner le site Web correctement et pour l&rsquo;optimiser. De plus, nous pla\u00e7ons des cookies qui suivent votre comportement de navigation afin que nous puissions proposer un contenu et des publicit\u00e9s personnalis\u00e9s. Lors de votre premi\u00e8re visite sur notre site Web, nous vous avons d\u00e9j\u00e0 inform\u00e9 de ces cookies et demand\u00e9 l&rsquo;autorisation de les placer.      <\/p>\n\n\n\n<p>Vous pouvez d\u00e9sactiver les cookies en configurant votre navigateur Internet de sorte qu&rsquo;il ne stocke plus de cookies. En outre, vous pouvez \u00e9galement supprimer toutes les informations pr\u00e9c\u00e9demment enregistr\u00e9es via les param\u00e8tres de votre navigateur. <\/p>\n\n\n\n<h3 class=\"wp-block-heading\">Afficher, modifier ou supprimer des donn\u00e9es<\/h3>\n\n\n\n<p>Vous avez le droit de consulter, de corriger ou de supprimer vos donn\u00e9es personnelles. En outre, vous avez le droit de retirer votre consentement au traitement des donn\u00e9es ou de vous opposer au traitement de vos donn\u00e9es personnelles par ASF Fischer et vous avez le droit \u00e0 la portabilit\u00e9 des donn\u00e9es. Cela signifie que vous pouvez nous soumettre une demande pour envoyer les donn\u00e9es personnelles que nous d\u00e9tenons \u00e0 votre sujet dans un fichier informatique \u00e0 vous ou \u00e0 une autre organisation que vous avez mentionn\u00e9e.  <\/p>\n\n\n\n<p>Vous pouvez envoyer une demande d&rsquo;inspection, de correction, de suppression, de transfert de donn\u00e9es de vos donn\u00e9es personnelles ou une demande de retrait de votre consentement ou d&rsquo;opposition au traitement de vos donn\u00e9es personnelles \u00e0 sales@asf-fischer.nl.<\/p>\n\n\n\n<p>Afin de vous assurer que la demande d&rsquo;inspection a \u00e9t\u00e9 faite par vous, nous vous demandons de joindre une copie de votre pi\u00e8ce d&rsquo;identit\u00e9 \u00e0 la demande. Faites votre photo de passeport, MRZ (zone lisible par machine, la bande avec des num\u00e9ros au bas du passeport), num\u00e9ro de passeport et num\u00e9ro de service citoyen (BSN) en noir dans cette copie. C&rsquo;est pour prot\u00e9ger votre vie priv\u00e9e. Nous r\u00e9pondrons \u00e0 votre demande le plus rapidement possible, mais dans un d\u00e9lai de quatre semaines.   <\/p>\n\n\n\n<p>ASF Fischer tient \u00e9galement \u00e0 souligner que vous avez la possibilit\u00e9 de d\u00e9poser une plainte aupr\u00e8s de l&rsquo;autorit\u00e9 de contr\u00f4le nationale, l&rsquo;autorit\u00e9 n\u00e9erlandaise de protection des donn\u00e9es. Cela peut \u00eatre fait via le lien suivant : <a href=\"https:\/\/autoriteitpersoonsgegevens.nl\/nl\/contact-met-de-autoriteit-persoonsgegevens\/tip-ons\">https:\/\/autoriteitpersoonsgegevens.nl\/nl\/contact-met-de-autoriteit-persoonsgegevens\/tip-ons<\/a> <\/p>\n\n\n\n<h3 class=\"wp-block-heading\">Changements<\/h3>\n\n\n\n<p>Cette d\u00e9claration de confidentialit\u00e9 est susceptible d&rsquo;\u00eatre modifi\u00e9e. Tout changement sera annonc\u00e9 sur cette page.<\/p>\n\n\n\n<h3 class=\"wp-block-heading\">Comment nous s\u00e9curisons les donn\u00e9es personnelles<\/h3>\n\n\n\n<p>A.S.F. Fischer prend la protection de vos donn\u00e9es au s\u00e9rieux et prend les mesures appropri\u00e9es pour emp\u00eacher l&rsquo;utilisation abusive, la perte, l&rsquo;acc\u00e8s non autoris\u00e9, la divulgation non d\u00e9sir\u00e9e et la modification non autoris\u00e9e. Si vous avez l&rsquo;impression que vos donn\u00e9es ne sont pas correctement s\u00e9curis\u00e9es ou s&rsquo;il existe des indices d&rsquo;abus, veuillez contacter notre service client. <\/p>\n\n\n\n<p>A.S.F. Fischer BV<br\/>D\u00e9partement des ventes<\/p>\n\n\n\n<p><a href=\"tel:+31320285544\">0320-28 55 44<\/a><\/p>\n\n\n\n<p><a href=\"mailto:verkoop@asf-fischer.nl\">sales@asf-fischer.nl<\/a><\/p>\n<\/div>\n<\/div><\/div>\n<\/div><\/div>\n\n<div style=\"margin-top:0;margin-bottom:0;height:100px\" aria-hidden=\"true\" class=\"wp-block-spacer\"><\/div>\n","protected":false},"excerpt":{"rendered":"<p>Dans cette d\u00e9claration de confidentialit\u00e9, A.S.F. Fischer BV explique comment nous traitons les donn\u00e9es personnelles que nous obtenons lors de nos contacts avec vous. A.S.F. Fischer BV respecte les dispositions de l&rsquo;AVG (R\u00e8glement g\u00e9n\u00e9ral sur la protection des donn\u00e9es). ASF Fischer, situ\u00e9 \u00e0 Zilverstraat 1, 8211 AN Lelystad, est responsable du traitement des donn\u00e9es personnelles [&hellip;]<\/p>\n","protected":false},"author":2,"featured_media":0,"parent":0,"menu_order":0,"comment_status":"closed","ping_status":"closed","template":"","meta":{"_acf_changed":false,"inline_featured_image":false,"_uag_custom_page_level_css":"","site-sidebar-layout":"default","site-content-layout":"","ast-site-content-layout":"default","site-content-style":"default","site-sidebar-style":"default","ast-global-header-display":"","ast-banner-title-visibility":"","ast-main-header-display":"","ast-hfb-above-header-display":"","ast-hfb-below-header-display":"","ast-hfb-mobile-header-display":"","site-post-title":"disabled","ast-breadcrumbs-content":"","ast-featured-img":"","footer-sml-layout":"","ast-disable-related-posts":"","theme-transparent-header-meta":"enabled","adv-header-id-meta":"","stick-header-meta":"","header-above-stick-meta":"","header-main-stick-meta":"","header-below-stick-meta":"","astra-migrate-meta-layouts":"default","ast-page-background-enabled":"default","ast-page-background-meta":{"desktop":{"background-color":"","background-image":"","background-repeat":"repeat","background-position":"center center","background-size":"auto","background-attachment":"scroll","background-type":"","background-media":"","overlay-type":"","overlay-color":"","overlay-opacity":"","overlay-gradient":""},"tablet":{"background-color":"","background-image":"","background-repeat":"repeat","background-position":"center center","background-size":"auto","background-attachment":"scroll","background-type":"","background-media":"","overlay-type":"","overlay-color":"","overlay-opacity":"","overlay-gradient":""},"mobile":{"background-color":"","background-image":"","background-repeat":"repeat","background-position":"center center","background-size":"auto","background-attachment":"scroll","background-type":"","background-media":"","overlay-type":"","overlay-color":"","overlay-opacity":"","overlay-gradient":""}},"ast-content-background-meta":{"desktop":{"background-color":"var(--ast-global-color-5)","background-image":"","background-repeat":"repeat","background-position":"center center","background-size":"auto","background-attachment":"scroll","background-type":"","background-media":"","overlay-type":"","overlay-color":"","overlay-opacity":"","overlay-gradient":""},"tablet":{"background-color":"var(--ast-global-color-5)","background-image":"","background-repeat":"repeat","background-position":"center center","background-size":"auto","background-attachment":"scroll","background-type":"","background-media":"","overlay-type":"","overlay-color":"","overlay-opacity":"","overlay-gradient":""},"mobile":{"background-color":"var(--ast-global-color-5)","background-image":"","background-repeat":"repeat","background-position":"center center","background-size":"auto","background-attachment":"scroll","background-type":"","background-media":"","overlay-type":"","overlay-color":"","overlay-opacity":"","overlay-gradient":""}},"footnotes":""},"class_list":["post-9758","page","type-page","status-publish","hentry"],"acf":[],"yoast_head":"<!-- This site is optimized with the Yoast SEO plugin v27.4 - https:\/\/yoast.com\/product\/yoast-seo-wordpress\/ -->\n<title>Politique de confidentialit\u00e9 et de cookies - A.S.F. Fischer<\/title>\n<meta name=\"robots\" content=\"noindex, nofollow\" \/>\n<meta property=\"og:locale\" content=\"fr_FR\" \/>\n<meta property=\"og:type\" content=\"article\" \/>\n<meta property=\"og:title\" content=\"Politique de confidentialit\u00e9 et de cookies - A.S.F. Fischer\" \/>\n<meta property=\"og:description\" content=\"Dans cette d\u00e9claration de confidentialit\u00e9, A.S.F. Fischer BV explique comment nous traitons les donn\u00e9es personnelles que nous obtenons lors de nos contacts avec vous. A.S.F. Fischer BV respecte les dispositions de l&rsquo;AVG (R\u00e8glement g\u00e9n\u00e9ral sur la protection des donn\u00e9es). ASF Fischer, situ\u00e9 \u00e0 Zilverstraat 1, 8211 AN Lelystad, est responsable du traitement des donn\u00e9es personnelles [&hellip;]\" \/>\n<meta property=\"og:url\" content=\"https:\/\/www.asf-fischer.com\/fr\/privacy-en-cookie-policy\/\" \/>\n<meta property=\"og:site_name\" content=\"A.S.F. Fischer\" \/>\n<meta property=\"article:modified_time\" content=\"2023-05-15T11:39:59+00:00\" \/>\n<meta name=\"twitter:card\" content=\"summary_large_image\" \/>\n<meta name=\"twitter:label1\" content=\"Dur\u00e9e de lecture estim\u00e9e\" \/>\n\t<meta name=\"twitter:data1\" content=\"6 minutes\" \/>\n<script type=\"application\/ld+json\" class=\"yoast-schema-graph\">{\"@context\":\"https:\\\/\\\/schema.org\",\"@graph\":[{\"@type\":\"WebPage\",\"@id\":\"https:\\\/\\\/www.asf-fischer.com\\\/fr\\\/privacy-en-cookie-policy\\\/\",\"url\":\"https:\\\/\\\/www.asf-fischer.com\\\/fr\\\/privacy-en-cookie-policy\\\/\",\"name\":\"Politique de confidentialit\u00e9 et de cookies - A.S.F. Fischer\",\"isPartOf\":{\"@id\":\"https:\\\/\\\/www.asf-fischer.nl\\\/#website\"},\"datePublished\":\"2023-02-07T15:30:42+00:00\",\"dateModified\":\"2023-05-15T11:39:59+00:00\",\"breadcrumb\":{\"@id\":\"https:\\\/\\\/www.asf-fischer.com\\\/fr\\\/privacy-en-cookie-policy\\\/#breadcrumb\"},\"inLanguage\":\"fr-FR\",\"potentialAction\":[{\"@type\":\"ReadAction\",\"target\":[\"https:\\\/\\\/www.asf-fischer.com\\\/fr\\\/privacy-en-cookie-policy\\\/\"]}]},{\"@type\":\"BreadcrumbList\",\"@id\":\"https:\\\/\\\/www.asf-fischer.com\\\/fr\\\/privacy-en-cookie-policy\\\/#breadcrumb\",\"itemListElement\":[{\"@type\":\"ListItem\",\"position\":1,\"name\":\"Home\",\"item\":\"https:\\\/\\\/www.asf-fischer.com\\\/fr\\\/\"},{\"@type\":\"ListItem\",\"position\":2,\"name\":\"Politique de confidentialit\u00e9 et de cookies\"}]},{\"@type\":\"WebSite\",\"@id\":\"https:\\\/\\\/www.asf-fischer.nl\\\/#website\",\"url\":\"https:\\\/\\\/www.asf-fischer.nl\\\/\",\"name\":\"A.S.F. Fischer\",\"description\":\"Partner in fasteners\",\"publisher\":{\"@id\":\"https:\\\/\\\/www.asf-fischer.nl\\\/#organization\"},\"potentialAction\":[{\"@type\":\"SearchAction\",\"target\":{\"@type\":\"EntryPoint\",\"urlTemplate\":\"https:\\\/\\\/www.asf-fischer.nl\\\/?s={search_term_string}\"},\"query-input\":{\"@type\":\"PropertyValueSpecification\",\"valueRequired\":true,\"valueName\":\"search_term_string\"}}],\"inLanguage\":\"fr-FR\"},{\"@type\":\"Organization\",\"@id\":\"https:\\\/\\\/www.asf-fischer.nl\\\/#organization\",\"name\":\"A.S.F. Fischer\",\"url\":\"https:\\\/\\\/www.asf-fischer.nl\\\/\",\"logo\":{\"@type\":\"ImageObject\",\"inLanguage\":\"fr-FR\",\"@id\":\"https:\\\/\\\/www.asf-fischer.nl\\\/#\\\/schema\\\/logo\\\/image\\\/\",\"url\":\"https:\\\/\\\/www.asf-fischer.com\\\/wp-content\\\/uploads\\\/2026\\\/01\\\/ASF-Fischer-PIFAT-logo-actueel-e1768991354497-1.svg\",\"contentUrl\":\"https:\\\/\\\/www.asf-fischer.com\\\/wp-content\\\/uploads\\\/2026\\\/01\\\/ASF-Fischer-PIFAT-logo-actueel-e1768991354497-1.svg\",\"caption\":\"A.S.F. Fischer\"},\"image\":{\"@id\":\"https:\\\/\\\/www.asf-fischer.nl\\\/#\\\/schema\\\/logo\\\/image\\\/\"}}]}<\/script>\n<!-- \/ Yoast SEO plugin. -->","yoast_head_json":{"title":"Politique de confidentialit\u00e9 et de cookies - A.S.F. Fischer","robots":{"index":"noindex","follow":"nofollow"},"og_locale":"fr_FR","og_type":"article","og_title":"Politique de confidentialit\u00e9 et de cookies - A.S.F. Fischer","og_description":"Dans cette d\u00e9claration de confidentialit\u00e9, A.S.F. Fischer BV explique comment nous traitons les donn\u00e9es personnelles que nous obtenons lors de nos contacts avec vous. A.S.F. Fischer BV respecte les dispositions de l&rsquo;AVG (R\u00e8glement g\u00e9n\u00e9ral sur la protection des donn\u00e9es). ASF Fischer, situ\u00e9 \u00e0 Zilverstraat 1, 8211 AN Lelystad, est responsable du traitement des donn\u00e9es personnelles [&hellip;]","og_url":"https:\/\/www.asf-fischer.com\/fr\/privacy-en-cookie-policy\/","og_site_name":"A.S.F. Fischer","article_modified_time":"2023-05-15T11:39:59+00:00","twitter_card":"summary_large_image","twitter_misc":{"Dur\u00e9e de lecture estim\u00e9e":"6 minutes"},"schema":{"@context":"https:\/\/schema.org","@graph":[{"@type":"WebPage","@id":"https:\/\/www.asf-fischer.com\/fr\/privacy-en-cookie-policy\/","url":"https:\/\/www.asf-fischer.com\/fr\/privacy-en-cookie-policy\/","name":"Politique de confidentialit\u00e9 et de cookies - A.S.F. Fischer","isPartOf":{"@id":"https:\/\/www.asf-fischer.nl\/#website"},"datePublished":"2023-02-07T15:30:42+00:00","dateModified":"2023-05-15T11:39:59+00:00","breadcrumb":{"@id":"https:\/\/www.asf-fischer.com\/fr\/privacy-en-cookie-policy\/#breadcrumb"},"inLanguage":"fr-FR","potentialAction":[{"@type":"ReadAction","target":["https:\/\/www.asf-fischer.com\/fr\/privacy-en-cookie-policy\/"]}]},{"@type":"BreadcrumbList","@id":"https:\/\/www.asf-fischer.com\/fr\/privacy-en-cookie-policy\/#breadcrumb","itemListElement":[{"@type":"ListItem","position":1,"name":"Home","item":"https:\/\/www.asf-fischer.com\/fr\/"},{"@type":"ListItem","position":2,"name":"Politique de confidentialit\u00e9 et de cookies"}]},{"@type":"WebSite","@id":"https:\/\/www.asf-fischer.nl\/#website","url":"https:\/\/www.asf-fischer.nl\/","name":"A.S.F. Fischer","description":"Partner in fasteners","publisher":{"@id":"https:\/\/www.asf-fischer.nl\/#organization"},"potentialAction":[{"@type":"SearchAction","target":{"@type":"EntryPoint","urlTemplate":"https:\/\/www.asf-fischer.nl\/?s={search_term_string}"},"query-input":{"@type":"PropertyValueSpecification","valueRequired":true,"valueName":"search_term_string"}}],"inLanguage":"fr-FR"},{"@type":"Organization","@id":"https:\/\/www.asf-fischer.nl\/#organization","name":"A.S.F. Fischer","url":"https:\/\/www.asf-fischer.nl\/","logo":{"@type":"ImageObject","inLanguage":"fr-FR","@id":"https:\/\/www.asf-fischer.nl\/#\/schema\/logo\/image\/","url":"https:\/\/www.asf-fischer.com\/wp-content\/uploads\/2026\/01\/ASF-Fischer-PIFAT-logo-actueel-e1768991354497-1.svg","contentUrl":"https:\/\/www.asf-fischer.com\/wp-content\/uploads\/2026\/01\/ASF-Fischer-PIFAT-logo-actueel-e1768991354497-1.svg","caption":"A.S.F. Fischer"},"image":{"@id":"https:\/\/www.asf-fischer.nl\/#\/schema\/logo\/image\/"}}]}},"uagb_featured_image_src":{"full":false,"thumbnail":false,"medium":false,"medium_large":false,"large":false,"1536x1536":false,"2048x2048":false},"uagb_author_info":{"display_name":"Support","author_link":"https:\/\/www.asf-fischer.com\/fr\/author\/support\/"},"uagb_comment_info":0,"uagb_excerpt":"Dans cette d\u00e9claration de confidentialit\u00e9, A.S.F. Fischer BV explique comment nous traitons les donn\u00e9es personnelles que nous obtenons lors de nos contacts avec vous. A.S.F. Fischer BV respecte les dispositions de l&rsquo;AVG (R\u00e8glement g\u00e9n\u00e9ral sur la protection des donn\u00e9es). ASF Fischer, situ\u00e9 \u00e0 Zilverstraat 1, 8211 AN Lelystad, est responsable du traitement des donn\u00e9es personnelles\u2026","_links":{"self":[{"href":"https:\/\/www.asf-fischer.com\/fr\/wp-json\/wp\/v2\/pages\/9758","targetHints":{"allow":["GET"]}}],"collection":[{"href":"https:\/\/www.asf-fischer.com\/fr\/wp-json\/wp\/v2\/pages"}],"about":[{"href":"https:\/\/www.asf-fischer.com\/fr\/wp-json\/wp\/v2\/types\/page"}],"author":[{"embeddable":true,"href":"https:\/\/www.asf-fischer.com\/fr\/wp-json\/wp\/v2\/users\/2"}],"replies":[{"embeddable":true,"href":"https:\/\/www.asf-fischer.com\/fr\/wp-json\/wp\/v2\/comments?post=9758"}],"version-history":[{"count":3,"href":"https:\/\/www.asf-fischer.com\/fr\/wp-json\/wp\/v2\/pages\/9758\/revisions"}],"predecessor-version":[{"id":10243,"href":"https:\/\/www.asf-fischer.com\/fr\/wp-json\/wp\/v2\/pages\/9758\/revisions\/10243"}],"wp:attachment":[{"href":"https:\/\/www.asf-fischer.com\/fr\/wp-json\/wp\/v2\/media?parent=9758"}],"curies":[{"name":"wp","href":"https:\/\/api.w.org\/{rel}","templated":true}]}}