{"id":9806,"date":"2023-03-07T09:26:43","date_gmt":"2023-03-07T08:26:43","guid":{"rendered":"https:\/\/www.asf-fischer.com\/brochures\/"},"modified":"2023-09-21T14:02:09","modified_gmt":"2023-09-21T12:02:09","slug":"brochures","status":"publish","type":"page","link":"https:\/\/www.asf-fischer.com\/fr\/brochures\/","title":{"rendered":"D\u00e9pliants"},"content":{"rendered":"\n<div class=\"wp-block-uagb-container uagb-block-4f6c104d alignfull uagb-is-root-container\"><div class=\"uagb-container-inner-blocks-wrap\">\n<div class=\"wp-block-uagb-info-box uagb-block-2c567b69 uagb-infobox__content-wrap  uagb-infobox-icon-below-title uagb-infobox-image-valign-top hero-info\"><div class=\"uagb-ifb-content\"><div class=\"uagb-ifb-title-wrap\"><span class=\"uagb-ifb-title-prefix\">      <\/span><h1 class=\"uagb-ifb-title\">D\u00e9pliants<\/h1><\/div><p class=\"uagb-ifb-desc\">Pour favoriser vos ventes, nous avons con\u00e7u diverses expressions promotionnelles pour nos marques fortes. Pour diff\u00e9rents assortiments, nous pouvons fournir du mat\u00e9riel de brochure ou des ensembles d&rsquo;\u00e9chantillons destin\u00e9s \u00e0 votre client. Nous faisons \u00e9galement de la publicit\u00e9 dans un certain nombre de magazines sp\u00e9cialis\u00e9s et participons \u00e0 des salons professionnels pour promouvoir nos marques et nos produits.  <\/p><\/div><\/div>\n<\/div><\/div>\n\n\n\n<div class=\"wp-block-uagb-container asf-catalogus uagb-block-43bbbc52 alignfull uagb-is-root-container\"><div class=\"uagb-container-inner-blocks-wrap\">\n<div class=\"wp-block-uagb-container uagb-block-8582eb11\">\n<div class=\"wp-block-uagb-container uagb-block-16b19ce4\">\n<p style=\"font-size:24px\">Tous nos produits peuvent \u00eatre trouv\u00e9s dans notre <a href=\"https:\/\/webshop.asf-fischer.nl\/\" target=\"_blank\" rel=\"noreferrer noopener\">boutique en ligne.<\/a> Si vous souhaitez parcourir nos catalogues physiques \u00e0 votre guise, cliquez sur les liens ci-dessous.<\/p>\n\n\n\n<div class=\"wp-block-buttons is-vertical is-layout-flex wp-container-core-buttons-is-layout-fe9cc265 wp-block-buttons-is-layout-flex\">\n<div class=\"wp-block-button\"><a class=\"wp-block-button__link wp-element-button\" href=\"https:\/\/webshop.asf-fischer.nl\/amfile\/file\/download\/file\/RnahidE2ebApd73jNcch74SDgzhaQ9JQ\/\" target=\"_blank\" rel=\"noreferrer noopener\">Catalogue ASF Fischer \u00e9dition 34<\/a><\/div>\n\n\n\n<div class=\"wp-block-button\"><a class=\"wp-block-button__link wp-element-button\" href=\"https:\/\/www.asf-fischer.com\/wp-content\/uploads\/2023\/05\/Catalogus-Woodies-Engels-LR.pdf\" target=\"_blank\" rel=\"noreferrer noopener\">Catalogue Woodies<\/a><\/div>\n\n\n\n<div class=\"wp-block-button\"><a class=\"wp-block-button__link wp-element-button\" href=\"https:\/\/webshop.asf-fischer.nl\/amfile\/file\/download\/file\/IEGdWlsgBGphao3qdhLsiGb8YS7xoWDq\/\" target=\"_blank\" rel=\"noreferrer noopener\">Catalogue Steelies<\/a><\/div>\n\n\n\n<div class=\"wp-block-button\"><a class=\"wp-block-button__link wp-element-button\" href=\"https:\/\/webshop.asf-fischer.nl\/amfile\/file\/download\/file\/LdaQh3GrLpdRTFPyZZIAzIIFqutHxbWx\/\" target=\"_blank\" rel=\"noreferrer noopener\"><strong>Catalogue Blackline<\/strong><\/a><\/div>\n\n\n\n<div class=\"wp-block-button\"><a class=\"wp-block-button__link wp-element-button\" href=\"https:\/\/webshop.asf-fischer.nl\/amfile\/file\/download\/file\/ZnRdNmoUD8wCDnTCi76nN0hw2V7LsAcx\/\" target=\"_blank\" rel=\"noreferrer noopener\">Catalogue GB<\/a><\/div>\n\n\n\n<div class=\"wp-block-button\"><a class=\"wp-block-button__link wp-element-button\" href=\"https:\/\/www.asf-fischer.com\/wp-content\/uploads\/2023\/05\/REX-Catalogus-2023-correct.pdf\" target=\"_blank\" rel=\"noreferrer noopener\">Catalogue REX<\/a><\/div>\n\n\n\n<div class=\"wp-block-button\"><a class=\"wp-block-button__link wp-element-button\" href=\"https:\/\/webshop.asf-fischer.nl\/amfile\/file\/download\/file\/L90Ym2LUFb8F3VonCgg8TNv8j3qgumBb\/\" target=\"_blank\" rel=\"noreferrer noopener\">Journal du jardin printemps 2022<\/a><\/div>\n\n\n\n<div class=\"wp-block-button\"><a class=\"wp-block-button__link wp-element-button\" href=\"https:\/\/www.asf-fischer.com\/wp-content\/uploads\/2023\/06\/3-luik-flyer-A.S.F.-Fischer-ENG.pdf\" target=\"_blank\" rel=\"noreferrer noopener\">A.S.F. Fischer prospectus<\/a><\/div>\n\n\n\n<div class=\"wp-block-button\"><a class=\"wp-block-button__link wp-element-button\" href=\"https:\/\/www.asf-fischer.com\/wp-content\/uploads\/2023\/06\/3-luik-flyer-Woodies-Ultimate-1ENG.pdf\" target=\"_blank\" rel=\"noreferrer noopener\">Woodies prospectus<\/a><\/div>\n\n\n\n<div class=\"wp-block-button\"><a class=\"wp-block-button__link wp-element-button\" href=\"https:\/\/www.asf-fischer.com\/wp-content\/uploads\/2023\/06\/3-luik-flyer-InterDynamics-FR.pdf\" target=\"_blank\" rel=\"noreferrer noopener\">InterDynamics prospectus<\/a><\/div>\n\n\n\n<div class=\"wp-block-button\"><a class=\"wp-block-button__link wp-element-button\" href=\"https:\/\/www.asf-fischer.com\/wp-content\/uploads\/2023\/06\/3-luik-flyer-Blackline-ENG.pdf\" target=\"_blank\" rel=\"noreferrer noopener\">Blackline prospectus<\/a><\/div>\n<\/div>\n\n\n\n<div style=\"margin-top:0;margin-bottom:0;height:163px\" aria-hidden=\"true\" class=\"wp-block-spacer\"><\/div>\n<\/div>\n\n\n\n<div class=\"wp-block-uagb-container uagb-block-373e175e\">\n<figure class=\"wp-block-image size-full mt-0\"><img decoding=\"async\" width=\"728\" height=\"505\" src=\"https:\/\/www.asf-fischer.com\/wp-content\/uploads\/2022\/11\/catalogus-visual.png\" alt=\"\" class=\"wp-image-1955\" srcset=\"https:\/\/www.asf-fischer.com\/wp-content\/uploads\/2022\/11\/catalogus-visual.png 728w, https:\/\/www.asf-fischer.com\/wp-content\/uploads\/2022\/11\/catalogus-visual-300x208.png 300w\" sizes=\"(max-width: 728px) 100vw, 728px\" \/><\/figure>\n<\/div>\n<\/div>\n<\/div><\/div>\n","protected":false},"excerpt":{"rendered":"<p>Tous nos produits peuvent \u00eatre trouv\u00e9s dans notre boutique en ligne. Si vous souhaitez parcourir nos catalogues physiques \u00e0 votre guise, cliquez sur les liens ci-dessous.<\/p>\n","protected":false},"author":1,"featured_media":0,"parent":0,"menu_order":0,"comment_status":"closed","ping_status":"closed","template":"","meta":{"_acf_changed":false,"inline_featured_image":false,"_uag_custom_page_level_css":"","site-sidebar-layout":"default","site-content-layout":"","ast-site-content-layout":"default","site-content-style":"default","site-sidebar-style":"default","ast-global-header-display":"","ast-banner-title-visibility":"","ast-main-header-display":"","ast-hfb-above-header-display":"","ast-hfb-below-header-display":"","ast-hfb-mobile-header-display":"","site-post-title":"disabled","ast-breadcrumbs-content":"","ast-featured-img":"","footer-sml-layout":"","ast-disable-related-posts":"","theme-transparent-header-meta":"enabled","adv-header-id-meta":"","stick-header-meta":"","header-above-stick-meta":"","header-main-stick-meta":"","header-below-stick-meta":"","astra-migrate-meta-layouts":"default","ast-page-background-enabled":"default","ast-page-background-meta":{"desktop":{"background-color":"","background-image":"","background-repeat":"repeat","background-position":"center center","background-size":"auto","background-attachment":"scroll","background-type":"","background-media":"","overlay-type":"","overlay-color":"","overlay-opacity":"","overlay-gradient":""},"tablet":{"background-color":"","background-image":"","background-repeat":"repeat","background-position":"center center","background-size":"auto","background-attachment":"scroll","background-type":"","background-media":"","overlay-type":"","overlay-color":"","overlay-opacity":"","overlay-gradient":""},"mobile":{"background-color":"","background-image":"","background-repeat":"repeat","background-position":"center center","background-size":"auto","background-attachment":"scroll","background-type":"","background-media":"","overlay-type":"","overlay-color":"","overlay-opacity":"","overlay-gradient":""}},"ast-content-background-meta":{"desktop":{"background-color":"var(--ast-global-color-5)","background-image":"","background-repeat":"repeat","background-position":"center center","background-size":"auto","background-attachment":"scroll","background-type":"","background-media":"","overlay-type":"","overlay-color":"","overlay-opacity":"","overlay-gradient":""},"tablet":{"background-color":"var(--ast-global-color-5)","background-image":"","background-repeat":"repeat","background-position":"center center","background-size":"auto","background-attachment":"scroll","background-type":"","background-media":"","overlay-type":"","overlay-color":"","overlay-opacity":"","overlay-gradient":""},"mobile":{"background-color":"var(--ast-global-color-5)","background-image":"","background-repeat":"repeat","background-position":"center center","background-size":"auto","background-attachment":"scroll","background-type":"","background-media":"","overlay-type":"","overlay-color":"","overlay-opacity":"","overlay-gradient":""}},"footnotes":""},"class_list":["post-9806","page","type-page","status-publish","hentry"],"acf":[],"yoast_head":"<!-- This site is optimized with the Yoast SEO plugin v27.4 - https:\/\/yoast.com\/product\/yoast-seo-wordpress\/ -->\n<title>D\u00e9pliants - A.S.F. Fischer<\/title>\n<meta name=\"robots\" content=\"index, follow, max-snippet:-1, max-image-preview:large, max-video-preview:-1\" \/>\n<link rel=\"canonical\" href=\"https:\/\/www.asf-fischer.com\/fr\/brochures\/\" \/>\n<meta property=\"og:locale\" content=\"fr_FR\" \/>\n<meta property=\"og:type\" content=\"article\" \/>\n<meta property=\"og:title\" content=\"D\u00e9pliants - A.S.F. Fischer\" \/>\n<meta property=\"og:description\" content=\"Tous nos produits peuvent \u00eatre trouv\u00e9s dans notre boutique en ligne. Si vous souhaitez parcourir nos catalogues physiques \u00e0 votre guise, cliquez sur les liens ci-dessous.\" \/>\n<meta property=\"og:url\" content=\"https:\/\/www.asf-fischer.com\/fr\/brochures\/\" \/>\n<meta property=\"og:site_name\" content=\"A.S.F. Fischer\" \/>\n<meta property=\"article:modified_time\" content=\"2023-09-21T12:02:09+00:00\" \/>\n<meta property=\"og:image\" content=\"https:\/\/www.asf-fischer.nl\/wp-content\/uploads\/2022\/11\/catalogus-visual.png\" \/>\n<meta name=\"twitter:card\" content=\"summary_large_image\" \/>\n<meta name=\"twitter:label1\" content=\"Dur\u00e9e de lecture estim\u00e9e\" \/>\n\t<meta name=\"twitter:data1\" content=\"1 minute\" \/>\n<script type=\"application\/ld+json\" class=\"yoast-schema-graph\">{\"@context\":\"https:\\\/\\\/schema.org\",\"@graph\":[{\"@type\":\"WebPage\",\"@id\":\"https:\\\/\\\/www.asf-fischer.com\\\/fr\\\/brochures\\\/\",\"url\":\"https:\\\/\\\/www.asf-fischer.com\\\/fr\\\/brochures\\\/\",\"name\":\"D\u00e9pliants - A.S.F. Fischer\",\"isPartOf\":{\"@id\":\"https:\\\/\\\/www.asf-fischer.nl\\\/#website\"},\"primaryImageOfPage\":{\"@id\":\"https:\\\/\\\/www.asf-fischer.com\\\/fr\\\/brochures\\\/#primaryimage\"},\"image\":{\"@id\":\"https:\\\/\\\/www.asf-fischer.com\\\/fr\\\/brochures\\\/#primaryimage\"},\"thumbnailUrl\":\"https:\\\/\\\/www.asf-fischer.com\\\/wp-content\\\/uploads\\\/2022\\\/11\\\/catalogus-visual.png\",\"datePublished\":\"2023-03-07T08:26:43+00:00\",\"dateModified\":\"2023-09-21T12:02:09+00:00\",\"breadcrumb\":{\"@id\":\"https:\\\/\\\/www.asf-fischer.com\\\/fr\\\/brochures\\\/#breadcrumb\"},\"inLanguage\":\"fr-FR\",\"potentialAction\":[{\"@type\":\"ReadAction\",\"target\":[\"https:\\\/\\\/www.asf-fischer.com\\\/fr\\\/brochures\\\/\"]}]},{\"@type\":\"ImageObject\",\"inLanguage\":\"fr-FR\",\"@id\":\"https:\\\/\\\/www.asf-fischer.com\\\/fr\\\/brochures\\\/#primaryimage\",\"url\":\"https:\\\/\\\/www.asf-fischer.com\\\/wp-content\\\/uploads\\\/2022\\\/11\\\/catalogus-visual.png\",\"contentUrl\":\"https:\\\/\\\/www.asf-fischer.com\\\/wp-content\\\/uploads\\\/2022\\\/11\\\/catalogus-visual.png\"},{\"@type\":\"BreadcrumbList\",\"@id\":\"https:\\\/\\\/www.asf-fischer.com\\\/fr\\\/brochures\\\/#breadcrumb\",\"itemListElement\":[{\"@type\":\"ListItem\",\"position\":1,\"name\":\"Home\",\"item\":\"https:\\\/\\\/www.asf-fischer.com\\\/fr\\\/\"},{\"@type\":\"ListItem\",\"position\":2,\"name\":\"D\u00e9pliants\"}]},{\"@type\":\"WebSite\",\"@id\":\"https:\\\/\\\/www.asf-fischer.nl\\\/#website\",\"url\":\"https:\\\/\\\/www.asf-fischer.nl\\\/\",\"name\":\"A.S.F. Fischer\",\"description\":\"Partner in fasteners\",\"publisher\":{\"@id\":\"https:\\\/\\\/www.asf-fischer.nl\\\/#organization\"},\"potentialAction\":[{\"@type\":\"SearchAction\",\"target\":{\"@type\":\"EntryPoint\",\"urlTemplate\":\"https:\\\/\\\/www.asf-fischer.nl\\\/?s={search_term_string}\"},\"query-input\":{\"@type\":\"PropertyValueSpecification\",\"valueRequired\":true,\"valueName\":\"search_term_string\"}}],\"inLanguage\":\"fr-FR\"},{\"@type\":\"Organization\",\"@id\":\"https:\\\/\\\/www.asf-fischer.nl\\\/#organization\",\"name\":\"A.S.F. Fischer\",\"url\":\"https:\\\/\\\/www.asf-fischer.nl\\\/\",\"logo\":{\"@type\":\"ImageObject\",\"inLanguage\":\"fr-FR\",\"@id\":\"https:\\\/\\\/www.asf-fischer.nl\\\/#\\\/schema\\\/logo\\\/image\\\/\",\"url\":\"https:\\\/\\\/www.asf-fischer.com\\\/wp-content\\\/uploads\\\/2026\\\/01\\\/ASF-Fischer-PIFAT-logo-actueel-e1768991354497-1.svg\",\"contentUrl\":\"https:\\\/\\\/www.asf-fischer.com\\\/wp-content\\\/uploads\\\/2026\\\/01\\\/ASF-Fischer-PIFAT-logo-actueel-e1768991354497-1.svg\",\"caption\":\"A.S.F. Fischer\"},\"image\":{\"@id\":\"https:\\\/\\\/www.asf-fischer.nl\\\/#\\\/schema\\\/logo\\\/image\\\/\"}}]}<\/script>\n<!-- \/ Yoast SEO plugin. -->","yoast_head_json":{"title":"D\u00e9pliants - A.S.F. Fischer","robots":{"index":"index","follow":"follow","max-snippet":"max-snippet:-1","max-image-preview":"max-image-preview:large","max-video-preview":"max-video-preview:-1"},"canonical":"https:\/\/www.asf-fischer.com\/fr\/brochures\/","og_locale":"fr_FR","og_type":"article","og_title":"D\u00e9pliants - A.S.F. Fischer","og_description":"Tous nos produits peuvent \u00eatre trouv\u00e9s dans notre boutique en ligne. Si vous souhaitez parcourir nos catalogues physiques \u00e0 votre guise, cliquez sur les liens ci-dessous.","og_url":"https:\/\/www.asf-fischer.com\/fr\/brochures\/","og_site_name":"A.S.F. Fischer","article_modified_time":"2023-09-21T12:02:09+00:00","og_image":[{"url":"https:\/\/www.asf-fischer.nl\/wp-content\/uploads\/2022\/11\/catalogus-visual.png","type":"","width":"","height":""}],"twitter_card":"summary_large_image","twitter_misc":{"Dur\u00e9e de lecture estim\u00e9e":"1 minute"},"schema":{"@context":"https:\/\/schema.org","@graph":[{"@type":"WebPage","@id":"https:\/\/www.asf-fischer.com\/fr\/brochures\/","url":"https:\/\/www.asf-fischer.com\/fr\/brochures\/","name":"D\u00e9pliants - A.S.F. Fischer","isPartOf":{"@id":"https:\/\/www.asf-fischer.nl\/#website"},"primaryImageOfPage":{"@id":"https:\/\/www.asf-fischer.com\/fr\/brochures\/#primaryimage"},"image":{"@id":"https:\/\/www.asf-fischer.com\/fr\/brochures\/#primaryimage"},"thumbnailUrl":"https:\/\/www.asf-fischer.com\/wp-content\/uploads\/2022\/11\/catalogus-visual.png","datePublished":"2023-03-07T08:26:43+00:00","dateModified":"2023-09-21T12:02:09+00:00","breadcrumb":{"@id":"https:\/\/www.asf-fischer.com\/fr\/brochures\/#breadcrumb"},"inLanguage":"fr-FR","potentialAction":[{"@type":"ReadAction","target":["https:\/\/www.asf-fischer.com\/fr\/brochures\/"]}]},{"@type":"ImageObject","inLanguage":"fr-FR","@id":"https:\/\/www.asf-fischer.com\/fr\/brochures\/#primaryimage","url":"https:\/\/www.asf-fischer.com\/wp-content\/uploads\/2022\/11\/catalogus-visual.png","contentUrl":"https:\/\/www.asf-fischer.com\/wp-content\/uploads\/2022\/11\/catalogus-visual.png"},{"@type":"BreadcrumbList","@id":"https:\/\/www.asf-fischer.com\/fr\/brochures\/#breadcrumb","itemListElement":[{"@type":"ListItem","position":1,"name":"Home","item":"https:\/\/www.asf-fischer.com\/fr\/"},{"@type":"ListItem","position":2,"name":"D\u00e9pliants"}]},{"@type":"WebSite","@id":"https:\/\/www.asf-fischer.nl\/#website","url":"https:\/\/www.asf-fischer.nl\/","name":"A.S.F. Fischer","description":"Partner in fasteners","publisher":{"@id":"https:\/\/www.asf-fischer.nl\/#organization"},"potentialAction":[{"@type":"SearchAction","target":{"@type":"EntryPoint","urlTemplate":"https:\/\/www.asf-fischer.nl\/?s={search_term_string}"},"query-input":{"@type":"PropertyValueSpecification","valueRequired":true,"valueName":"search_term_string"}}],"inLanguage":"fr-FR"},{"@type":"Organization","@id":"https:\/\/www.asf-fischer.nl\/#organization","name":"A.S.F. Fischer","url":"https:\/\/www.asf-fischer.nl\/","logo":{"@type":"ImageObject","inLanguage":"fr-FR","@id":"https:\/\/www.asf-fischer.nl\/#\/schema\/logo\/image\/","url":"https:\/\/www.asf-fischer.com\/wp-content\/uploads\/2026\/01\/ASF-Fischer-PIFAT-logo-actueel-e1768991354497-1.svg","contentUrl":"https:\/\/www.asf-fischer.com\/wp-content\/uploads\/2026\/01\/ASF-Fischer-PIFAT-logo-actueel-e1768991354497-1.svg","caption":"A.S.F. Fischer"},"image":{"@id":"https:\/\/www.asf-fischer.nl\/#\/schema\/logo\/image\/"}}]}},"uagb_featured_image_src":{"full":false,"thumbnail":false,"medium":false,"medium_large":false,"large":false,"1536x1536":false,"2048x2048":false},"uagb_author_info":{"display_name":"admin","author_link":"https:\/\/www.asf-fischer.com\/fr\/author\/admin\/"},"uagb_comment_info":0,"uagb_excerpt":"Tous nos produits peuvent \u00eatre trouv\u00e9s dans notre boutique en ligne. Si vous souhaitez parcourir nos catalogues physiques \u00e0 votre guise, cliquez sur les liens ci-dessous.","_links":{"self":[{"href":"https:\/\/www.asf-fischer.com\/fr\/wp-json\/wp\/v2\/pages\/9806","targetHints":{"allow":["GET"]}}],"collection":[{"href":"https:\/\/www.asf-fischer.com\/fr\/wp-json\/wp\/v2\/pages"}],"about":[{"href":"https:\/\/www.asf-fischer.com\/fr\/wp-json\/wp\/v2\/types\/page"}],"author":[{"embeddable":true,"href":"https:\/\/www.asf-fischer.com\/fr\/wp-json\/wp\/v2\/users\/1"}],"replies":[{"embeddable":true,"href":"https:\/\/www.asf-fischer.com\/fr\/wp-json\/wp\/v2\/comments?post=9806"}],"version-history":[{"count":5,"href":"https:\/\/www.asf-fischer.com\/fr\/wp-json\/wp\/v2\/pages\/9806\/revisions"}],"predecessor-version":[{"id":11494,"href":"https:\/\/www.asf-fischer.com\/fr\/wp-json\/wp\/v2\/pages\/9806\/revisions\/11494"}],"wp:attachment":[{"href":"https:\/\/www.asf-fischer.com\/fr\/wp-json\/wp\/v2\/media?parent=9806"}],"curies":[{"name":"wp","href":"https:\/\/api.w.org\/{rel}","templated":true}]}}