{"id":9814,"date":"2023-02-06T13:18:30","date_gmt":"2023-02-06T12:18:30","guid":{"rendered":"https:\/\/www.asf-fischer.com\/vente\/"},"modified":"2023-05-12T16:41:55","modified_gmt":"2023-05-12T14:41:55","slug":"vente","status":"publish","type":"page","link":"https:\/\/www.asf-fischer.com\/fr\/vente\/","title":{"rendered":"Vente"},"content":{"rendered":"\n<div class=\"wp-block-uagb-container uagb-block-df17c068 alignfull uagb-is-root-container\"><div class=\"uagb-container-inner-blocks-wrap\">\n<div class=\"wp-block-uagb-info-box uagb-block-f92eeb28 uagb-infobox__content-wrap  uagb-infobox-icon-below-title uagb-infobox-image-valign-top hero-info\"><div class=\"uagb-ifb-content\"><div class=\"uagb-ifb-title-wrap\"><span class=\"uagb-ifb-title-prefix\">      <\/span><h1 class=\"uagb-ifb-title\">Vente<\/h1><\/div><\/div><\/div>\n<\/div><\/div>\n\n\n\n<div class=\"wp-block-uagb-container uagb-block-f2e513f7 alignfull uagb-is-root-container\"><div class=\"uagb-container-inner-blocks-wrap\">\n<div class=\"wp-block-uagb-container uagb-block-f02a4904 alignfull uagb-is-root-container\"><div class=\"uagb-container-inner-blocks-wrap\">\n<div class=\"wp-block-uagb-container uagb-block-23f33c40\">\n<h2 class=\"wp-block-heading has-text-align-center\">Plus que des \u00e9l\u00e9ments de fixation.<\/h2>\n\n\n\n<p class=\"has-text-align-center\">Notre entreprise vous propose plus que des \u00e9l\u00e9ments de fixation. De l&rsquo;\u00e9tendue de l&rsquo;assortiment \u00e0 l&rsquo;excellence de la qualit\u00e9 et \u00e0 un niveau de service \u00e9lev\u00e9, nous passons volontiers des prestations de services au partenariat.<\/p>\n<\/div>\n<\/div><\/div>\n<\/div><\/div>\n\n\n\n<div class=\"wp-block-uagb-container uagb-block-b5daef44 alignfull uagb-is-root-container\"><div class=\"uagb-container-inner-blocks-wrap\">\n<div class=\"wp-block-uagb-container uagb-block-c0495843 alignfull uagb-is-root-container\"><div class=\"uagb-container-inner-blocks-wrap\">\n<div class=\"wp-block-uagb-container uagb-block-9e43b39a\">\n<h2 class=\"wp-block-heading\">Nos produits et services.<\/h2>\n\n\n\n<p>Nous livrons notamment nos produits et concepts au n\u00e9goce de mat\u00e9riaux de construction, au n\u00e9goce du bois et panneaux bois, au commerce de quincaillerie pour professionnels, au commerce de gros en \u00e9lectrotechnique, au commerce de gros en fournitures de chauffage et sanitaires et \u00e0 la grande industrie. <\/p>\n\n\n\n<p>Nous proposons un assortiment complet d&rsquo;\u00e9l\u00e9ments de fixation et produits apparent\u00e9s, en adaptant notre offre, nos services et notre aide \u00e0 chaque groupe cible<\/p>\n\n\n\n<p>Nos produits sont distribu\u00e9s dans toute l&rsquo;Europe.<\/p>\n<\/div>\n\n\n\n<div class=\"wp-block-uagb-container uagb-block-23c1df1f\">\n<figure class=\"wp-block-image aligncenter size-full\"><img decoding=\"async\" width=\"507\" height=\"338\" src=\"https:\/\/www.asf-fischer.com\/wp-content\/uploads\/2023\/02\/Afbeelding-9-Klein.jpg\" alt=\"\" class=\"wp-image-8611\" srcset=\"https:\/\/www.asf-fischer.com\/wp-content\/uploads\/2023\/02\/Afbeelding-9-Klein.jpg 507w, https:\/\/www.asf-fischer.com\/wp-content\/uploads\/2023\/02\/Afbeelding-9-Klein-300x200.jpg 300w\" sizes=\"(max-width: 507px) 100vw, 507px\" \/><\/figure>\n<\/div>\n<\/div><\/div>\n<\/div><\/div>\n\n\n\n<div class=\"wp-block-uagb-container uagb-block-cc4979d2 alignfull uagb-is-root-container\"><div class=\"uagb-container-inner-blocks-wrap\">\n<div class=\"wp-block-uagb-container uagb-block-ef8bb86b alignfull uagb-is-root-container\"><div class=\"uagb-container-inner-blocks-wrap\">\n<div class=\"wp-block-uagb-container uagb-block-fec64a3e\">\n<figure class=\"wp-block-image size-full\"><img decoding=\"async\" width=\"800\" height=\"420\" src=\"https:\/\/www.asf-fischer.com\/wp-content\/uploads\/2023\/02\/Afbeelding-10-Klein.jpg\" alt=\"\" class=\"wp-image-8615\" srcset=\"https:\/\/www.asf-fischer.com\/wp-content\/uploads\/2023\/02\/Afbeelding-10-Klein.jpg 800w, https:\/\/www.asf-fischer.com\/wp-content\/uploads\/2023\/02\/Afbeelding-10-Klein-300x158.jpg 300w, https:\/\/www.asf-fischer.com\/wp-content\/uploads\/2023\/02\/Afbeelding-10-Klein-768x403.jpg 768w\" sizes=\"(max-width: 800px) 100vw, 800px\" \/><\/figure>\n<\/div>\n\n\n\n<div class=\"wp-block-uagb-container uagb-block-c7f2f54d\">\n<h2 class=\"wp-block-heading\">Nos atouts.<\/h2>\n\n\n\n<p>Notre objectif est de vous faire profiter de nos atouts en tant que client Ces atouts sont :<\/p>\n\n\n\n<ul class=\"wp-block-list\">\n<li>Niveau de service \u00e9lev\u00e9.<\/li>\n\n\n\n<li>Assortiment \u00e9tendu.<\/li>\n\n\n\n<li>Repr\u00e9sentation de grandes marques de premier choix.<\/li>\n\n\n\n<li>D\u00e9veloppement de propres marques et concepts.<\/li>\n\n\n\n<li>Connaissance du march\u00e9.<\/li>\n\n\n\n<li>Approche centr\u00e9e sur le march\u00e9.<\/li>\n\n\n\n<li>Syst\u00e8me logistique intelligent.<\/li>\n\n\n\n<li>Rapports qualit\u00e9-prix comp\u00e9titifs.<\/li>\n\n\n\n<li>Relation cliente de long terme.<\/li>\n\n\n\n<li>Collaborateurs comp\u00e9tents et orient\u00e9s clients.<\/li>\n<\/ul>\n<\/div>\n<\/div><\/div>\n<\/div><\/div>\n\n\n\n<div class=\"wp-block-uagb-container equal-height-images uagb-block-98a557b5 alignfull uagb-is-root-container\"><div class=\"uagb-container-inner-blocks-wrap\">\n<div class=\"wp-block-uagb-container uagb-block-d167bf81\">\n<figure class=\"wp-block-image size-full\"><img decoding=\"async\" width=\"553\" height=\"311\" src=\"https:\/\/www.asf-fischer.com\/wp-content\/uploads\/2023\/02\/Afbeelding-11-Klein.jpg\" alt=\"\" class=\"wp-image-8619\" srcset=\"https:\/\/www.asf-fischer.com\/wp-content\/uploads\/2023\/02\/Afbeelding-11-Klein.jpg 553w, https:\/\/www.asf-fischer.com\/wp-content\/uploads\/2023\/02\/Afbeelding-11-Klein-300x169.jpg 300w\" sizes=\"(max-width: 553px) 100vw, 553px\" \/><\/figure>\n\n\n\n<h2 class=\"wp-block-heading\">Service int\u00e9rieur et ext\u00e9rieur comp\u00e9tent.<\/h2>\n\n\n\n<p>Les activit\u00e9s commerciales d&rsquo;A.S.F. Fischer BV b\u00e9n\u00e9ficient de la comp\u00e9tence de notre service int\u00e9rieur et de notre service ext\u00e9rieur. Nos collaborateurs vous conseillent volontiers sur la composition ad\u00e9quate de votre assortiment et l&rsquo;application des produits. Le cas \u00e9ch\u00e9ant, ils se chargent de la formation et de l&rsquo;information de vos employ\u00e9s et ils participent \u00e0 l&rsquo;installation et aux d\u00e9monstrations.  <\/p>\n\n\n\n<div class=\"wp-block-buttons is-layout-flex wp-block-buttons-is-layout-flex\">\n<div class=\"wp-block-button\"><a class=\"wp-block-button__link wp-element-button\" href=\"https:\/\/www.asf-fischer.be\/marques\/\">Marques<\/a><\/div>\n<\/div>\n\n\n\n<div style=\"margin-top:0;margin-bottom:0;height:40px\" aria-hidden=\"true\" class=\"wp-block-spacer\"><\/div>\n<\/div>\n\n\n\n<div class=\"wp-block-uagb-container uagb-block-2d74c104\">\n<figure class=\"wp-block-image size-full\"><img decoding=\"async\" width=\"1000\" height=\"750\" src=\"https:\/\/www.asf-fischer.com\/wp-content\/uploads\/2023\/03\/nummer-4.jpg\" alt=\"\" class=\"wp-image-8936\" srcset=\"https:\/\/www.asf-fischer.com\/wp-content\/uploads\/2023\/03\/nummer-4.jpg 1000w, https:\/\/www.asf-fischer.com\/wp-content\/uploads\/2023\/03\/nummer-4-300x225.jpg 300w, https:\/\/www.asf-fischer.com\/wp-content\/uploads\/2023\/03\/nummer-4-768x576.jpg 768w\" sizes=\"(max-width: 1000px) 100vw, 1000px\" \/><\/figure>\n\n\n\n<h2 class=\"wp-block-heading\">D\u00e9veloppement de produit et de concept.<\/h2>\n\n\n\n<p>Notre longue exp\u00e9rience sur le march\u00e9 professionnel nous a permis de d\u00e9velopper un certain nombre de marques, produits et concepts \u00e0 succ\u00e8s. Vous les retrouverez naturellement sur ce site web dans les catalogues et sous le bouton \u00ab boutique en ligne \u00bb. <\/p>\n\n\n\n<div class=\"wp-block-buttons is-layout-flex wp-block-buttons-is-layout-flex\">\n<div class=\"wp-block-button\"><a class=\"wp-block-button__link wp-element-button\" href=\"https:\/\/www.asf-fischer.be\/developpement-de-produit-et-de-concept\/\">D\u00e9veloppement de produit et de concept<\/a><\/div>\n<\/div>\n\n\n\n<div style=\"margin-top:0;margin-bottom:0;height:40px\" aria-hidden=\"true\" class=\"wp-block-spacer\"><\/div>\n<\/div>\n\n\n\n<div class=\"wp-block-uagb-container uagb-block-139d40b2\">\n<figure class=\"wp-block-image size-full\"><img decoding=\"async\" width=\"720\" height=\"480\" src=\"https:\/\/www.asf-fischer.com\/wp-content\/uploads\/2023\/02\/Afbeelding-13-Klein.jpg\" alt=\"\" class=\"wp-image-8627\" srcset=\"https:\/\/www.asf-fischer.com\/wp-content\/uploads\/2023\/02\/Afbeelding-13-Klein.jpg 720w, https:\/\/www.asf-fischer.com\/wp-content\/uploads\/2023\/02\/Afbeelding-13-Klein-300x200.jpg 300w\" sizes=\"(max-width: 720px) 100vw, 720px\" \/><\/figure>\n\n\n\n<h2 class=\"wp-block-heading\">Aide \u00e0 la vente.<\/h2>\n\n\n\n<p>Pour stimuler vos ventes, nous avons con\u00e7u plusieurs supports promotionnels pour nos marques fortes. Nous pouvons vous fournir des brochures ou des \u00e9chantillons ax\u00e9s sur vos clients pour diff\u00e9rents assortiments. Nous pla\u00e7ons \u00e9galement des annonces dans des revues professionnelles et nous participons \u00e0 des salons pour promouvoir nos marques et nos produits.  <\/p>\n\n\n\n<div class=\"wp-block-buttons is-layout-flex wp-block-buttons-is-layout-flex\">\n<div class=\"wp-block-button\"><a class=\"wp-block-button__link wp-element-button\" href=\"https:\/\/www.asf-fischer.be\/brochures\/\">Brochures<\/a><\/div>\n<\/div>\n\n\n\n<div style=\"margin-top:0;margin-bottom:0;height:40px\" aria-hidden=\"true\" class=\"wp-block-spacer\"><\/div>\n<\/div>\n<\/div><\/div>\n\n\n\n<div style=\"margin-top:0;margin-bottom:0;height:80px\" aria-hidden=\"true\" class=\"wp-block-spacer\"><\/div>\n\n\n\n<div class=\"wp-block-media-text alignwide has-media-on-the-right is-stacked-on-mobile is-image-fill has-ast-global-color-8-background-color has-background\"><div class=\"wp-block-media-text__content\">\n<div class=\"wp-block-uagb-container uagb-block-12ac782f alignfull uagb-is-root-container\"><div class=\"uagb-container-inner-blocks-wrap\">\n<h2 class=\"wp-block-heading\">Vous \u00eates curieux de savoir ce qu&rsquo;A.S.F. Fischer BV peut faire pour votre entreprise ? <\/h2>\n\n\n\n<p>Veuillez contacter notre service des ventes. Notre \u00e9quipe r\u00e9pondra volontiers \u00e0 toutes vos questions.<\/p>\n\n\n\n<div style=\"margin-top:0;margin-bottom:0;height:20px\" aria-hidden=\"true\" class=\"wp-block-spacer\"><\/div>\n\n\n\n<div class=\"wp-block-buttons is-layout-flex wp-block-buttons-is-layout-flex\">\n<div class=\"wp-block-button button-alt\"><a class=\"wp-block-button__link wp-element-button\" href=\"https:\/\/www.asf-fischer.be\/contact\/\">Nous contacter<\/a><\/div>\n<\/div>\n<\/div><\/div>\n<\/div><figure class=\"wp-block-media-text__media\" style=\"background-image:url(https:\/\/www.asf-fischer.com\/wp-content\/uploads\/2023\/02\/Afbeedling-1-Klein.jpg);background-position:50% 50%\"><img decoding=\"async\" width=\"854\" height=\"302\" src=\"https:\/\/www.asf-fischer.com\/wp-content\/uploads\/2023\/02\/Afbeedling-1-Klein.jpg\" alt=\"\" class=\"wp-image-8554 size-full\" srcset=\"https:\/\/www.asf-fischer.com\/wp-content\/uploads\/2023\/02\/Afbeedling-1-Klein.jpg 854w, https:\/\/www.asf-fischer.com\/wp-content\/uploads\/2023\/02\/Afbeedling-1-Klein-300x106.jpg 300w, https:\/\/www.asf-fischer.com\/wp-content\/uploads\/2023\/02\/Afbeedling-1-Klein-768x272.jpg 768w\" sizes=\"(max-width: 854px) 100vw, 854px\" \/><\/figure><\/div>\n\n\n\n<div style=\"height:100px\" aria-hidden=\"true\" class=\"wp-block-spacer\"><\/div>\n","protected":false},"excerpt":{"rendered":"<p>Plus que des \u00e9l\u00e9ments de fixation. Notre entreprise vous propose plus que des \u00e9l\u00e9ments de fixation. De l&rsquo;\u00e9tendue de l&rsquo;assortiment \u00e0 l&rsquo;excellence de la qualit\u00e9 et \u00e0 un niveau de service \u00e9lev\u00e9, nous passons volontiers des prestations de services au partenariat. Nos produits et services. Nous livrons notamment nos produits et concepts au n\u00e9goce de [&hellip;]<\/p>\n","protected":false},"author":2,"featured_media":0,"parent":0,"menu_order":0,"comment_status":"closed","ping_status":"closed","template":"","meta":{"_acf_changed":false,"inline_featured_image":false,"_uag_custom_page_level_css":"","site-sidebar-layout":"default","site-content-layout":"","ast-site-content-layout":"default","site-content-style":"default","site-sidebar-style":"default","ast-global-header-display":"","ast-banner-title-visibility":"","ast-main-header-display":"","ast-hfb-above-header-display":"","ast-hfb-below-header-display":"","ast-hfb-mobile-header-display":"","site-post-title":"disabled","ast-breadcrumbs-content":"","ast-featured-img":"","footer-sml-layout":"","ast-disable-related-posts":"","theme-transparent-header-meta":"enabled","adv-header-id-meta":"","stick-header-meta":"","header-above-stick-meta":"","header-main-stick-meta":"","header-below-stick-meta":"","astra-migrate-meta-layouts":"default","ast-page-background-enabled":"default","ast-page-background-meta":{"desktop":{"background-color":"","background-image":"","background-repeat":"repeat","background-position":"center center","background-size":"auto","background-attachment":"scroll","background-type":"","background-media":"","overlay-type":"","overlay-color":"","overlay-opacity":"","overlay-gradient":""},"tablet":{"background-color":"","background-image":"","background-repeat":"repeat","background-position":"center center","background-size":"auto","background-attachment":"scroll","background-type":"","background-media":"","overlay-type":"","overlay-color":"","overlay-opacity":"","overlay-gradient":""},"mobile":{"background-color":"","background-image":"","background-repeat":"repeat","background-position":"center center","background-size":"auto","background-attachment":"scroll","background-type":"","background-media":"","overlay-type":"","overlay-color":"","overlay-opacity":"","overlay-gradient":""}},"ast-content-background-meta":{"desktop":{"background-color":"var(--ast-global-color-5)","background-image":"","background-repeat":"repeat","background-position":"center center","background-size":"auto","background-attachment":"scroll","background-type":"","background-media":"","overlay-type":"","overlay-color":"","overlay-opacity":"","overlay-gradient":""},"tablet":{"background-color":"var(--ast-global-color-5)","background-image":"","background-repeat":"repeat","background-position":"center center","background-size":"auto","background-attachment":"scroll","background-type":"","background-media":"","overlay-type":"","overlay-color":"","overlay-opacity":"","overlay-gradient":""},"mobile":{"background-color":"var(--ast-global-color-5)","background-image":"","background-repeat":"repeat","background-position":"center center","background-size":"auto","background-attachment":"scroll","background-type":"","background-media":"","overlay-type":"","overlay-color":"","overlay-opacity":"","overlay-gradient":""}},"footnotes":""},"class_list":["post-9814","page","type-page","status-publish","hentry"],"acf":[],"yoast_head":"<!-- This site is optimized with the Yoast SEO plugin v27.4 - https:\/\/yoast.com\/product\/yoast-seo-wordpress\/ -->\n<title>Vente - A.S.F. Fischer<\/title>\n<meta name=\"robots\" content=\"index, follow, max-snippet:-1, max-image-preview:large, max-video-preview:-1\" \/>\n<link rel=\"canonical\" href=\"https:\/\/www.asf-fischer.com\/fr\/vente\/\" \/>\n<meta property=\"og:locale\" content=\"fr_FR\" \/>\n<meta property=\"og:type\" content=\"article\" \/>\n<meta property=\"og:title\" content=\"Vente - A.S.F. Fischer\" \/>\n<meta property=\"og:description\" content=\"Plus que des \u00e9l\u00e9ments de fixation. Notre entreprise vous propose plus que des \u00e9l\u00e9ments de fixation. De l&rsquo;\u00e9tendue de l&rsquo;assortiment \u00e0 l&rsquo;excellence de la qualit\u00e9 et \u00e0 un niveau de service \u00e9lev\u00e9, nous passons volontiers des prestations de services au partenariat. Nos produits et services. Nous livrons notamment nos produits et concepts au n\u00e9goce de [&hellip;]\" \/>\n<meta property=\"og:url\" content=\"https:\/\/www.asf-fischer.com\/fr\/vente\/\" \/>\n<meta property=\"og:site_name\" content=\"A.S.F. Fischer\" \/>\n<meta property=\"article:modified_time\" content=\"2023-05-12T14:41:55+00:00\" \/>\n<meta property=\"og:image\" content=\"https:\/\/www.asf-fischer.nl\/wp-content\/uploads\/2023\/02\/Afbeelding-9-Klein.jpg\" \/>\n<meta name=\"twitter:card\" content=\"summary_large_image\" \/>\n<meta name=\"twitter:label1\" content=\"Dur\u00e9e de lecture estim\u00e9e\" \/>\n\t<meta name=\"twitter:data1\" content=\"2 minutes\" \/>\n<script type=\"application\/ld+json\" class=\"yoast-schema-graph\">{\"@context\":\"https:\\\/\\\/schema.org\",\"@graph\":[{\"@type\":\"WebPage\",\"@id\":\"https:\\\/\\\/www.asf-fischer.com\\\/fr\\\/vente\\\/\",\"url\":\"https:\\\/\\\/www.asf-fischer.com\\\/fr\\\/vente\\\/\",\"name\":\"Vente - A.S.F. Fischer\",\"isPartOf\":{\"@id\":\"https:\\\/\\\/www.asf-fischer.nl\\\/#website\"},\"primaryImageOfPage\":{\"@id\":\"https:\\\/\\\/www.asf-fischer.com\\\/fr\\\/vente\\\/#primaryimage\"},\"image\":{\"@id\":\"https:\\\/\\\/www.asf-fischer.com\\\/fr\\\/vente\\\/#primaryimage\"},\"thumbnailUrl\":\"https:\\\/\\\/www.asf-fischer.com\\\/wp-content\\\/uploads\\\/2023\\\/02\\\/Afbeelding-9-Klein.jpg\",\"datePublished\":\"2023-02-06T12:18:30+00:00\",\"dateModified\":\"2023-05-12T14:41:55+00:00\",\"breadcrumb\":{\"@id\":\"https:\\\/\\\/www.asf-fischer.com\\\/fr\\\/vente\\\/#breadcrumb\"},\"inLanguage\":\"fr-FR\",\"potentialAction\":[{\"@type\":\"ReadAction\",\"target\":[\"https:\\\/\\\/www.asf-fischer.com\\\/fr\\\/vente\\\/\"]}]},{\"@type\":\"ImageObject\",\"inLanguage\":\"fr-FR\",\"@id\":\"https:\\\/\\\/www.asf-fischer.com\\\/fr\\\/vente\\\/#primaryimage\",\"url\":\"https:\\\/\\\/www.asf-fischer.com\\\/wp-content\\\/uploads\\\/2023\\\/02\\\/Afbeelding-9-Klein.jpg\",\"contentUrl\":\"https:\\\/\\\/www.asf-fischer.com\\\/wp-content\\\/uploads\\\/2023\\\/02\\\/Afbeelding-9-Klein.jpg\"},{\"@type\":\"BreadcrumbList\",\"@id\":\"https:\\\/\\\/www.asf-fischer.com\\\/fr\\\/vente\\\/#breadcrumb\",\"itemListElement\":[{\"@type\":\"ListItem\",\"position\":1,\"name\":\"Home\",\"item\":\"https:\\\/\\\/www.asf-fischer.com\\\/fr\\\/\"},{\"@type\":\"ListItem\",\"position\":2,\"name\":\"Vente\"}]},{\"@type\":\"WebSite\",\"@id\":\"https:\\\/\\\/www.asf-fischer.nl\\\/#website\",\"url\":\"https:\\\/\\\/www.asf-fischer.nl\\\/\",\"name\":\"A.S.F. Fischer\",\"description\":\"Partner in fasteners\",\"publisher\":{\"@id\":\"https:\\\/\\\/www.asf-fischer.nl\\\/#organization\"},\"potentialAction\":[{\"@type\":\"SearchAction\",\"target\":{\"@type\":\"EntryPoint\",\"urlTemplate\":\"https:\\\/\\\/www.asf-fischer.nl\\\/?s={search_term_string}\"},\"query-input\":{\"@type\":\"PropertyValueSpecification\",\"valueRequired\":true,\"valueName\":\"search_term_string\"}}],\"inLanguage\":\"fr-FR\"},{\"@type\":\"Organization\",\"@id\":\"https:\\\/\\\/www.asf-fischer.nl\\\/#organization\",\"name\":\"A.S.F. Fischer\",\"url\":\"https:\\\/\\\/www.asf-fischer.nl\\\/\",\"logo\":{\"@type\":\"ImageObject\",\"inLanguage\":\"fr-FR\",\"@id\":\"https:\\\/\\\/www.asf-fischer.nl\\\/#\\\/schema\\\/logo\\\/image\\\/\",\"url\":\"https:\\\/\\\/www.asf-fischer.com\\\/wp-content\\\/uploads\\\/2026\\\/01\\\/ASF-Fischer-PIFAT-logo-actueel-e1768991354497-1.svg\",\"contentUrl\":\"https:\\\/\\\/www.asf-fischer.com\\\/wp-content\\\/uploads\\\/2026\\\/01\\\/ASF-Fischer-PIFAT-logo-actueel-e1768991354497-1.svg\",\"caption\":\"A.S.F. Fischer\"},\"image\":{\"@id\":\"https:\\\/\\\/www.asf-fischer.nl\\\/#\\\/schema\\\/logo\\\/image\\\/\"}}]}<\/script>\n<!-- \/ Yoast SEO plugin. -->","yoast_head_json":{"title":"Vente - A.S.F. Fischer","robots":{"index":"index","follow":"follow","max-snippet":"max-snippet:-1","max-image-preview":"max-image-preview:large","max-video-preview":"max-video-preview:-1"},"canonical":"https:\/\/www.asf-fischer.com\/fr\/vente\/","og_locale":"fr_FR","og_type":"article","og_title":"Vente - A.S.F. Fischer","og_description":"Plus que des \u00e9l\u00e9ments de fixation. Notre entreprise vous propose plus que des \u00e9l\u00e9ments de fixation. De l&rsquo;\u00e9tendue de l&rsquo;assortiment \u00e0 l&rsquo;excellence de la qualit\u00e9 et \u00e0 un niveau de service \u00e9lev\u00e9, nous passons volontiers des prestations de services au partenariat. Nos produits et services. Nous livrons notamment nos produits et concepts au n\u00e9goce de [&hellip;]","og_url":"https:\/\/www.asf-fischer.com\/fr\/vente\/","og_site_name":"A.S.F. Fischer","article_modified_time":"2023-05-12T14:41:55+00:00","og_image":[{"url":"https:\/\/www.asf-fischer.nl\/wp-content\/uploads\/2023\/02\/Afbeelding-9-Klein.jpg","type":"","width":"","height":""}],"twitter_card":"summary_large_image","twitter_misc":{"Dur\u00e9e de lecture estim\u00e9e":"2 minutes"},"schema":{"@context":"https:\/\/schema.org","@graph":[{"@type":"WebPage","@id":"https:\/\/www.asf-fischer.com\/fr\/vente\/","url":"https:\/\/www.asf-fischer.com\/fr\/vente\/","name":"Vente - A.S.F. Fischer","isPartOf":{"@id":"https:\/\/www.asf-fischer.nl\/#website"},"primaryImageOfPage":{"@id":"https:\/\/www.asf-fischer.com\/fr\/vente\/#primaryimage"},"image":{"@id":"https:\/\/www.asf-fischer.com\/fr\/vente\/#primaryimage"},"thumbnailUrl":"https:\/\/www.asf-fischer.com\/wp-content\/uploads\/2023\/02\/Afbeelding-9-Klein.jpg","datePublished":"2023-02-06T12:18:30+00:00","dateModified":"2023-05-12T14:41:55+00:00","breadcrumb":{"@id":"https:\/\/www.asf-fischer.com\/fr\/vente\/#breadcrumb"},"inLanguage":"fr-FR","potentialAction":[{"@type":"ReadAction","target":["https:\/\/www.asf-fischer.com\/fr\/vente\/"]}]},{"@type":"ImageObject","inLanguage":"fr-FR","@id":"https:\/\/www.asf-fischer.com\/fr\/vente\/#primaryimage","url":"https:\/\/www.asf-fischer.com\/wp-content\/uploads\/2023\/02\/Afbeelding-9-Klein.jpg","contentUrl":"https:\/\/www.asf-fischer.com\/wp-content\/uploads\/2023\/02\/Afbeelding-9-Klein.jpg"},{"@type":"BreadcrumbList","@id":"https:\/\/www.asf-fischer.com\/fr\/vente\/#breadcrumb","itemListElement":[{"@type":"ListItem","position":1,"name":"Home","item":"https:\/\/www.asf-fischer.com\/fr\/"},{"@type":"ListItem","position":2,"name":"Vente"}]},{"@type":"WebSite","@id":"https:\/\/www.asf-fischer.nl\/#website","url":"https:\/\/www.asf-fischer.nl\/","name":"A.S.F. Fischer","description":"Partner in fasteners","publisher":{"@id":"https:\/\/www.asf-fischer.nl\/#organization"},"potentialAction":[{"@type":"SearchAction","target":{"@type":"EntryPoint","urlTemplate":"https:\/\/www.asf-fischer.nl\/?s={search_term_string}"},"query-input":{"@type":"PropertyValueSpecification","valueRequired":true,"valueName":"search_term_string"}}],"inLanguage":"fr-FR"},{"@type":"Organization","@id":"https:\/\/www.asf-fischer.nl\/#organization","name":"A.S.F. Fischer","url":"https:\/\/www.asf-fischer.nl\/","logo":{"@type":"ImageObject","inLanguage":"fr-FR","@id":"https:\/\/www.asf-fischer.nl\/#\/schema\/logo\/image\/","url":"https:\/\/www.asf-fischer.com\/wp-content\/uploads\/2026\/01\/ASF-Fischer-PIFAT-logo-actueel-e1768991354497-1.svg","contentUrl":"https:\/\/www.asf-fischer.com\/wp-content\/uploads\/2026\/01\/ASF-Fischer-PIFAT-logo-actueel-e1768991354497-1.svg","caption":"A.S.F. Fischer"},"image":{"@id":"https:\/\/www.asf-fischer.nl\/#\/schema\/logo\/image\/"}}]}},"uagb_featured_image_src":{"full":false,"thumbnail":false,"medium":false,"medium_large":false,"large":false,"1536x1536":false,"2048x2048":false},"uagb_author_info":{"display_name":"Support","author_link":"https:\/\/www.asf-fischer.com\/fr\/author\/support\/"},"uagb_comment_info":0,"uagb_excerpt":"Plus que des \u00e9l\u00e9ments de fixation. Notre entreprise vous propose plus que des \u00e9l\u00e9ments de fixation. De l&rsquo;\u00e9tendue de l&rsquo;assortiment \u00e0 l&rsquo;excellence de la qualit\u00e9 et \u00e0 un niveau de service \u00e9lev\u00e9, nous passons volontiers des prestations de services au partenariat. Nos produits et services. Nous livrons notamment nos produits et concepts au n\u00e9goce de\u2026","_links":{"self":[{"href":"https:\/\/www.asf-fischer.com\/fr\/wp-json\/wp\/v2\/pages\/9814","targetHints":{"allow":["GET"]}}],"collection":[{"href":"https:\/\/www.asf-fischer.com\/fr\/wp-json\/wp\/v2\/pages"}],"about":[{"href":"https:\/\/www.asf-fischer.com\/fr\/wp-json\/wp\/v2\/types\/page"}],"author":[{"embeddable":true,"href":"https:\/\/www.asf-fischer.com\/fr\/wp-json\/wp\/v2\/users\/2"}],"replies":[{"embeddable":true,"href":"https:\/\/www.asf-fischer.com\/fr\/wp-json\/wp\/v2\/comments?post=9814"}],"version-history":[{"count":3,"href":"https:\/\/www.asf-fischer.com\/fr\/wp-json\/wp\/v2\/pages\/9814\/revisions"}],"predecessor-version":[{"id":10201,"href":"https:\/\/www.asf-fischer.com\/fr\/wp-json\/wp\/v2\/pages\/9814\/revisions\/10201"}],"wp:attachment":[{"href":"https:\/\/www.asf-fischer.com\/fr\/wp-json\/wp\/v2\/media?parent=9814"}],"curies":[{"name":"wp","href":"https:\/\/api.w.org\/{rel}","templated":true}]}}