{"id":9858,"date":"2023-02-06T16:40:37","date_gmt":"2023-02-06T15:40:37","guid":{"rendered":"https:\/\/www.asf-fischer.com\/offres-demploi\/"},"modified":"2026-02-18T16:51:14","modified_gmt":"2026-02-18T15:51:14","slug":"offres-demploi","status":"publish","type":"page","link":"https:\/\/www.asf-fischer.com\/fr\/offres-demploi\/","title":{"rendered":"Offres d&#8217;emploi"},"content":{"rendered":"\n<div class=\"wp-block-uagb-container uagb-block-dabb2b16 alignfull uagb-is-root-container\"><div class=\"uagb-container-inner-blocks-wrap\">\n<div class=\"wp-block-uagb-info-box uagb-block-50f43484 uagb-infobox__content-wrap  uagb-infobox-icon-below-title uagb-infobox-image-valign-top hero-info\"><div class=\"uagb-ifb-content\"><div class=\"uagb-ifb-title-wrap\"><span class=\"uagb-ifb-title-prefix\">      <\/span><h1 class=\"uagb-ifb-title\">Offres d&#8217;emploi<\/h1><\/div><\/div><\/div>\n<\/div><\/div>\n\n\n\n<div class=\"wp-block-uagb-container uagb-block-db1ae386 alignfull uagb-is-root-container\"><div class=\"uagb-container-inner-blocks-wrap\">\n<div class=\"wp-block-uagb-container uagb-block-6ce1d295 alignfull uagb-is-root-container\"><div class=\"uagb-container-inner-blocks-wrap\">\n<div class=\"wp-block-uagb-container uagb-block-c99a6809\">\n<h2 class=\"wp-block-heading has-text-align-center\">Vous souhaitez travailler dans un environnement stable et convivial ?<\/h2>\n\n\n\n<p class=\"has-text-align-center\">Nous promouvons un environnement de travail stable et convivial qui est centr\u00e9 sur nos clients et qui favorise le d\u00e9veloppement de nos collaborateurs. Il est toujours possible de cro\u00eetre de fa\u00e7on durable, pour l&rsquo;entreprise et pour les personnes. <\/p>\n<\/div>\n<\/div><\/div>\n<\/div><\/div>\n\n\n\n<div class=\"wp-block-uagb-container uagb-block-ebf53923 alignfull uagb-is-root-container\"><div class=\"uagb-container-inner-blocks-wrap\">\n<div class=\"wp-block-uagb-container uagb-block-eca480b4 alignfull uagb-is-root-container\"><div class=\"uagb-container-inner-blocks-wrap\">\n<div class=\"wp-block-uagb-container uagb-block-936e72bb\">\n<p>Vous cherchez un emploi stimulant au sein d&rsquo;une entreprise internationale qui accorde une grande importance au d\u00e9veloppement de ses collaborateurs et \u00e0 leurs perspectives d&rsquo;avenir ?<\/p>\n\n\n\n<p>Un emploi avec des conditions de travail excellentes dans une entreprise o\u00f9 l&rsquo;ambiance est agr\u00e9able ? Cela tombe bien !<\/p>\n\n\n\n<p>Nous cherchons aussi r\u00e9guli\u00e8rement de nouveaux coll\u00e8gues avec une attitude professionnelle et la volont\u00e9 de r\u00e9ussir. Vous pensez en termes d&rsquo;opportunit\u00e9s et de d\u00e9fis et vous \u00eates sensible \u00e0 nos produits ? Nous sommes le partenaire qu&rsquo;il vous faut ! <\/p>\n\n\n\n<p><\/p>\n<\/div>\n\n\n\n<div class=\"wp-block-uagb-container uagb-block-e3408dad\">\n<figure class=\"wp-block-image size-full\"><img decoding=\"async\" width=\"509\" height=\"339\" src=\"https:\/\/www.asf-fischer.com\/wp-content\/uploads\/2023\/02\/Afbeelding-23-Klein.jpg\" alt=\"\" class=\"wp-image-8745\" srcset=\"https:\/\/www.asf-fischer.com\/wp-content\/uploads\/2023\/02\/Afbeelding-23-Klein.jpg 509w, https:\/\/www.asf-fischer.com\/wp-content\/uploads\/2023\/02\/Afbeelding-23-Klein-300x200.jpg 300w\" sizes=\"(max-width: 509px) 100vw, 509px\" \/><\/figure>\n<\/div>\n<\/div><\/div>\n<\/div><\/div>\n\n\n\n<div class=\"wp-block-uagb-container uagb-block-4f54196c alignwide uagb-is-root-container\">\n<div class=\"wp-block-uagb-container uagb-block-2fb0bdc0 alignfull uagb-is-root-container\"><div class=\"uagb-container-inner-blocks-wrap\">\n<h2 class=\"wp-block-heading has-text-align-center\">Candidatures spontan\u00e9es<\/h2>\n\n\n\n<p class=\"has-text-align-center has-medium-font-size\">Vous n&rsquo;avez pas trouv\u00e9 d&#8217;emploi qui vous convienne dans les postes propos\u00e9s ? Envoyez votre candidature spontan\u00e9e avec CV et lettre de motivation \u00e0 <a href=\"mailto:vacature@asf-fischer.nl\">vacature@asf-fischer.nl<\/a>, \u00e0 l&rsquo;attention du d\u00e9partement des ressources humaines ou faites le <a href=\"tel:+31320285544\">+31 (0) 320-285544<\/a> pour plus d&rsquo;informations. <\/p>\n<\/div><\/div>\n<\/div>\n\n\n\n<div style=\"margin-top:0;margin-bottom:0;height:100px\" aria-hidden=\"true\" class=\"wp-block-spacer\"><\/div>\n","protected":false},"excerpt":{"rendered":"<p>Vous souhaitez travailler dans un environnement stable et convivial ? Nous promouvons un environnement de travail stable et convivial qui est centr\u00e9 sur nos clients et qui favorise le d\u00e9veloppement de nos collaborateurs. Il est toujours possible de cro\u00eetre de fa\u00e7on durable, pour l&rsquo;entreprise et pour les personnes. Vous cherchez un emploi stimulant au sein [&hellip;]<\/p>\n","protected":false},"author":2,"featured_media":0,"parent":0,"menu_order":0,"comment_status":"closed","ping_status":"closed","template":"","meta":{"_acf_changed":false,"inline_featured_image":false,"_uag_custom_page_level_css":"","site-sidebar-layout":"default","site-content-layout":"","ast-site-content-layout":"default","site-content-style":"default","site-sidebar-style":"default","ast-global-header-display":"","ast-banner-title-visibility":"","ast-main-header-display":"","ast-hfb-above-header-display":"","ast-hfb-below-header-display":"","ast-hfb-mobile-header-display":"","site-post-title":"disabled","ast-breadcrumbs-content":"","ast-featured-img":"","footer-sml-layout":"","ast-disable-related-posts":"","theme-transparent-header-meta":"enabled","adv-header-id-meta":"","stick-header-meta":"","header-above-stick-meta":"","header-main-stick-meta":"","header-below-stick-meta":"","astra-migrate-meta-layouts":"set","ast-page-background-enabled":"default","ast-page-background-meta":{"desktop":{"background-color":"","background-image":"","background-repeat":"repeat","background-position":"center center","background-size":"auto","background-attachment":"scroll","background-type":"","background-media":"","overlay-type":"","overlay-color":"","overlay-opacity":"","overlay-gradient":""},"tablet":{"background-color":"","background-image":"","background-repeat":"repeat","background-position":"center center","background-size":"auto","background-attachment":"scroll","background-type":"","background-media":"","overlay-type":"","overlay-color":"","overlay-opacity":"","overlay-gradient":""},"mobile":{"background-color":"","background-image":"","background-repeat":"repeat","background-position":"center center","background-size":"auto","background-attachment":"scroll","background-type":"","background-media":"","overlay-type":"","overlay-color":"","overlay-opacity":"","overlay-gradient":""}},"ast-content-background-meta":{"desktop":{"background-color":"var(--ast-global-color-5)","background-image":"","background-repeat":"repeat","background-position":"center center","background-size":"auto","background-attachment":"scroll","background-type":"","background-media":"","overlay-type":"","overlay-color":"","overlay-opacity":"","overlay-gradient":""},"tablet":{"background-color":"var(--ast-global-color-5)","background-image":"","background-repeat":"repeat","background-position":"center center","background-size":"auto","background-attachment":"scroll","background-type":"","background-media":"","overlay-type":"","overlay-color":"","overlay-opacity":"","overlay-gradient":""},"mobile":{"background-color":"var(--ast-global-color-5)","background-image":"","background-repeat":"repeat","background-position":"center center","background-size":"auto","background-attachment":"scroll","background-type":"","background-media":"","overlay-type":"","overlay-color":"","overlay-opacity":"","overlay-gradient":""}},"footnotes":""},"class_list":["post-9858","page","type-page","status-publish","hentry"],"acf":[],"yoast_head":"<!-- This site is optimized with the Yoast SEO plugin v27.4 - https:\/\/yoast.com\/product\/yoast-seo-wordpress\/ -->\n<title>Offres d&#039;emploi - A.S.F. Fischer<\/title>\n<meta name=\"robots\" content=\"index, follow, max-snippet:-1, max-image-preview:large, max-video-preview:-1\" \/>\n<link rel=\"canonical\" href=\"https:\/\/www.asf-fischer.com\/fr\/offres-demploi\/\" \/>\n<meta property=\"og:locale\" content=\"fr_FR\" \/>\n<meta property=\"og:type\" content=\"article\" \/>\n<meta property=\"og:title\" content=\"Offres d&#039;emploi - A.S.F. Fischer\" \/>\n<meta property=\"og:description\" content=\"Vous souhaitez travailler dans un environnement stable et convivial ? Nous promouvons un environnement de travail stable et convivial qui est centr\u00e9 sur nos clients et qui favorise le d\u00e9veloppement de nos collaborateurs. Il est toujours possible de cro\u00eetre de fa\u00e7on durable, pour l&rsquo;entreprise et pour les personnes. Vous cherchez un emploi stimulant au sein [&hellip;]\" \/>\n<meta property=\"og:url\" content=\"https:\/\/www.asf-fischer.com\/fr\/offres-demploi\/\" \/>\n<meta property=\"og:site_name\" content=\"A.S.F. Fischer\" \/>\n<meta property=\"article:modified_time\" content=\"2026-02-18T15:51:14+00:00\" \/>\n<meta property=\"og:image\" content=\"https:\/\/www.asf-fischer.com\/wp-content\/uploads\/2023\/02\/Afbeelding-23-Klein.jpg\" \/>\n\t<meta property=\"og:image:width\" content=\"509\" \/>\n\t<meta property=\"og:image:height\" content=\"339\" \/>\n\t<meta property=\"og:image:type\" content=\"image\/jpeg\" \/>\n<meta name=\"twitter:card\" content=\"summary_large_image\" \/>\n<meta name=\"twitter:label1\" content=\"Dur\u00e9e de lecture estim\u00e9e\" \/>\n\t<meta name=\"twitter:data1\" content=\"2 minutes\" \/>\n<script type=\"application\/ld+json\" class=\"yoast-schema-graph\">{\"@context\":\"https:\\\/\\\/schema.org\",\"@graph\":[{\"@type\":\"WebPage\",\"@id\":\"https:\\\/\\\/www.asf-fischer.com\\\/fr\\\/offres-demploi\\\/\",\"url\":\"https:\\\/\\\/www.asf-fischer.com\\\/fr\\\/offres-demploi\\\/\",\"name\":\"Offres d'emploi - A.S.F. Fischer\",\"isPartOf\":{\"@id\":\"https:\\\/\\\/www.asf-fischer.nl\\\/#website\"},\"primaryImageOfPage\":{\"@id\":\"https:\\\/\\\/www.asf-fischer.com\\\/fr\\\/offres-demploi\\\/#primaryimage\"},\"image\":{\"@id\":\"https:\\\/\\\/www.asf-fischer.com\\\/fr\\\/offres-demploi\\\/#primaryimage\"},\"thumbnailUrl\":\"https:\\\/\\\/www.asf-fischer.com\\\/wp-content\\\/uploads\\\/2023\\\/02\\\/Afbeelding-23-Klein.jpg\",\"datePublished\":\"2023-02-06T15:40:37+00:00\",\"dateModified\":\"2026-02-18T15:51:14+00:00\",\"breadcrumb\":{\"@id\":\"https:\\\/\\\/www.asf-fischer.com\\\/fr\\\/offres-demploi\\\/#breadcrumb\"},\"inLanguage\":\"fr-FR\",\"potentialAction\":[{\"@type\":\"ReadAction\",\"target\":[\"https:\\\/\\\/www.asf-fischer.com\\\/fr\\\/offres-demploi\\\/\"]}]},{\"@type\":\"ImageObject\",\"inLanguage\":\"fr-FR\",\"@id\":\"https:\\\/\\\/www.asf-fischer.com\\\/fr\\\/offres-demploi\\\/#primaryimage\",\"url\":\"https:\\\/\\\/www.asf-fischer.com\\\/wp-content\\\/uploads\\\/2023\\\/02\\\/Afbeelding-23-Klein.jpg\",\"contentUrl\":\"https:\\\/\\\/www.asf-fischer.com\\\/wp-content\\\/uploads\\\/2023\\\/02\\\/Afbeelding-23-Klein.jpg\"},{\"@type\":\"BreadcrumbList\",\"@id\":\"https:\\\/\\\/www.asf-fischer.com\\\/fr\\\/offres-demploi\\\/#breadcrumb\",\"itemListElement\":[{\"@type\":\"ListItem\",\"position\":1,\"name\":\"Home\",\"item\":\"https:\\\/\\\/www.asf-fischer.com\\\/fr\\\/\"},{\"@type\":\"ListItem\",\"position\":2,\"name\":\"Offres d&#8217;emploi\"}]},{\"@type\":\"WebSite\",\"@id\":\"https:\\\/\\\/www.asf-fischer.nl\\\/#website\",\"url\":\"https:\\\/\\\/www.asf-fischer.nl\\\/\",\"name\":\"A.S.F. Fischer\",\"description\":\"Partner in fasteners\",\"publisher\":{\"@id\":\"https:\\\/\\\/www.asf-fischer.nl\\\/#organization\"},\"potentialAction\":[{\"@type\":\"SearchAction\",\"target\":{\"@type\":\"EntryPoint\",\"urlTemplate\":\"https:\\\/\\\/www.asf-fischer.nl\\\/?s={search_term_string}\"},\"query-input\":{\"@type\":\"PropertyValueSpecification\",\"valueRequired\":true,\"valueName\":\"search_term_string\"}}],\"inLanguage\":\"fr-FR\"},{\"@type\":\"Organization\",\"@id\":\"https:\\\/\\\/www.asf-fischer.nl\\\/#organization\",\"name\":\"A.S.F. Fischer\",\"url\":\"https:\\\/\\\/www.asf-fischer.nl\\\/\",\"logo\":{\"@type\":\"ImageObject\",\"inLanguage\":\"fr-FR\",\"@id\":\"https:\\\/\\\/www.asf-fischer.nl\\\/#\\\/schema\\\/logo\\\/image\\\/\",\"url\":\"https:\\\/\\\/www.asf-fischer.com\\\/wp-content\\\/uploads\\\/2026\\\/01\\\/ASF-Fischer-PIFAT-logo-actueel-e1768991354497-1.svg\",\"contentUrl\":\"https:\\\/\\\/www.asf-fischer.com\\\/wp-content\\\/uploads\\\/2026\\\/01\\\/ASF-Fischer-PIFAT-logo-actueel-e1768991354497-1.svg\",\"caption\":\"A.S.F. Fischer\"},\"image\":{\"@id\":\"https:\\\/\\\/www.asf-fischer.nl\\\/#\\\/schema\\\/logo\\\/image\\\/\"}}]}<\/script>\n<!-- \/ Yoast SEO plugin. -->","yoast_head_json":{"title":"Offres d'emploi - A.S.F. Fischer","robots":{"index":"index","follow":"follow","max-snippet":"max-snippet:-1","max-image-preview":"max-image-preview:large","max-video-preview":"max-video-preview:-1"},"canonical":"https:\/\/www.asf-fischer.com\/fr\/offres-demploi\/","og_locale":"fr_FR","og_type":"article","og_title":"Offres d'emploi - A.S.F. Fischer","og_description":"Vous souhaitez travailler dans un environnement stable et convivial ? Nous promouvons un environnement de travail stable et convivial qui est centr\u00e9 sur nos clients et qui favorise le d\u00e9veloppement de nos collaborateurs. Il est toujours possible de cro\u00eetre de fa\u00e7on durable, pour l&rsquo;entreprise et pour les personnes. Vous cherchez un emploi stimulant au sein [&hellip;]","og_url":"https:\/\/www.asf-fischer.com\/fr\/offres-demploi\/","og_site_name":"A.S.F. Fischer","article_modified_time":"2026-02-18T15:51:14+00:00","og_image":[{"width":509,"height":339,"url":"https:\/\/www.asf-fischer.com\/wp-content\/uploads\/2023\/02\/Afbeelding-23-Klein.jpg","type":"image\/jpeg"}],"twitter_card":"summary_large_image","twitter_misc":{"Dur\u00e9e de lecture estim\u00e9e":"2 minutes"},"schema":{"@context":"https:\/\/schema.org","@graph":[{"@type":"WebPage","@id":"https:\/\/www.asf-fischer.com\/fr\/offres-demploi\/","url":"https:\/\/www.asf-fischer.com\/fr\/offres-demploi\/","name":"Offres d'emploi - A.S.F. Fischer","isPartOf":{"@id":"https:\/\/www.asf-fischer.nl\/#website"},"primaryImageOfPage":{"@id":"https:\/\/www.asf-fischer.com\/fr\/offres-demploi\/#primaryimage"},"image":{"@id":"https:\/\/www.asf-fischer.com\/fr\/offres-demploi\/#primaryimage"},"thumbnailUrl":"https:\/\/www.asf-fischer.com\/wp-content\/uploads\/2023\/02\/Afbeelding-23-Klein.jpg","datePublished":"2023-02-06T15:40:37+00:00","dateModified":"2026-02-18T15:51:14+00:00","breadcrumb":{"@id":"https:\/\/www.asf-fischer.com\/fr\/offres-demploi\/#breadcrumb"},"inLanguage":"fr-FR","potentialAction":[{"@type":"ReadAction","target":["https:\/\/www.asf-fischer.com\/fr\/offres-demploi\/"]}]},{"@type":"ImageObject","inLanguage":"fr-FR","@id":"https:\/\/www.asf-fischer.com\/fr\/offres-demploi\/#primaryimage","url":"https:\/\/www.asf-fischer.com\/wp-content\/uploads\/2023\/02\/Afbeelding-23-Klein.jpg","contentUrl":"https:\/\/www.asf-fischer.com\/wp-content\/uploads\/2023\/02\/Afbeelding-23-Klein.jpg"},{"@type":"BreadcrumbList","@id":"https:\/\/www.asf-fischer.com\/fr\/offres-demploi\/#breadcrumb","itemListElement":[{"@type":"ListItem","position":1,"name":"Home","item":"https:\/\/www.asf-fischer.com\/fr\/"},{"@type":"ListItem","position":2,"name":"Offres d&#8217;emploi"}]},{"@type":"WebSite","@id":"https:\/\/www.asf-fischer.nl\/#website","url":"https:\/\/www.asf-fischer.nl\/","name":"A.S.F. Fischer","description":"Partner in fasteners","publisher":{"@id":"https:\/\/www.asf-fischer.nl\/#organization"},"potentialAction":[{"@type":"SearchAction","target":{"@type":"EntryPoint","urlTemplate":"https:\/\/www.asf-fischer.nl\/?s={search_term_string}"},"query-input":{"@type":"PropertyValueSpecification","valueRequired":true,"valueName":"search_term_string"}}],"inLanguage":"fr-FR"},{"@type":"Organization","@id":"https:\/\/www.asf-fischer.nl\/#organization","name":"A.S.F. Fischer","url":"https:\/\/www.asf-fischer.nl\/","logo":{"@type":"ImageObject","inLanguage":"fr-FR","@id":"https:\/\/www.asf-fischer.nl\/#\/schema\/logo\/image\/","url":"https:\/\/www.asf-fischer.com\/wp-content\/uploads\/2026\/01\/ASF-Fischer-PIFAT-logo-actueel-e1768991354497-1.svg","contentUrl":"https:\/\/www.asf-fischer.com\/wp-content\/uploads\/2026\/01\/ASF-Fischer-PIFAT-logo-actueel-e1768991354497-1.svg","caption":"A.S.F. Fischer"},"image":{"@id":"https:\/\/www.asf-fischer.nl\/#\/schema\/logo\/image\/"}}]}},"uagb_featured_image_src":{"full":false,"thumbnail":false,"medium":false,"medium_large":false,"large":false,"1536x1536":false,"2048x2048":false},"uagb_author_info":{"display_name":"Support","author_link":"https:\/\/www.asf-fischer.com\/fr\/author\/support\/"},"uagb_comment_info":0,"uagb_excerpt":"Vous souhaitez travailler dans un environnement stable et convivial ? Nous promouvons un environnement de travail stable et convivial qui est centr\u00e9 sur nos clients et qui favorise le d\u00e9veloppement de nos collaborateurs. Il est toujours possible de cro\u00eetre de fa\u00e7on durable, pour l&rsquo;entreprise et pour les personnes. Vous cherchez un emploi stimulant au sein\u2026","_links":{"self":[{"href":"https:\/\/www.asf-fischer.com\/fr\/wp-json\/wp\/v2\/pages\/9858","targetHints":{"allow":["GET"]}}],"collection":[{"href":"https:\/\/www.asf-fischer.com\/fr\/wp-json\/wp\/v2\/pages"}],"about":[{"href":"https:\/\/www.asf-fischer.com\/fr\/wp-json\/wp\/v2\/types\/page"}],"author":[{"embeddable":true,"href":"https:\/\/www.asf-fischer.com\/fr\/wp-json\/wp\/v2\/users\/2"}],"replies":[{"embeddable":true,"href":"https:\/\/www.asf-fischer.com\/fr\/wp-json\/wp\/v2\/comments?post=9858"}],"version-history":[{"count":2,"href":"https:\/\/www.asf-fischer.com\/fr\/wp-json\/wp\/v2\/pages\/9858\/revisions"}],"predecessor-version":[{"id":21664,"href":"https:\/\/www.asf-fischer.com\/fr\/wp-json\/wp\/v2\/pages\/9858\/revisions\/21664"}],"wp:attachment":[{"href":"https:\/\/www.asf-fischer.com\/fr\/wp-json\/wp\/v2\/media?parent=9858"}],"curies":[{"name":"wp","href":"https:\/\/api.w.org\/{rel}","templated":true}]}}