{"id":9867,"date":"2023-02-06T16:52:22","date_gmt":"2023-02-06T15:52:22","guid":{"rendered":"https:\/\/www.asf-fischer.com\/stages\/"},"modified":"2023-04-25T10:51:37","modified_gmt":"2023-04-25T08:51:37","slug":"stages","status":"publish","type":"page","link":"https:\/\/www.asf-fischer.com\/fr\/stages\/","title":{"rendered":"Stages"},"content":{"rendered":"\n<div class=\"wp-block-uagb-container uagb-block-0025d3f8 alignfull uagb-is-root-container\"><div class=\"uagb-container-inner-blocks-wrap\">\n<div class=\"wp-block-uagb-info-box uagb-block-68e4437e uagb-infobox__content-wrap  uagb-infobox-icon-below-title uagb-infobox-image-valign-top hero-info\"><div class=\"uagb-ifb-content\"><div class=\"uagb-ifb-title-wrap\"><span class=\"uagb-ifb-title-prefix\">      <\/span><h1 class=\"uagb-ifb-title\">Stages<\/h1><\/div><\/div><\/div>\n<\/div><\/div>\n\n<div class=\"wp-block-uagb-container uagb-block-3dff203e alignfull uagb-is-root-container\"><div class=\"uagb-container-inner-blocks-wrap\">\n<div class=\"wp-block-uagb-container uagb-block-ce2706ac alignfull uagb-is-root-container\"><div class=\"uagb-container-inner-blocks-wrap\">\n<div class=\"wp-block-uagb-container uagb-block-e4e35b52\">\n<h2 class=\"has-text-align-center wp-block-heading\">Vous cherchez un stage ?<\/h2>\n\n\n\n<p class=\"has-text-align-center\">A.S.F. Fischer BV est peut-\u00eatre bien l&rsquo;entreprise qu&rsquo;il vous faut ! Nous accueillons r\u00e9guli\u00e8rement des stagiaires motiv\u00e9s tout au long de l&rsquo;ann\u00e9e. <\/p>\n<\/div>\n<\/div><\/div>\n<\/div><\/div>\n\n<div class=\"wp-block-uagb-container uagb-block-dd0f15de alignfull uagb-is-root-container\"><div class=\"uagb-container-inner-blocks-wrap\">\n<div class=\"wp-block-uagb-container uagb-block-90442b97 alignfull uagb-is-root-container\"><div class=\"uagb-container-inner-blocks-wrap\">\n<div class=\"wp-block-uagb-container uagb-block-31fadf8b\">\n<p>Vous cherchez un stage stimulant dans un environnement commercial et technique ? A.S.F. Fischer BV est l&rsquo;endroit qu&rsquo;il vous faut ! Nous sommes un fournisseur d&rsquo;\u00e9l\u00e9ments de fixation et nous vous proposons un stage formateur qui vous pr\u00e9pare \u00e0 une carri\u00e8re technique, administrative ou commerciale.  <\/p>\n\n\n\n<p>Vous collaborez de mani\u00e8re directe et personnelle au sein de notre organisation \u00ab non hi\u00e9rarchique \u00bb. Vous \u00e9voluez dans un environnement stimulant et tr\u00e8s instructif. Nous disposons \u00e9galement de notre propre Acad\u00e9mie ax\u00e9e sur le d\u00e9veloppement et l&rsquo;am\u00e9lioration de produit. Vous pouvez participer \u00e0 ce processus et contribuer au d\u00e9veloppement ou \u00e0 la commercialisation de nouveaux \u00e9l\u00e9ments de fixation.   <\/p>\n<\/div>\n\n\n\n<div class=\"wp-block-uagb-container uagb-block-7b252f82\">\n<p>Riches d&rsquo;une longue histoire qui remonte \u00e0 1945, nous disposons d&rsquo;une grande exp\u00e9rience et de nombreuses connaissances dans l&rsquo;industrie des \u00e9l\u00e9ments de fixation. Vous \u00eates donc form\u00e9(e) par des sp\u00e9cialistes et vous b\u00e9n\u00e9ficiez des connaissances que nous avons acquises pendant plus de 75 ans. Nous sommes \u00e9galement tourn\u00e9s vers l&rsquo;international et nous importons nos mat\u00e9riaux de l&rsquo;\u00e9tranger. Vous avez donc aussi l&rsquo;opportunit\u00e9 de vous familiariser avec les aspects internationaux de ce travail et de d\u00e9couvrir de nouveaux horizons.   <\/p>\n\n\n\n<p>Nous vous offrons un stage adapt\u00e9 \u00e0 vos besoins et \u00e0 vos centres d&rsquo;int\u00e9r\u00eat. Nous vous guidons et nous vous aidons pour que vous r\u00e9ussissiez votre stage dans une ambiance conviviale. Un stage chez A.S.F. Fischer BV est aussi une belle opportunit\u00e9 de booster votre d\u00e9but de carri\u00e8re !  <\/p>\n<\/div>\n<\/div><\/div>\n<\/div><\/div>\n\n<div class=\"wp-block-uagb-container uagb-block-08e036df alignfull uagb-is-root-container\"><div class=\"uagb-container-inner-blocks-wrap\">\n<div class=\"wp-block-uagb-container uagb-block-b15250e8 alignfull uagb-is-root-container\"><div class=\"uagb-container-inner-blocks-wrap\">\n<div class=\"wp-block-uagb-container uagb-block-a97db7da\">\n<h3 class=\"has-text-align-center wp-block-heading\">Vous \u00eates int\u00e9ress\u00e9(e) ? Postulez d\u00e8s aujourd&rsquo;hui pour un stage chez A.S.F. Fischer BV. Nous sommes impatients de travailler avec vous ! <\/h3>\n<\/div>\n<\/div><\/div>\n<\/div><\/div>\n\n<div class=\"wp-block-uagb-container uagb-block-1333c45a alignfull uagb-is-root-container\"><div class=\"uagb-container-inner-blocks-wrap\">\n<div class=\"wp-block-uagb-container uagb-block-f7332659 alignfull uagb-is-root-container\"><div class=\"uagb-container-inner-blocks-wrap\">\n<div class=\"wp-block-uagb-container uagb-block-84a80666\">\n<h2 class=\"wp-block-heading\">A.S.F. Fischer BV est une entreprise de formation reconnue aux Pays-Bas par le Kenniscentrum Handel et l&rsquo;ECABO.<\/h2>\n\n\n\n<div style=\"margin-top:0;margin-bottom:0;height:20px\" aria-hidden=\"true\" class=\"wp-block-spacer\"><\/div>\n\n\n\n<div class=\"wp-block-columns is-not-stacked-on-mobile is-layout-flex wp-container-core-columns-is-layout-28f84493 wp-block-columns-is-layout-flex\">\n<div class=\"wp-block-column is-layout-flow wp-block-column-is-layout-flow\">\n<figure class=\"wp-block-image size-full is-resized\"><img decoding=\"async\" src=\"https:\/\/www.asf-fischer.com\/wp-content\/uploads\/2023\/02\/kchandel.png\" alt=\"\" class=\"wp-image-8753\" width=\"100\" srcset=\"https:\/\/www.asf-fischer.com\/wp-content\/uploads\/2023\/02\/kchandel.png 225w, https:\/\/www.asf-fischer.com\/wp-content\/uploads\/2023\/02\/kchandel-150x150.png 150w\" sizes=\"(max-width: 225px) 100vw, 225px\" \/><\/figure><\/div>\n\n\n\n<div class=\"wp-block-column is-layout-flow wp-block-column-is-layout-flow\">\n<figure class=\"wp-block-image size-full is-resized\"><img decoding=\"async\" src=\"https:\/\/www.asf-fischer.com\/wp-content\/uploads\/2023\/02\/ecabo-logo-el.jpg\" alt=\"\" class=\"wp-image-8749\" width=\"100\" srcset=\"https:\/\/www.asf-fischer.com\/wp-content\/uploads\/2023\/02\/ecabo-logo-el.jpg 320w, https:\/\/www.asf-fischer.com\/wp-content\/uploads\/2023\/02\/ecabo-logo-el-300x300.jpg 300w, https:\/\/www.asf-fischer.com\/wp-content\/uploads\/2023\/02\/ecabo-logo-el-150x150.jpg 150w\" sizes=\"(max-width: 320px) 100vw, 320px\" \/><\/figure><\/div>\n\n\n\n<div class=\"wp-block-column is-layout-flow wp-block-column-is-layout-flow\"><\/div>\n\n\n\n<div class=\"wp-block-column is-layout-flow wp-block-column-is-layout-flow\"><\/div>\n<\/div>\n<\/div>\n\n\n\n<div class=\"wp-block-uagb-container uagb-block-af28c57c\">\n<figure class=\"wp-block-image aligncenter size-full\"><img decoding=\"async\" width=\"509\" height=\"339\" src=\"https:\/\/www.asf-fischer.com\/wp-content\/uploads\/2023\/02\/Afbeelding-23-Klein.jpg\" alt=\"\" class=\"wp-image-8745\" srcset=\"https:\/\/www.asf-fischer.com\/wp-content\/uploads\/2023\/02\/Afbeelding-23-Klein.jpg 509w, https:\/\/www.asf-fischer.com\/wp-content\/uploads\/2023\/02\/Afbeelding-23-Klein-300x200.jpg 300w\" sizes=\"(max-width: 509px) 100vw, 509px\" \/><\/figure><\/div>\n<\/div><\/div>\n<\/div><\/div>\n\n<div class=\"wp-block-uagb-container uagb-block-eb838737 alignwide uagb-is-root-container\">\n<div class=\"wp-block-uagb-container uagb-block-075a5fb8 alignfull uagb-is-root-container\"><div class=\"uagb-container-inner-blocks-wrap\">\n<h2 class=\"has-text-align-center wp-block-heading\">Laissez-nous vos coordonn\u00e9es<\/h2>\n\n\n\n<p class=\"has-text-align-center\">Envoyez votre lettre de motivation et votre CV \u00e0 <a href=\"mailto:vacature@asf-fischer.nl\">vacature@asf-fischer.nl<\/a>, \u00e0 l&rsquo;attention du d\u00e9partement des ressources humaines ou faites le <a href=\"tel:+31320285544\">+31 (0) 320-285544<\/a> pour plus d&rsquo;informations.<\/p>\n\n\n\n<p class=\"has-text-align-center\">Indiquez explicitement le nom de votre formation et les objectifs de votre stage.<\/p>\n<\/div><\/div>\n<\/div>\n\n<div style=\"margin-top:0;margin-bottom:0;height:100px\" aria-hidden=\"true\" class=\"wp-block-spacer\"><\/div>\n","protected":false},"excerpt":{"rendered":"<p>Vous cherchez un stage ? A.S.F. Fischer BV est peut-\u00eatre bien l&rsquo;entreprise qu&rsquo;il vous faut ! Nous accueillons r\u00e9guli\u00e8rement des stagiaires motiv\u00e9s tout au long de l&rsquo;ann\u00e9e. Vous cherchez un stage stimulant dans un environnement commercial et technique ? A.S.F. Fischer BV est l&rsquo;endroit qu&rsquo;il vous faut ! Nous sommes un fournisseur d&rsquo;\u00e9l\u00e9ments de fixation [&hellip;]<\/p>\n","protected":false},"author":2,"featured_media":0,"parent":0,"menu_order":0,"comment_status":"closed","ping_status":"closed","template":"","meta":{"_acf_changed":false,"inline_featured_image":false,"_uag_custom_page_level_css":"","site-sidebar-layout":"default","site-content-layout":"","ast-site-content-layout":"default","site-content-style":"default","site-sidebar-style":"default","ast-global-header-display":"","ast-banner-title-visibility":"","ast-main-header-display":"","ast-hfb-above-header-display":"","ast-hfb-below-header-display":"","ast-hfb-mobile-header-display":"","site-post-title":"disabled","ast-breadcrumbs-content":"","ast-featured-img":"","footer-sml-layout":"","ast-disable-related-posts":"","theme-transparent-header-meta":"enabled","adv-header-id-meta":"","stick-header-meta":"","header-above-stick-meta":"","header-main-stick-meta":"","header-below-stick-meta":"","astra-migrate-meta-layouts":"default","ast-page-background-enabled":"default","ast-page-background-meta":{"desktop":{"background-color":"","background-image":"","background-repeat":"repeat","background-position":"center center","background-size":"auto","background-attachment":"scroll","background-type":"","background-media":"","overlay-type":"","overlay-color":"","overlay-opacity":"","overlay-gradient":""},"tablet":{"background-color":"","background-image":"","background-repeat":"repeat","background-position":"center center","background-size":"auto","background-attachment":"scroll","background-type":"","background-media":"","overlay-type":"","overlay-color":"","overlay-opacity":"","overlay-gradient":""},"mobile":{"background-color":"","background-image":"","background-repeat":"repeat","background-position":"center center","background-size":"auto","background-attachment":"scroll","background-type":"","background-media":"","overlay-type":"","overlay-color":"","overlay-opacity":"","overlay-gradient":""}},"ast-content-background-meta":{"desktop":{"background-color":"var(--ast-global-color-5)","background-image":"","background-repeat":"repeat","background-position":"center center","background-size":"auto","background-attachment":"scroll","background-type":"","background-media":"","overlay-type":"","overlay-color":"","overlay-opacity":"","overlay-gradient":""},"tablet":{"background-color":"var(--ast-global-color-5)","background-image":"","background-repeat":"repeat","background-position":"center center","background-size":"auto","background-attachment":"scroll","background-type":"","background-media":"","overlay-type":"","overlay-color":"","overlay-opacity":"","overlay-gradient":""},"mobile":{"background-color":"var(--ast-global-color-5)","background-image":"","background-repeat":"repeat","background-position":"center center","background-size":"auto","background-attachment":"scroll","background-type":"","background-media":"","overlay-type":"","overlay-color":"","overlay-opacity":"","overlay-gradient":""}},"footnotes":""},"class_list":["post-9867","page","type-page","status-publish","hentry"],"acf":[],"yoast_head":"<!-- This site is optimized with the Yoast SEO plugin v27.4 - https:\/\/yoast.com\/product\/yoast-seo-wordpress\/ -->\n<title>Stages - A.S.F. Fischer<\/title>\n<meta name=\"robots\" content=\"index, follow, max-snippet:-1, max-image-preview:large, max-video-preview:-1\" \/>\n<link rel=\"canonical\" href=\"https:\/\/www.asf-fischer.com\/fr\/stages\/\" \/>\n<meta property=\"og:locale\" content=\"fr_FR\" \/>\n<meta property=\"og:type\" content=\"article\" \/>\n<meta property=\"og:title\" content=\"Stages - A.S.F. Fischer\" \/>\n<meta property=\"og:description\" content=\"Vous cherchez un stage ? A.S.F. Fischer BV est peut-\u00eatre bien l&rsquo;entreprise qu&rsquo;il vous faut ! Nous accueillons r\u00e9guli\u00e8rement des stagiaires motiv\u00e9s tout au long de l&rsquo;ann\u00e9e. Vous cherchez un stage stimulant dans un environnement commercial et technique ? A.S.F. Fischer BV est l&rsquo;endroit qu&rsquo;il vous faut ! Nous sommes un fournisseur d&rsquo;\u00e9l\u00e9ments de fixation [&hellip;]\" \/>\n<meta property=\"og:url\" content=\"https:\/\/www.asf-fischer.com\/fr\/stages\/\" \/>\n<meta property=\"og:site_name\" content=\"A.S.F. Fischer\" \/>\n<meta property=\"article:modified_time\" content=\"2023-04-25T08:51:37+00:00\" \/>\n<meta property=\"og:image\" content=\"https:\/\/www.asf-fischer.nl\/wp-content\/uploads\/2023\/02\/kchandel.png\" \/>\n<meta name=\"twitter:card\" content=\"summary_large_image\" \/>\n<meta name=\"twitter:label1\" content=\"Dur\u00e9e de lecture estim\u00e9e\" \/>\n\t<meta name=\"twitter:data1\" content=\"2 minutes\" \/>\n<script type=\"application\/ld+json\" class=\"yoast-schema-graph\">{\"@context\":\"https:\\\/\\\/schema.org\",\"@graph\":[{\"@type\":\"WebPage\",\"@id\":\"https:\\\/\\\/www.asf-fischer.com\\\/fr\\\/stages\\\/\",\"url\":\"https:\\\/\\\/www.asf-fischer.com\\\/fr\\\/stages\\\/\",\"name\":\"Stages - A.S.F. Fischer\",\"isPartOf\":{\"@id\":\"https:\\\/\\\/www.asf-fischer.nl\\\/#website\"},\"primaryImageOfPage\":{\"@id\":\"https:\\\/\\\/www.asf-fischer.com\\\/fr\\\/stages\\\/#primaryimage\"},\"image\":{\"@id\":\"https:\\\/\\\/www.asf-fischer.com\\\/fr\\\/stages\\\/#primaryimage\"},\"thumbnailUrl\":\"https:\\\/\\\/www.asf-fischer.com\\\/wp-content\\\/uploads\\\/2023\\\/02\\\/kchandel.png\",\"datePublished\":\"2023-02-06T15:52:22+00:00\",\"dateModified\":\"2023-04-25T08:51:37+00:00\",\"breadcrumb\":{\"@id\":\"https:\\\/\\\/www.asf-fischer.com\\\/fr\\\/stages\\\/#breadcrumb\"},\"inLanguage\":\"fr-FR\",\"potentialAction\":[{\"@type\":\"ReadAction\",\"target\":[\"https:\\\/\\\/www.asf-fischer.com\\\/fr\\\/stages\\\/\"]}]},{\"@type\":\"ImageObject\",\"inLanguage\":\"fr-FR\",\"@id\":\"https:\\\/\\\/www.asf-fischer.com\\\/fr\\\/stages\\\/#primaryimage\",\"url\":\"https:\\\/\\\/www.asf-fischer.com\\\/wp-content\\\/uploads\\\/2023\\\/02\\\/kchandel.png\",\"contentUrl\":\"https:\\\/\\\/www.asf-fischer.com\\\/wp-content\\\/uploads\\\/2023\\\/02\\\/kchandel.png\"},{\"@type\":\"BreadcrumbList\",\"@id\":\"https:\\\/\\\/www.asf-fischer.com\\\/fr\\\/stages\\\/#breadcrumb\",\"itemListElement\":[{\"@type\":\"ListItem\",\"position\":1,\"name\":\"Home\",\"item\":\"https:\\\/\\\/www.asf-fischer.com\\\/fr\\\/\"},{\"@type\":\"ListItem\",\"position\":2,\"name\":\"Stages\"}]},{\"@type\":\"WebSite\",\"@id\":\"https:\\\/\\\/www.asf-fischer.nl\\\/#website\",\"url\":\"https:\\\/\\\/www.asf-fischer.nl\\\/\",\"name\":\"A.S.F. Fischer\",\"description\":\"Partner in fasteners\",\"publisher\":{\"@id\":\"https:\\\/\\\/www.asf-fischer.nl\\\/#organization\"},\"potentialAction\":[{\"@type\":\"SearchAction\",\"target\":{\"@type\":\"EntryPoint\",\"urlTemplate\":\"https:\\\/\\\/www.asf-fischer.nl\\\/?s={search_term_string}\"},\"query-input\":{\"@type\":\"PropertyValueSpecification\",\"valueRequired\":true,\"valueName\":\"search_term_string\"}}],\"inLanguage\":\"fr-FR\"},{\"@type\":\"Organization\",\"@id\":\"https:\\\/\\\/www.asf-fischer.nl\\\/#organization\",\"name\":\"A.S.F. Fischer\",\"url\":\"https:\\\/\\\/www.asf-fischer.nl\\\/\",\"logo\":{\"@type\":\"ImageObject\",\"inLanguage\":\"fr-FR\",\"@id\":\"https:\\\/\\\/www.asf-fischer.nl\\\/#\\\/schema\\\/logo\\\/image\\\/\",\"url\":\"https:\\\/\\\/www.asf-fischer.com\\\/wp-content\\\/uploads\\\/2026\\\/01\\\/ASF-Fischer-PIFAT-logo-actueel-e1768991354497-1.svg\",\"contentUrl\":\"https:\\\/\\\/www.asf-fischer.com\\\/wp-content\\\/uploads\\\/2026\\\/01\\\/ASF-Fischer-PIFAT-logo-actueel-e1768991354497-1.svg\",\"caption\":\"A.S.F. Fischer\"},\"image\":{\"@id\":\"https:\\\/\\\/www.asf-fischer.nl\\\/#\\\/schema\\\/logo\\\/image\\\/\"}}]}<\/script>\n<!-- \/ Yoast SEO plugin. -->","yoast_head_json":{"title":"Stages - A.S.F. Fischer","robots":{"index":"index","follow":"follow","max-snippet":"max-snippet:-1","max-image-preview":"max-image-preview:large","max-video-preview":"max-video-preview:-1"},"canonical":"https:\/\/www.asf-fischer.com\/fr\/stages\/","og_locale":"fr_FR","og_type":"article","og_title":"Stages - A.S.F. Fischer","og_description":"Vous cherchez un stage ? A.S.F. Fischer BV est peut-\u00eatre bien l&rsquo;entreprise qu&rsquo;il vous faut ! Nous accueillons r\u00e9guli\u00e8rement des stagiaires motiv\u00e9s tout au long de l&rsquo;ann\u00e9e. Vous cherchez un stage stimulant dans un environnement commercial et technique ? A.S.F. Fischer BV est l&rsquo;endroit qu&rsquo;il vous faut ! Nous sommes un fournisseur d&rsquo;\u00e9l\u00e9ments de fixation [&hellip;]","og_url":"https:\/\/www.asf-fischer.com\/fr\/stages\/","og_site_name":"A.S.F. Fischer","article_modified_time":"2023-04-25T08:51:37+00:00","og_image":[{"url":"https:\/\/www.asf-fischer.nl\/wp-content\/uploads\/2023\/02\/kchandel.png","type":"","width":"","height":""}],"twitter_card":"summary_large_image","twitter_misc":{"Dur\u00e9e de lecture estim\u00e9e":"2 minutes"},"schema":{"@context":"https:\/\/schema.org","@graph":[{"@type":"WebPage","@id":"https:\/\/www.asf-fischer.com\/fr\/stages\/","url":"https:\/\/www.asf-fischer.com\/fr\/stages\/","name":"Stages - A.S.F. Fischer","isPartOf":{"@id":"https:\/\/www.asf-fischer.nl\/#website"},"primaryImageOfPage":{"@id":"https:\/\/www.asf-fischer.com\/fr\/stages\/#primaryimage"},"image":{"@id":"https:\/\/www.asf-fischer.com\/fr\/stages\/#primaryimage"},"thumbnailUrl":"https:\/\/www.asf-fischer.com\/wp-content\/uploads\/2023\/02\/kchandel.png","datePublished":"2023-02-06T15:52:22+00:00","dateModified":"2023-04-25T08:51:37+00:00","breadcrumb":{"@id":"https:\/\/www.asf-fischer.com\/fr\/stages\/#breadcrumb"},"inLanguage":"fr-FR","potentialAction":[{"@type":"ReadAction","target":["https:\/\/www.asf-fischer.com\/fr\/stages\/"]}]},{"@type":"ImageObject","inLanguage":"fr-FR","@id":"https:\/\/www.asf-fischer.com\/fr\/stages\/#primaryimage","url":"https:\/\/www.asf-fischer.com\/wp-content\/uploads\/2023\/02\/kchandel.png","contentUrl":"https:\/\/www.asf-fischer.com\/wp-content\/uploads\/2023\/02\/kchandel.png"},{"@type":"BreadcrumbList","@id":"https:\/\/www.asf-fischer.com\/fr\/stages\/#breadcrumb","itemListElement":[{"@type":"ListItem","position":1,"name":"Home","item":"https:\/\/www.asf-fischer.com\/fr\/"},{"@type":"ListItem","position":2,"name":"Stages"}]},{"@type":"WebSite","@id":"https:\/\/www.asf-fischer.nl\/#website","url":"https:\/\/www.asf-fischer.nl\/","name":"A.S.F. Fischer","description":"Partner in fasteners","publisher":{"@id":"https:\/\/www.asf-fischer.nl\/#organization"},"potentialAction":[{"@type":"SearchAction","target":{"@type":"EntryPoint","urlTemplate":"https:\/\/www.asf-fischer.nl\/?s={search_term_string}"},"query-input":{"@type":"PropertyValueSpecification","valueRequired":true,"valueName":"search_term_string"}}],"inLanguage":"fr-FR"},{"@type":"Organization","@id":"https:\/\/www.asf-fischer.nl\/#organization","name":"A.S.F. Fischer","url":"https:\/\/www.asf-fischer.nl\/","logo":{"@type":"ImageObject","inLanguage":"fr-FR","@id":"https:\/\/www.asf-fischer.nl\/#\/schema\/logo\/image\/","url":"https:\/\/www.asf-fischer.com\/wp-content\/uploads\/2026\/01\/ASF-Fischer-PIFAT-logo-actueel-e1768991354497-1.svg","contentUrl":"https:\/\/www.asf-fischer.com\/wp-content\/uploads\/2026\/01\/ASF-Fischer-PIFAT-logo-actueel-e1768991354497-1.svg","caption":"A.S.F. Fischer"},"image":{"@id":"https:\/\/www.asf-fischer.nl\/#\/schema\/logo\/image\/"}}]}},"uagb_featured_image_src":{"full":false,"thumbnail":false,"medium":false,"medium_large":false,"large":false,"1536x1536":false,"2048x2048":false},"uagb_author_info":{"display_name":"Support","author_link":"https:\/\/www.asf-fischer.com\/fr\/author\/support\/"},"uagb_comment_info":0,"uagb_excerpt":"Vous cherchez un stage ? A.S.F. Fischer BV est peut-\u00eatre bien l&rsquo;entreprise qu&rsquo;il vous faut ! Nous accueillons r\u00e9guli\u00e8rement des stagiaires motiv\u00e9s tout au long de l&rsquo;ann\u00e9e. Vous cherchez un stage stimulant dans un environnement commercial et technique ? A.S.F. Fischer BV est l&rsquo;endroit qu&rsquo;il vous faut ! Nous sommes un fournisseur d&rsquo;\u00e9l\u00e9ments de fixation\u2026","_links":{"self":[{"href":"https:\/\/www.asf-fischer.com\/fr\/wp-json\/wp\/v2\/pages\/9867","targetHints":{"allow":["GET"]}}],"collection":[{"href":"https:\/\/www.asf-fischer.com\/fr\/wp-json\/wp\/v2\/pages"}],"about":[{"href":"https:\/\/www.asf-fischer.com\/fr\/wp-json\/wp\/v2\/types\/page"}],"author":[{"embeddable":true,"href":"https:\/\/www.asf-fischer.com\/fr\/wp-json\/wp\/v2\/users\/2"}],"replies":[{"embeddable":true,"href":"https:\/\/www.asf-fischer.com\/fr\/wp-json\/wp\/v2\/comments?post=9867"}],"version-history":[{"count":1,"href":"https:\/\/www.asf-fischer.com\/fr\/wp-json\/wp\/v2\/pages\/9867\/revisions"}],"predecessor-version":[{"id":9869,"href":"https:\/\/www.asf-fischer.com\/fr\/wp-json\/wp\/v2\/pages\/9867\/revisions\/9869"}],"wp:attachment":[{"href":"https:\/\/www.asf-fischer.com\/fr\/wp-json\/wp\/v2\/media?parent=9867"}],"curies":[{"name":"wp","href":"https:\/\/api.w.org\/{rel}","templated":true}]}}