{"id":9903,"date":"2022-02-17T11:48:11","date_gmt":"2022-02-17T10:48:11","guid":{"rendered":"https:\/\/www.asf-fischer.com\/contact\/"},"modified":"2023-10-13T12:23:09","modified_gmt":"2023-10-13T10:23:09","slug":"contact","status":"publish","type":"page","link":"https:\/\/www.asf-fischer.com\/fr\/contact\/","title":{"rendered":"Contact"},"content":{"rendered":"\n<div class=\"wp-block-uagb-container uagb-block-9c636c07 alignfull uagb-is-root-container\"><div class=\"uagb-container-inner-blocks-wrap\">\n<div class=\"wp-block-uagb-info-box uagb-block-a4bda827 uagb-infobox__content-wrap  uagb-infobox-icon-below-title uagb-infobox-image-valign-top hero-info\"><div class=\"uagb-ifb-content\"><div class=\"uagb-ifb-title-wrap\"><span class=\"uagb-ifb-title-prefix\">      <\/span><h1 class=\"uagb-ifb-title\">Nous contacter<\/h1><\/div><p class=\"uagb-ifb-desc\">Que pouvons-nous faire pour vous ?<\/p><\/div><\/div>\n<\/div><\/div>\n\n<div class=\"wp-block-uagb-container uagb-block-44dcfcea alignfull uagb-is-root-container\"><div class=\"uagb-container-inner-blocks-wrap\">\n<div class=\"wp-block-uagb-container uagb-block-99ba415b alignfull uagb-is-root-container\"><div class=\"uagb-container-inner-blocks-wrap\">\n<div class=\"wp-block-uagb-container uagb-block-9184abc1\">\n<h2 class=\"wp-block-heading\">Contact<\/h2>\n\n\n\n<p class=\"has-medium-font-size\">Vous avez des questions ou des remarques sp\u00e9cifiques pour ASF Fischer ? Veuillez nous contacter. Vos contributions et vos r\u00e9actions sont tr\u00e8s importantes.  <\/p>\n\n\n\n<div class=\"wp-block-uagb-container uagb-block-1d569476\">\n<div class=\"wp-block-uagb-container uagb-block-1d681848\">\n<p><strong>Adresse<\/strong><\/p>\n\n\n\n<p>Zilverstraat 1, 8211 AN Lelystad, Pays-Bas<\/p>\n\n\n\n<div style=\"margin-top:0;margin-bottom:0;height:30px\" aria-hidden=\"true\" class=\"wp-block-spacer\"><\/div>\n\n\n\n<p><strong>Horaires des bureaux<\/strong><\/p>\n\n\n\n<p>Lundi &#8211; vendredi 8H00 &#8211; 17H00<\/p>\n\n\n\n<div style=\"margin-top:0;margin-bottom:0;height:30px\" aria-hidden=\"true\" class=\"wp-block-spacer\"><\/div>\n\n\n\n<p class=\"has-small-font-size\">Chambre de commerce de Lelystad : 39063428<br\/>N\u00b0 de TVA : 8055.49.948.B01<\/p>\n<\/div>\n\n\n\n<div class=\"wp-block-uagb-container uagb-block-21862c63\">\n<p><strong>Contact G\u00e9n\u00e9ral<\/strong><\/p>\n\n\n\n<p><a href=\"tel:+31320285544\">0320 28 55 44<\/a><br\/><a href=\"mailto:info@asf-fischer.nl\">info@asf-fischer.nl<\/a><\/p>\n\n\n\n<div style=\"margin-top:0;margin-bottom:0;height:30px\" aria-hidden=\"true\" class=\"wp-block-spacer\"><\/div>\n\n\n\n<p><strong>Contact Ventes<\/strong><\/p>\n\n\n\n<p><a href=\"tel:+31320285610\">0320 28 56 10<\/a><br\/><a href=\"mailto:verkoop@asf-fischer.nl\">sales@asf-fischer.nl<\/a><\/p>\n<\/div>\n<\/div>\n<\/div>\n\n\n\n<div class=\"wp-block-uagb-container uagb-block-b7f355a5\">\n<iframe src=\"https:\/\/www.google.com\/maps\/embed?pb=!1m14!1m8!1m3!1d155335.12817809853!2d5.515029!3d52.531419!3m2!1i1024!2i768!4f13.1!3m3!1m2!1s0x47c627caa83a33e5%3A0x4c6a1501b90bfd59!2sA.S.F.%20Fischer%20BV!5e0!3m2!1snl!2snl!4v1677843954783!5m2!1snl!2snl\" width=\"100%\" height=\"450\" style=\"border:0;\" allowfullscreen=\"\" loading=\"lazy\" referrerpolicy=\"no-referrer-when-downgrade\"><\/iframe>\n\n\n\n<div class=\"wp-block-buttons is-layout-flex wp-block-buttons-is-layout-flex\">\n<div class=\"wp-block-button\"><a class=\"wp-block-button__link wp-element-button\" href=\"https:\/\/maps.google.com\/maps\/dir\/\/A.S.F.+Fischer+BV+Zilverstraat+1+8211+AN+Lelystad\/@52.5314189,5.5150288,14z\/data=!4m5!4m4!1m0!1m2!1m1!1s0x47c627caa83a33e5:0x4c6a1501b90bfd59\">Itin\u00e9raire<\/a><\/div>\n<\/div>\n<\/div>\n<\/div><\/div>\n<\/div><\/div>\n\n<div class=\"wp-block-uagb-container uagb-block-8c034b88 alignwide uagb-is-root-container\">\n<div class=\"wp-block-uagb-container uagb-block-8e8bcc07 alignfull uagb-is-root-container\"><div class=\"uagb-container-inner-blocks-wrap\">\n<div class=\"wp-block-uagb-container uagb-block-2911b808\">\n<h2 class=\"wp-block-heading\">Formulaire de contact<\/h2>\n\n\n\n<p class=\"has-medium-font-size\">Remplissez le formulaire de contact et nous vous contacterons le plus rapidement possible.<\/p>\n<\/div>\n\n\n\n<div class=\"wp-block-uagb-container uagb-block-1f071e25\">\n<div class=\"wp-block-contact-form-7-contact-form-selector\">\n<div class=\"wpcf7 no-js\" id=\"wpcf7-f8379-o1\" lang=\"fr-FR\" dir=\"ltr\" data-wpcf7-id=\"8379\">\n<div class=\"screen-reader-response\"><p role=\"status\" aria-live=\"polite\" aria-atomic=\"true\"><\/p> <ul><\/ul><\/div>\n<form action=\"\/fr\/wp-json\/wp\/v2\/pages\/9903#wpcf7-f8379-o1\" method=\"post\" class=\"wpcf7-form init wpcf7-acceptance-as-validation\" aria-label=\"Formulaire de contact\" novalidate=\"novalidate\" data-status=\"init\">\n<fieldset class=\"hidden-fields-container\"><input type=\"hidden\" name=\"_wpcf7\" value=\"8379\" \/><input type=\"hidden\" name=\"_wpcf7_version\" value=\"6.1.5\" \/><input type=\"hidden\" name=\"_wpcf7_locale\" value=\"fr_FR\" \/><input type=\"hidden\" name=\"_wpcf7_unit_tag\" value=\"wpcf7-f8379-o1\" \/><input type=\"hidden\" name=\"_wpcf7_container_post\" value=\"0\" \/><input type=\"hidden\" name=\"_wpcf7_posted_data_hash\" value=\"\" \/><input type=\"hidden\" name=\"_wpcf7_recaptcha_response\" value=\"\" \/>\n<\/fieldset>\n<p><label> Nom<br \/>\n<span class=\"wpcf7-form-control-wrap\" data-name=\"naam\"><input size=\"40\" maxlength=\"400\" class=\"wpcf7-form-control wpcf7-text wpcf7-validates-as-required\" aria-required=\"true\" aria-invalid=\"false\" placeholder=\"Nom\" value=\"\" type=\"text\" name=\"naam\" \/><\/span> <\/label>\n<\/p>\n<p><label> Adresse e-mail<br \/>\n<span class=\"wpcf7-form-control-wrap\" data-name=\"e-mailadres\"><input size=\"40\" maxlength=\"400\" class=\"wpcf7-form-control wpcf7-email wpcf7-validates-as-required wpcf7-text wpcf7-validates-as-email\" aria-required=\"true\" aria-invalid=\"false\" placeholder=\"Adresse e-mail\" value=\"\" type=\"email\" name=\"e-mailadres\" \/><\/span> <\/label>\n<\/p>\n<p><label> Message<br \/>\n<span class=\"wpcf7-form-control-wrap\" data-name=\"bericht\"><textarea cols=\"40\" rows=\"10\" maxlength=\"2000\" class=\"wpcf7-form-control wpcf7-textarea wpcf7-validates-as-required\" aria-required=\"true\" aria-invalid=\"false\" placeholder=\"Message\" name=\"bericht\"><\/textarea><\/span> <\/label>\n<\/p>\n<p><span class=\"wpcf7-form-control-wrap\" data-name=\"privacyverklaring\"><span class=\"wpcf7-form-control wpcf7-acceptance\"><span class=\"wpcf7-list-item\"><label><input type=\"checkbox\" name=\"privacyverklaring\" value=\"1\" aria-invalid=\"false\" \/><span class=\"wpcf7-list-item-label\">En remplissant ce formulaire, vous acceptez notre <a href=\"https:\/\/www.asf-fischer.be\/privacy-en-cookie-policy\/\" target=\"_blank\">d\u00e9claration de confidentialit\u00e9<\/a>.<\/span><\/label><\/span><\/span><\/span>\n<\/p>\n<p><input class=\"wpcf7-form-control wpcf7-submit has-spinner\" type=\"submit\" value=\"Exp\u00e9dier\" \/>\n<\/p>\n<p class=\"has-small-font-size\"><i>Ce site est prot\u00e9g\u00e9 par reCAPTCHA et la <a href=\"https:\/\/policies.google.com\/privacy\" target=\"_blank\">politique de confidentialit\u00e9<\/a> et les <a href=\"https:\/\/policies.google.com\/terms\" target=\"_blank\">conditions d'utilisation<\/a> de Google s'appliquent.<\/i>\n<\/p><div class=\"wpcf7-response-output\" aria-hidden=\"true\"><\/div>\n<\/form>\n<\/div>\n<\/div>\n<\/div>\n<\/div><\/div>\n<\/div>\n\n<div style=\"margin-top:0;margin-bottom:0;height:100px\" aria-hidden=\"true\" class=\"wp-block-spacer\"><\/div>\n","protected":false},"excerpt":{"rendered":"<p>Contact Vous avez des questions ou des remarques sp\u00e9cifiques pour ASF Fischer ? Veuillez nous contacter. Vos contributions et vos r\u00e9actions sont tr\u00e8s importantes. Adresse Zilverstraat 1, 8211 AN Lelystad, Pays-Bas Horaires des bureaux Lundi &#8211; vendredi 8H00 &#8211; 17H00 Chambre de commerce de Lelystad : 39063428N\u00b0 de TVA : 8055.49.948.B01 Contact G\u00e9n\u00e9ral 0320 28 [&hellip;]<\/p>\n","protected":false},"author":1,"featured_media":0,"parent":0,"menu_order":0,"comment_status":"closed","ping_status":"closed","template":"","meta":{"_acf_changed":false,"inline_featured_image":false,"_uag_custom_page_level_css":"","site-sidebar-layout":"no-sidebar","site-content-layout":"plain-container","ast-site-content-layout":"default","site-content-style":"default","site-sidebar-style":"default","ast-global-header-display":"","ast-banner-title-visibility":"","ast-main-header-display":"","ast-hfb-above-header-display":"","ast-hfb-below-header-display":"","ast-hfb-mobile-header-display":"","site-post-title":"disabled","ast-breadcrumbs-content":"","ast-featured-img":"disabled","footer-sml-layout":"","ast-disable-related-posts":"","theme-transparent-header-meta":"enabled","adv-header-id-meta":"","stick-header-meta":"","header-above-stick-meta":"","header-main-stick-meta":"","header-below-stick-meta":"","astra-migrate-meta-layouts":"default","ast-page-background-enabled":"default","ast-page-background-meta":{"desktop":{"background-color":"","background-image":"","background-repeat":"repeat","background-position":"center center","background-size":"auto","background-attachment":"scroll","background-type":"","background-media":"","overlay-type":"","overlay-color":"","overlay-opacity":"","overlay-gradient":""},"tablet":{"background-color":"","background-image":"","background-repeat":"repeat","background-position":"center center","background-size":"auto","background-attachment":"scroll","background-type":"","background-media":"","overlay-type":"","overlay-color":"","overlay-opacity":"","overlay-gradient":""},"mobile":{"background-color":"","background-image":"","background-repeat":"repeat","background-position":"center center","background-size":"auto","background-attachment":"scroll","background-type":"","background-media":"","overlay-type":"","overlay-color":"","overlay-opacity":"","overlay-gradient":""}},"ast-content-background-meta":{"desktop":{"background-color":"var(--ast-global-color-5)","background-image":"","background-repeat":"repeat","background-position":"center center","background-size":"auto","background-attachment":"scroll","background-type":"","background-media":"","overlay-type":"","overlay-color":"","overlay-opacity":"","overlay-gradient":""},"tablet":{"background-color":"var(--ast-global-color-5)","background-image":"","background-repeat":"repeat","background-position":"center center","background-size":"auto","background-attachment":"scroll","background-type":"","background-media":"","overlay-type":"","overlay-color":"","overlay-opacity":"","overlay-gradient":""},"mobile":{"background-color":"var(--ast-global-color-5)","background-image":"","background-repeat":"repeat","background-position":"center center","background-size":"auto","background-attachment":"scroll","background-type":"","background-media":"","overlay-type":"","overlay-color":"","overlay-opacity":"","overlay-gradient":""}},"footnotes":""},"class_list":["post-9903","page","type-page","status-publish","hentry"],"acf":[],"yoast_head":"<!-- This site is optimized with the Yoast SEO plugin v27.4 - https:\/\/yoast.com\/product\/yoast-seo-wordpress\/ -->\n<title>Contact - A.S.F. Fischer<\/title>\n<meta name=\"robots\" content=\"index, follow, max-snippet:-1, max-image-preview:large, max-video-preview:-1\" \/>\n<link rel=\"canonical\" href=\"https:\/\/www.asf-fischer.com\/fr\/contact\/\" \/>\n<meta property=\"og:locale\" content=\"fr_FR\" \/>\n<meta property=\"og:type\" content=\"article\" \/>\n<meta property=\"og:title\" content=\"Contact - A.S.F. Fischer\" \/>\n<meta property=\"og:description\" content=\"Contact Vous avez des questions ou des remarques sp\u00e9cifiques pour ASF Fischer ? Veuillez nous contacter. Vos contributions et vos r\u00e9actions sont tr\u00e8s importantes. Adresse Zilverstraat 1, 8211 AN Lelystad, Pays-Bas Horaires des bureaux Lundi &#8211; vendredi 8H00 &#8211; 17H00 Chambre de commerce de Lelystad : 39063428N\u00b0 de TVA : 8055.49.948.B01 Contact G\u00e9n\u00e9ral 0320 28 [&hellip;]\" \/>\n<meta property=\"og:url\" content=\"https:\/\/www.asf-fischer.com\/fr\/contact\/\" \/>\n<meta property=\"og:site_name\" content=\"A.S.F. Fischer\" \/>\n<meta property=\"article:modified_time\" content=\"2023-10-13T10:23:09+00:00\" \/>\n<meta name=\"twitter:card\" content=\"summary_large_image\" \/>\n<script type=\"application\/ld+json\" class=\"yoast-schema-graph\">{\"@context\":\"https:\\\/\\\/schema.org\",\"@graph\":[{\"@type\":\"WebPage\",\"@id\":\"https:\\\/\\\/www.asf-fischer.com\\\/fr\\\/contact\\\/\",\"url\":\"https:\\\/\\\/www.asf-fischer.com\\\/fr\\\/contact\\\/\",\"name\":\"Contact - A.S.F. Fischer\",\"isPartOf\":{\"@id\":\"https:\\\/\\\/www.asf-fischer.nl\\\/#website\"},\"datePublished\":\"2022-02-17T10:48:11+00:00\",\"dateModified\":\"2023-10-13T10:23:09+00:00\",\"breadcrumb\":{\"@id\":\"https:\\\/\\\/www.asf-fischer.com\\\/fr\\\/contact\\\/#breadcrumb\"},\"inLanguage\":\"fr-FR\",\"potentialAction\":[{\"@type\":\"ReadAction\",\"target\":[\"https:\\\/\\\/www.asf-fischer.com\\\/fr\\\/contact\\\/\"]}]},{\"@type\":\"BreadcrumbList\",\"@id\":\"https:\\\/\\\/www.asf-fischer.com\\\/fr\\\/contact\\\/#breadcrumb\",\"itemListElement\":[{\"@type\":\"ListItem\",\"position\":1,\"name\":\"Home\",\"item\":\"https:\\\/\\\/www.asf-fischer.com\\\/fr\\\/\"},{\"@type\":\"ListItem\",\"position\":2,\"name\":\"Contact\"}]},{\"@type\":\"WebSite\",\"@id\":\"https:\\\/\\\/www.asf-fischer.nl\\\/#website\",\"url\":\"https:\\\/\\\/www.asf-fischer.nl\\\/\",\"name\":\"A.S.F. Fischer\",\"description\":\"Partner in fasteners\",\"publisher\":{\"@id\":\"https:\\\/\\\/www.asf-fischer.nl\\\/#organization\"},\"potentialAction\":[{\"@type\":\"SearchAction\",\"target\":{\"@type\":\"EntryPoint\",\"urlTemplate\":\"https:\\\/\\\/www.asf-fischer.nl\\\/?s={search_term_string}\"},\"query-input\":{\"@type\":\"PropertyValueSpecification\",\"valueRequired\":true,\"valueName\":\"search_term_string\"}}],\"inLanguage\":\"fr-FR\"},{\"@type\":\"Organization\",\"@id\":\"https:\\\/\\\/www.asf-fischer.nl\\\/#organization\",\"name\":\"A.S.F. Fischer\",\"url\":\"https:\\\/\\\/www.asf-fischer.nl\\\/\",\"logo\":{\"@type\":\"ImageObject\",\"inLanguage\":\"fr-FR\",\"@id\":\"https:\\\/\\\/www.asf-fischer.nl\\\/#\\\/schema\\\/logo\\\/image\\\/\",\"url\":\"https:\\\/\\\/www.asf-fischer.com\\\/wp-content\\\/uploads\\\/2026\\\/01\\\/ASF-Fischer-PIFAT-logo-actueel-e1768991354497-1.svg\",\"contentUrl\":\"https:\\\/\\\/www.asf-fischer.com\\\/wp-content\\\/uploads\\\/2026\\\/01\\\/ASF-Fischer-PIFAT-logo-actueel-e1768991354497-1.svg\",\"caption\":\"A.S.F. Fischer\"},\"image\":{\"@id\":\"https:\\\/\\\/www.asf-fischer.nl\\\/#\\\/schema\\\/logo\\\/image\\\/\"}}]}<\/script>\n<!-- \/ Yoast SEO plugin. -->","yoast_head_json":{"title":"Contact - A.S.F. Fischer","robots":{"index":"index","follow":"follow","max-snippet":"max-snippet:-1","max-image-preview":"max-image-preview:large","max-video-preview":"max-video-preview:-1"},"canonical":"https:\/\/www.asf-fischer.com\/fr\/contact\/","og_locale":"fr_FR","og_type":"article","og_title":"Contact - A.S.F. Fischer","og_description":"Contact Vous avez des questions ou des remarques sp\u00e9cifiques pour ASF Fischer ? Veuillez nous contacter. Vos contributions et vos r\u00e9actions sont tr\u00e8s importantes. Adresse Zilverstraat 1, 8211 AN Lelystad, Pays-Bas Horaires des bureaux Lundi &#8211; vendredi 8H00 &#8211; 17H00 Chambre de commerce de Lelystad : 39063428N\u00b0 de TVA : 8055.49.948.B01 Contact G\u00e9n\u00e9ral 0320 28 [&hellip;]","og_url":"https:\/\/www.asf-fischer.com\/fr\/contact\/","og_site_name":"A.S.F. Fischer","article_modified_time":"2023-10-13T10:23:09+00:00","twitter_card":"summary_large_image","schema":{"@context":"https:\/\/schema.org","@graph":[{"@type":"WebPage","@id":"https:\/\/www.asf-fischer.com\/fr\/contact\/","url":"https:\/\/www.asf-fischer.com\/fr\/contact\/","name":"Contact - A.S.F. Fischer","isPartOf":{"@id":"https:\/\/www.asf-fischer.nl\/#website"},"datePublished":"2022-02-17T10:48:11+00:00","dateModified":"2023-10-13T10:23:09+00:00","breadcrumb":{"@id":"https:\/\/www.asf-fischer.com\/fr\/contact\/#breadcrumb"},"inLanguage":"fr-FR","potentialAction":[{"@type":"ReadAction","target":["https:\/\/www.asf-fischer.com\/fr\/contact\/"]}]},{"@type":"BreadcrumbList","@id":"https:\/\/www.asf-fischer.com\/fr\/contact\/#breadcrumb","itemListElement":[{"@type":"ListItem","position":1,"name":"Home","item":"https:\/\/www.asf-fischer.com\/fr\/"},{"@type":"ListItem","position":2,"name":"Contact"}]},{"@type":"WebSite","@id":"https:\/\/www.asf-fischer.nl\/#website","url":"https:\/\/www.asf-fischer.nl\/","name":"A.S.F. Fischer","description":"Partner in fasteners","publisher":{"@id":"https:\/\/www.asf-fischer.nl\/#organization"},"potentialAction":[{"@type":"SearchAction","target":{"@type":"EntryPoint","urlTemplate":"https:\/\/www.asf-fischer.nl\/?s={search_term_string}"},"query-input":{"@type":"PropertyValueSpecification","valueRequired":true,"valueName":"search_term_string"}}],"inLanguage":"fr-FR"},{"@type":"Organization","@id":"https:\/\/www.asf-fischer.nl\/#organization","name":"A.S.F. Fischer","url":"https:\/\/www.asf-fischer.nl\/","logo":{"@type":"ImageObject","inLanguage":"fr-FR","@id":"https:\/\/www.asf-fischer.nl\/#\/schema\/logo\/image\/","url":"https:\/\/www.asf-fischer.com\/wp-content\/uploads\/2026\/01\/ASF-Fischer-PIFAT-logo-actueel-e1768991354497-1.svg","contentUrl":"https:\/\/www.asf-fischer.com\/wp-content\/uploads\/2026\/01\/ASF-Fischer-PIFAT-logo-actueel-e1768991354497-1.svg","caption":"A.S.F. Fischer"},"image":{"@id":"https:\/\/www.asf-fischer.nl\/#\/schema\/logo\/image\/"}}]}},"uagb_featured_image_src":{"full":false,"thumbnail":false,"medium":false,"medium_large":false,"large":false,"1536x1536":false,"2048x2048":false},"uagb_author_info":{"display_name":"admin","author_link":"https:\/\/www.asf-fischer.com\/fr\/author\/admin\/"},"uagb_comment_info":0,"uagb_excerpt":"Contact Vous avez des questions ou des remarques sp\u00e9cifiques pour ASF Fischer ? Veuillez nous contacter. Vos contributions et vos r\u00e9actions sont tr\u00e8s importantes. Adresse Zilverstraat 1, 8211 AN Lelystad, Pays-Bas Horaires des bureaux Lundi &#8211; vendredi 8H00 &#8211; 17H00 Chambre de commerce de Lelystad : 39063428N\u00b0 de TVA : 8055.49.948.B01 Contact G\u00e9n\u00e9ral 0320 28\u2026","_links":{"self":[{"href":"https:\/\/www.asf-fischer.com\/fr\/wp-json\/wp\/v2\/pages\/9903","targetHints":{"allow":["GET"]}}],"collection":[{"href":"https:\/\/www.asf-fischer.com\/fr\/wp-json\/wp\/v2\/pages"}],"about":[{"href":"https:\/\/www.asf-fischer.com\/fr\/wp-json\/wp\/v2\/types\/page"}],"author":[{"embeddable":true,"href":"https:\/\/www.asf-fischer.com\/fr\/wp-json\/wp\/v2\/users\/1"}],"replies":[{"embeddable":true,"href":"https:\/\/www.asf-fischer.com\/fr\/wp-json\/wp\/v2\/comments?post=9903"}],"version-history":[{"count":5,"href":"https:\/\/www.asf-fischer.com\/fr\/wp-json\/wp\/v2\/pages\/9903\/revisions"}],"predecessor-version":[{"id":11786,"href":"https:\/\/www.asf-fischer.com\/fr\/wp-json\/wp\/v2\/pages\/9903\/revisions\/11786"}],"wp:attachment":[{"href":"https:\/\/www.asf-fischer.com\/fr\/wp-json\/wp\/v2\/media?parent=9903"}],"curies":[{"name":"wp","href":"https:\/\/api.w.org\/{rel}","templated":true}]}}