{"id":21832,"date":"2026-04-21T14:02:52","date_gmt":"2026-04-21T12:02:52","guid":{"rendered":"https:\/\/www.asf-fischer.com\/?page_id=21832"},"modified":"2026-04-21T15:32:50","modified_gmt":"2026-04-21T13:32:50","slug":"vacature-financieel-administratief-medewerker","status":"publish","type":"page","link":"https:\/\/www.asf-fischer.com\/nl\/vacature-financieel-administratief-medewerker\/","title":{"rendered":"Vacature: Financieel Administratief medewerker"},"content":{"rendered":"\n<div class=\"wp-block-uagb-container uagb-block-35f84794 alignfull uagb-is-root-container\"><div class=\"uagb-container-inner-blocks-wrap\">\n<div class=\"wp-block-uagb-info-box uagb-block-841e6a76 uagb-infobox__content-wrap  uagb-infobox-icon-below-title uagb-infobox-image-valign-top hero-info\"><div class=\"uagb-ifb-content\"><div class=\"uagb-ifb-title-wrap\"><span class=\"uagb-ifb-title-prefix\">      <\/span><h1 class=\"uagb-ifb-title\">Vacature &#8211; Financieel Administratief Medewerker Crediteuren<\/h1><\/div><p class=\"uagb-ifb-desc\">Als Financieel Administratief Medewerker Crediteuren ben je verantwoordelijk voor een correcte en effici\u00ebnte verwerking van de financi\u00eble administratie, met de nadruk op crediteuren. Je bewaakt de kwaliteit van de financi\u00eble gegevens en levert een belangrijke bijdrage aan rapportages en controles. In deze rol maak je deel uit van een compact en professioneel financieel team binnen een dynamische organisatie met korte lijnen en een informele werksfeer. Er is veel ruimte voor eigen initiatief en het optimaliseren van processen.<\/p><\/div><\/div>\n<\/div><\/div>\n\n\n\n<div class=\"wp-block-uagb-container uagb-block-c2cc2fa6 alignfull uagb-is-root-container\"><div class=\"uagb-container-inner-blocks-wrap\">\n<div class=\"wp-block-uagb-container uagb-block-2aeb29ce\">\n<div class=\"wp-block-uagb-advanced-heading uagb-block-fb0fa4d8\"><h4 class=\"uagb-heading-text\">Werkzaamheden en verantwoordelijkheden<\/h4><\/div>\n\n\n\n<ul class=\"wp-block-list\">\n<li>Beheren van de crediteurenadministratie<\/li>\n\n\n\n<li>Verwerken, controleren en afstemmen van inkoopfacturen<\/li>\n\n\n\n<li>Uitvoeren en verwerken van controles<\/li>\n\n\n\n<li>Voorbereiden en uitvoeren van betalingsruns<\/li>\n\n\n\n<li>Opstellen en bijhouden van diverse maand- en perioderapportages<\/li>\n\n\n\n<li>Verzorgen van aangiftes<\/li>\n\n\n\n<li>Uitvoeren van grootboek- en balanscontroles, inclusief tussenrekeningen<\/li>\n\n\n\n<li>Signaleren en oplossen van administratieve afwijkingen<\/li>\n\n\n\n<li>Ondersteunen bij maand- en jaarafsluitingen en accountantscontroles<\/li>\n\n\n\n<li>Actief meedenken over het verbeteren en optimaliseren van financi\u00eble processen<\/li>\n<\/ul>\n<\/div>\n\n\n\n<div class=\"wp-block-uagb-container uagb-block-52d4be87\">\n<div class=\"wp-block-uagb-image uagb-block-5e7e82c3 wp-block-uagb-image--layout-default wp-block-uagb-image--effect-static wp-block-uagb-image--align-none\"><figure class=\"wp-block-uagb-image__figure\"><img decoding=\"async\" srcset=\"https:\/\/www.asf-fischer.com\/wp-content\/uploads\/2025\/11\/Dobbelstenen-asf-1024x843.jpg ,https:\/\/www.asf-fischer.com\/wp-content\/uploads\/2025\/11\/Dobbelstenen-asf-scaled.jpg 780w, https:\/\/www.asf-fischer.com\/wp-content\/uploads\/2025\/11\/Dobbelstenen-asf-scaled.jpg 360w\" sizes=\"auto, (max-width: 480px) 150px\" src=\"https:\/\/www.asf-fischer.com\/wp-content\/uploads\/2025\/11\/Dobbelstenen-asf-1024x843.jpg\" alt=\"\" class=\"uag-image-21135\" width=\"1024\" height=\"843\" title=\"Dobbelstenen-asf\" loading=\"lazy\" role=\"img\"\/><\/figure><\/div>\n<\/div>\n<\/div><\/div>\n\n\n\n<div class=\"wp-block-uagb-container uagb-block-8cb9f3e9 alignfull uagb-is-root-container\"><div class=\"uagb-container-inner-blocks-wrap\">\n<div class=\"wp-block-uagb-container uagb-block-8d84a849\">\n<div class=\"wp-block-uagb-image uagb-block-6a28e326 wp-block-uagb-image--layout-default wp-block-uagb-image--effect-static wp-block-uagb-image--align-none\"><figure class=\"wp-block-uagb-image__figure\"><img decoding=\"async\" srcset=\"https:\/\/www.asf-fischer.com\/wp-content\/uploads\/2025\/11\/ASF_Fischer_logo-1024x843.jpg ,https:\/\/www.asf-fischer.com\/wp-content\/uploads\/2025\/11\/ASF_Fischer_logo-scaled.jpg 780w, https:\/\/www.asf-fischer.com\/wp-content\/uploads\/2025\/11\/ASF_Fischer_logo-scaled.jpg 360w\" sizes=\"auto, (max-width: 480px) 150px\" src=\"https:\/\/www.asf-fischer.com\/wp-content\/uploads\/2025\/11\/ASF_Fischer_logo-1024x843.jpg\" alt=\"\" class=\"uag-image-21141\" width=\"4384\" height=\"3609\" title=\"ASF_Fischer_logo\" loading=\"lazy\" role=\"img\"\/><\/figure><\/div>\n<\/div>\n\n\n\n<div class=\"wp-block-uagb-container uagb-block-007ab137\">\n<div class=\"wp-block-uagb-advanced-heading uagb-block-d5d82950\"><h4 class=\"uagb-heading-text\">Wie ben jij?<\/h4><\/div>\n\n\n\n<ul class=\"wp-block-list\">\n<li>Je hebt een mbo+ of hbo werk- en denkniveau in financi\u00eble richting<\/li>\n\n\n\n<li>Je hebt ervaring in een financi\u00eble administratieve functie, bij voorkeur met crediteuren<\/li>\n\n\n\n<li>Je hebt goede kennis van boekhoudkundige processen<\/li>\n\n\n\n<li>Je werkt nauwkeurig, gestructureerd en hebt oog voor detail<\/li>\n\n\n\n<li>Je bent zelfstandig, proactief en neemt verantwoordelijkheid<\/li>\n\n\n\n<li>Je beschikt over goede communicatieve vaardigheden<\/li>\n\n\n\n<li>Je beheerst de Nederlandse en Engelse taal goed; Duits is een pr\u00e9<\/li>\n\n\n\n<li>Je hebt uitstekende kennis van Excel<\/li>\n\n\n\n<li>Ervaring met systemen zoals Wholesale en Elvy is een pr\u00e9<\/li>\n<\/ul>\n\n\n\n<div class=\"wp-block-uagb-advanced-heading uagb-block-4ac974d0\"><h4 class=\"uagb-heading-text\">Wat bieden wij?<\/h4><\/div>\n\n\n\n<ul class=\"wp-block-list\">\n<li>Een informele werksfeer met betrokken collega\u2019s<\/li>\n\n\n\n<li>Marktconform salaris en goede secundaire arbeidsvoorwaarden<\/li>\n\n\n\n<li>Ruimte voor eigen initiatief en verbeteridee\u00ebn<\/li>\n<\/ul>\n<\/div>\n<\/div><\/div>\n\n\n\n<div class=\"wp-block-uagb-container uagb-block-87fdb56c alignwide uagb-is-root-container\">\n<div class=\"wp-block-group is-layout-constrained wp-block-group-is-layout-constrained\"><div class=\"wp-block-group__inner-container\">\n<div class=\"wp-block-uagb-advanced-heading uagb-block-35eee0d4\"><h2 class=\"uagb-heading-text\">Over ons als werkgever<\/h2><\/div>\n\n\n\n<p>A.S.F. Fischer BV is een importeur, groothandel en conceptontwikkelaar van bevestigingsmaterialen en tools voor de professionele bouw. Daarnaast produceren wij diverse hoogwaardige gereedschappen zelf. Onze producten en concepten leveren wij met name aan de professionele bouwmaterialenhandel, de hout- en plaatmaterialenhandel, de ijzerwarenvakhandel, de elektrotechnische groothandel, de c.v.- en sanitair groothandel en de grootschalige industrie. Met A-merken zoals o.a. Woodies Ultimate, Super Prof, REX Premium tools en InterDynamics is onze drijfveer om d\u00e9 partner te zijn in bevestigingsmaterialen en tools voor onze klanten.<\/p>\n<\/div><\/div>\n<\/div>\n\n\n\n<div class=\"wp-block-uagb-container uagb-block-71487a65 alignwide uagb-is-root-container\">\n<div class=\"wp-block-uagb-container uagb-block-8c0c2cad alignfull uagb-is-root-container\"><div class=\"uagb-container-inner-blocks-wrap\">\n<h2 class=\"wp-block-heading has-text-align-center\">Enthousiast geworden?<\/h2>\n\n\n\n<p class=\"has-text-align-center has-medium-font-size\">Stuur jouw motivatie en cv naar <a href=\"mailto:shursepuny@asf-fischer.nl\" target=\"_blank\" rel=\"noreferrer noopener\">shursepuny@asf-fischer.nl<\/a> t.a.v. Serena Hursepuny-Rijken. Graag met de vacaturetitel in het onderwerp van de e-mail. We kijken uit naar jouw reactie!<\/p>\n\n\n\n<div class=\"wp-block-buttons is-content-justification-center is-layout-flex wp-container-core-buttons-is-layout-a89b3969 wp-block-buttons-is-layout-flex\">\n<div class=\"wp-block-button button-alt\"><a class=\"wp-block-button__link wp-element-button\" href=\"mailto:vacature@asf-fischer.nl\">Solliciteren<\/a><\/div>\n<\/div>\n<\/div><\/div>\n<\/div>\n\n\n\n<div style=\"height:100px\" aria-hidden=\"true\" class=\"wp-block-spacer\"><\/div>\n\n\n\n<p><\/p>\n","protected":false},"excerpt":{"rendered":"<p>Werkzaamheden en verantwoordelijkheden Wie ben jij? Wat bieden wij? Over ons als werkgever A.S.F. Fischer BV is een importeur, groothandel en conceptontwikkelaar van bevestigingsmaterialen en tools voor de professionele bouw. Daarnaast produceren wij diverse hoogwaardige gereedschappen zelf. Onze producten en concepten leveren wij met name aan de professionele bouwmaterialenhandel, de hout- en plaatmaterialenhandel, de ijzerwarenvakhandel, [&hellip;]<\/p>\n","protected":false},"author":10,"featured_media":21141,"parent":0,"menu_order":0,"comment_status":"closed","ping_status":"closed","template":"","meta":{"_acf_changed":false,"inline_featured_image":false,"_uag_custom_page_level_css":"","site-sidebar-layout":"default","site-content-layout":"","ast-site-content-layout":"default","site-content-style":"default","site-sidebar-style":"default","ast-global-header-display":"","ast-banner-title-visibility":"","ast-main-header-display":"","ast-hfb-above-header-display":"","ast-hfb-below-header-display":"","ast-hfb-mobile-header-display":"","site-post-title":"disabled","ast-breadcrumbs-content":"","ast-featured-img":"","footer-sml-layout":"","ast-disable-related-posts":"","theme-transparent-header-meta":"enabled","adv-header-id-meta":"","stick-header-meta":"","header-above-stick-meta":"","header-main-stick-meta":"","header-below-stick-meta":"","astra-migrate-meta-layouts":"set","ast-page-background-enabled":"default","ast-page-background-meta":{"desktop":{"background-color":"","background-image":"","background-repeat":"repeat","background-position":"center center","background-size":"auto","background-attachment":"scroll","background-type":"","background-media":"","overlay-type":"","overlay-color":"","overlay-opacity":"","overlay-gradient":""},"tablet":{"background-color":"","background-image":"","background-repeat":"repeat","background-position":"center center","background-size":"auto","background-attachment":"scroll","background-type":"","background-media":"","overlay-type":"","overlay-color":"","overlay-opacity":"","overlay-gradient":""},"mobile":{"background-color":"","background-image":"","background-repeat":"repeat","background-position":"center center","background-size":"auto","background-attachment":"scroll","background-type":"","background-media":"","overlay-type":"","overlay-color":"","overlay-opacity":"","overlay-gradient":""}},"ast-content-background-meta":{"desktop":{"background-color":"var(--ast-global-color-5)","background-image":"","background-repeat":"repeat","background-position":"center center","background-size":"auto","background-attachment":"scroll","background-type":"","background-media":"","overlay-type":"","overlay-color":"","overlay-opacity":"","overlay-gradient":""},"tablet":{"background-color":"var(--ast-global-color-5)","background-image":"","background-repeat":"repeat","background-position":"center center","background-size":"auto","background-attachment":"scroll","background-type":"","background-media":"","overlay-type":"","overlay-color":"","overlay-opacity":"","overlay-gradient":""},"mobile":{"background-color":"var(--ast-global-color-5)","background-image":"","background-repeat":"repeat","background-position":"center center","background-size":"auto","background-attachment":"scroll","background-type":"","background-media":"","overlay-type":"","overlay-color":"","overlay-opacity":"","overlay-gradient":""}},"footnotes":""},"class_list":["post-21832","page","type-page","status-publish","has-post-thumbnail","hentry"],"acf":[],"yoast_head":"<!-- This site is optimized with the Yoast SEO plugin v27.5 - https:\/\/yoast.com\/product\/yoast-seo-wordpress\/ -->\n<title>Vacature: Financieel Administratief medewerker - A.S.F. Fischer<\/title>\n<meta name=\"description\" content=\"Wij zijn op zoek naar een Inkoopmedewerker. Ben jij goed in effici\u00ebnt organiseren en co\u00f6rdineren? Solliciteer dan snel!\" \/>\n<meta name=\"robots\" content=\"index, follow, max-snippet:-1, max-image-preview:large, max-video-preview:-1\" \/>\n<link rel=\"canonical\" href=\"https:\/\/www.asf-fischer.com\/nl\/vacature-financieel-administratief-medewerker\/\" \/>\n<meta property=\"og:locale\" content=\"nl_NL\" \/>\n<meta property=\"og:type\" content=\"article\" \/>\n<meta property=\"og:title\" content=\"Vacature: Financieel Administratief medewerker - A.S.F. Fischer\" \/>\n<meta property=\"og:description\" content=\"Wij zijn op zoek naar een Inkoopmedewerker. Ben jij goed in effici\u00ebnt organiseren en co\u00f6rdineren? Solliciteer dan snel!\" \/>\n<meta property=\"og:url\" content=\"https:\/\/www.asf-fischer.com\/nl\/vacature-financieel-administratief-medewerker\/\" \/>\n<meta property=\"og:site_name\" content=\"A.S.F. Fischer\" \/>\n<meta property=\"article:modified_time\" content=\"2026-04-21T13:32:50+00:00\" \/>\n<meta property=\"og:image\" content=\"https:\/\/www.asf-fischer.com\/wp-content\/uploads\/2025\/11\/ASF_Fischer_logo-scaled.jpg\" \/>\n\t<meta property=\"og:image:width\" content=\"2560\" \/>\n\t<meta property=\"og:image:height\" content=\"2107\" \/>\n\t<meta property=\"og:image:type\" content=\"image\/jpeg\" \/>\n<meta name=\"twitter:card\" content=\"summary_large_image\" \/>\n<meta name=\"twitter:label1\" content=\"Geschatte leestijd\" \/>\n\t<meta name=\"twitter:data1\" content=\"3 minuten\" \/>\n<script type=\"application\/ld+json\" class=\"yoast-schema-graph\">{\"@context\":\"https:\\\/\\\/schema.org\",\"@graph\":[{\"@type\":\"WebPage\",\"@id\":\"https:\\\/\\\/www.asf-fischer.com\\\/nl\\\/vacature-financieel-administratief-medewerker\\\/\",\"url\":\"https:\\\/\\\/www.asf-fischer.com\\\/nl\\\/vacature-financieel-administratief-medewerker\\\/\",\"name\":\"Vacature: Financieel Administratief medewerker - A.S.F. Fischer\",\"isPartOf\":{\"@id\":\"https:\\\/\\\/www.asf-fischer.nl\\\/#website\"},\"primaryImageOfPage\":{\"@id\":\"https:\\\/\\\/www.asf-fischer.com\\\/nl\\\/vacature-financieel-administratief-medewerker\\\/#primaryimage\"},\"image\":{\"@id\":\"https:\\\/\\\/www.asf-fischer.com\\\/nl\\\/vacature-financieel-administratief-medewerker\\\/#primaryimage\"},\"thumbnailUrl\":\"https:\\\/\\\/www.asf-fischer.com\\\/wp-content\\\/uploads\\\/2025\\\/11\\\/ASF_Fischer_logo-scaled.jpg\",\"datePublished\":\"2026-04-21T12:02:52+00:00\",\"dateModified\":\"2026-04-21T13:32:50+00:00\",\"description\":\"Wij zijn op zoek naar een Inkoopmedewerker. Ben jij goed in effici\u00ebnt organiseren en co\u00f6rdineren? Solliciteer dan snel!\",\"breadcrumb\":{\"@id\":\"https:\\\/\\\/www.asf-fischer.com\\\/nl\\\/vacature-financieel-administratief-medewerker\\\/#breadcrumb\"},\"inLanguage\":\"nl-NL\",\"potentialAction\":[{\"@type\":\"ReadAction\",\"target\":[\"https:\\\/\\\/www.asf-fischer.com\\\/nl\\\/vacature-financieel-administratief-medewerker\\\/\"]}]},{\"@type\":\"ImageObject\",\"inLanguage\":\"nl-NL\",\"@id\":\"https:\\\/\\\/www.asf-fischer.com\\\/nl\\\/vacature-financieel-administratief-medewerker\\\/#primaryimage\",\"url\":\"https:\\\/\\\/www.asf-fischer.com\\\/wp-content\\\/uploads\\\/2025\\\/11\\\/ASF_Fischer_logo-scaled.jpg\",\"contentUrl\":\"https:\\\/\\\/www.asf-fischer.com\\\/wp-content\\\/uploads\\\/2025\\\/11\\\/ASF_Fischer_logo-scaled.jpg\",\"width\":2560,\"height\":2107},{\"@type\":\"BreadcrumbList\",\"@id\":\"https:\\\/\\\/www.asf-fischer.com\\\/nl\\\/vacature-financieel-administratief-medewerker\\\/#breadcrumb\",\"itemListElement\":[{\"@type\":\"ListItem\",\"position\":1,\"name\":\"Home\",\"item\":\"https:\\\/\\\/www.asf-fischer.com\\\/nl\\\/\"},{\"@type\":\"ListItem\",\"position\":2,\"name\":\"Vacature: Financieel Administratief medewerker\"}]},{\"@type\":\"WebSite\",\"@id\":\"https:\\\/\\\/www.asf-fischer.nl\\\/#website\",\"url\":\"https:\\\/\\\/www.asf-fischer.nl\\\/\",\"name\":\"A.S.F. Fischer\",\"description\":\"Partner in fasteners\",\"publisher\":{\"@id\":\"https:\\\/\\\/www.asf-fischer.nl\\\/#organization\"},\"potentialAction\":[{\"@type\":\"SearchAction\",\"target\":{\"@type\":\"EntryPoint\",\"urlTemplate\":\"https:\\\/\\\/www.asf-fischer.nl\\\/?s={search_term_string}\"},\"query-input\":{\"@type\":\"PropertyValueSpecification\",\"valueRequired\":true,\"valueName\":\"search_term_string\"}}],\"inLanguage\":\"nl-NL\"},{\"@type\":\"Organization\",\"@id\":\"https:\\\/\\\/www.asf-fischer.nl\\\/#organization\",\"name\":\"A.S.F. Fischer\",\"url\":\"https:\\\/\\\/www.asf-fischer.nl\\\/\",\"logo\":{\"@type\":\"ImageObject\",\"inLanguage\":\"nl-NL\",\"@id\":\"https:\\\/\\\/www.asf-fischer.nl\\\/#\\\/schema\\\/logo\\\/image\\\/\",\"url\":\"https:\\\/\\\/www.asf-fischer.com\\\/wp-content\\\/uploads\\\/2026\\\/01\\\/ASF-Fischer-PIFAT-logo-actueel-e1768991354497-1.svg\",\"contentUrl\":\"https:\\\/\\\/www.asf-fischer.com\\\/wp-content\\\/uploads\\\/2026\\\/01\\\/ASF-Fischer-PIFAT-logo-actueel-e1768991354497-1.svg\",\"caption\":\"A.S.F. Fischer\"},\"image\":{\"@id\":\"https:\\\/\\\/www.asf-fischer.nl\\\/#\\\/schema\\\/logo\\\/image\\\/\"}}]}<\/script>\n<!-- \/ Yoast SEO plugin. -->","yoast_head_json":{"title":"Vacature: Financieel Administratief medewerker - A.S.F. Fischer","description":"Wij zijn op zoek naar een Inkoopmedewerker. Ben jij goed in effici\u00ebnt organiseren en co\u00f6rdineren? Solliciteer dan snel!","robots":{"index":"index","follow":"follow","max-snippet":"max-snippet:-1","max-image-preview":"max-image-preview:large","max-video-preview":"max-video-preview:-1"},"canonical":"https:\/\/www.asf-fischer.com\/nl\/vacature-financieel-administratief-medewerker\/","og_locale":"nl_NL","og_type":"article","og_title":"Vacature: Financieel Administratief medewerker - A.S.F. Fischer","og_description":"Wij zijn op zoek naar een Inkoopmedewerker. Ben jij goed in effici\u00ebnt organiseren en co\u00f6rdineren? Solliciteer dan snel!","og_url":"https:\/\/www.asf-fischer.com\/nl\/vacature-financieel-administratief-medewerker\/","og_site_name":"A.S.F. Fischer","article_modified_time":"2026-04-21T13:32:50+00:00","og_image":[{"width":2560,"height":2107,"url":"https:\/\/www.asf-fischer.com\/wp-content\/uploads\/2025\/11\/ASF_Fischer_logo-scaled.jpg","type":"image\/jpeg"}],"twitter_card":"summary_large_image","twitter_misc":{"Geschatte leestijd":"3 minuten"},"schema":{"@context":"https:\/\/schema.org","@graph":[{"@type":"WebPage","@id":"https:\/\/www.asf-fischer.com\/nl\/vacature-financieel-administratief-medewerker\/","url":"https:\/\/www.asf-fischer.com\/nl\/vacature-financieel-administratief-medewerker\/","name":"Vacature: Financieel Administratief medewerker - A.S.F. Fischer","isPartOf":{"@id":"https:\/\/www.asf-fischer.nl\/#website"},"primaryImageOfPage":{"@id":"https:\/\/www.asf-fischer.com\/nl\/vacature-financieel-administratief-medewerker\/#primaryimage"},"image":{"@id":"https:\/\/www.asf-fischer.com\/nl\/vacature-financieel-administratief-medewerker\/#primaryimage"},"thumbnailUrl":"https:\/\/www.asf-fischer.com\/wp-content\/uploads\/2025\/11\/ASF_Fischer_logo-scaled.jpg","datePublished":"2026-04-21T12:02:52+00:00","dateModified":"2026-04-21T13:32:50+00:00","description":"Wij zijn op zoek naar een Inkoopmedewerker. Ben jij goed in effici\u00ebnt organiseren en co\u00f6rdineren? Solliciteer dan snel!","breadcrumb":{"@id":"https:\/\/www.asf-fischer.com\/nl\/vacature-financieel-administratief-medewerker\/#breadcrumb"},"inLanguage":"nl-NL","potentialAction":[{"@type":"ReadAction","target":["https:\/\/www.asf-fischer.com\/nl\/vacature-financieel-administratief-medewerker\/"]}]},{"@type":"ImageObject","inLanguage":"nl-NL","@id":"https:\/\/www.asf-fischer.com\/nl\/vacature-financieel-administratief-medewerker\/#primaryimage","url":"https:\/\/www.asf-fischer.com\/wp-content\/uploads\/2025\/11\/ASF_Fischer_logo-scaled.jpg","contentUrl":"https:\/\/www.asf-fischer.com\/wp-content\/uploads\/2025\/11\/ASF_Fischer_logo-scaled.jpg","width":2560,"height":2107},{"@type":"BreadcrumbList","@id":"https:\/\/www.asf-fischer.com\/nl\/vacature-financieel-administratief-medewerker\/#breadcrumb","itemListElement":[{"@type":"ListItem","position":1,"name":"Home","item":"https:\/\/www.asf-fischer.com\/nl\/"},{"@type":"ListItem","position":2,"name":"Vacature: Financieel Administratief medewerker"}]},{"@type":"WebSite","@id":"https:\/\/www.asf-fischer.nl\/#website","url":"https:\/\/www.asf-fischer.nl\/","name":"A.S.F. Fischer","description":"Partner in fasteners","publisher":{"@id":"https:\/\/www.asf-fischer.nl\/#organization"},"potentialAction":[{"@type":"SearchAction","target":{"@type":"EntryPoint","urlTemplate":"https:\/\/www.asf-fischer.nl\/?s={search_term_string}"},"query-input":{"@type":"PropertyValueSpecification","valueRequired":true,"valueName":"search_term_string"}}],"inLanguage":"nl-NL"},{"@type":"Organization","@id":"https:\/\/www.asf-fischer.nl\/#organization","name":"A.S.F. Fischer","url":"https:\/\/www.asf-fischer.nl\/","logo":{"@type":"ImageObject","inLanguage":"nl-NL","@id":"https:\/\/www.asf-fischer.nl\/#\/schema\/logo\/image\/","url":"https:\/\/www.asf-fischer.com\/wp-content\/uploads\/2026\/01\/ASF-Fischer-PIFAT-logo-actueel-e1768991354497-1.svg","contentUrl":"https:\/\/www.asf-fischer.com\/wp-content\/uploads\/2026\/01\/ASF-Fischer-PIFAT-logo-actueel-e1768991354497-1.svg","caption":"A.S.F. Fischer"},"image":{"@id":"https:\/\/www.asf-fischer.nl\/#\/schema\/logo\/image\/"}}]}},"uagb_featured_image_src":{"full":["https:\/\/www.asf-fischer.com\/wp-content\/uploads\/2025\/11\/ASF_Fischer_logo-scaled.jpg",2560,2107,false],"thumbnail":["https:\/\/www.asf-fischer.com\/wp-content\/uploads\/2025\/11\/ASF_Fischer_logo-150x150.jpg",150,150,true],"medium":["https:\/\/www.asf-fischer.com\/wp-content\/uploads\/2025\/11\/ASF_Fischer_logo-300x247.jpg",300,247,true],"medium_large":["https:\/\/www.asf-fischer.com\/wp-content\/uploads\/2025\/11\/ASF_Fischer_logo-768x632.jpg",768,632,true],"large":["https:\/\/www.asf-fischer.com\/wp-content\/uploads\/2025\/11\/ASF_Fischer_logo-1024x843.jpg",1024,843,true],"1536x1536":["https:\/\/www.asf-fischer.com\/wp-content\/uploads\/2025\/11\/ASF_Fischer_logo-1536x1264.jpg",1536,1264,true],"2048x2048":["https:\/\/www.asf-fischer.com\/wp-content\/uploads\/2025\/11\/ASF_Fischer_logo-2048x1686.jpg",2048,1686,true]},"uagb_author_info":{"display_name":"Marketing","author_link":"https:\/\/www.asf-fischer.com\/nl\/author\/marketing\/"},"uagb_comment_info":0,"uagb_excerpt":"Werkzaamheden en verantwoordelijkheden Wie ben jij? Wat bieden wij? Over ons als werkgever A.S.F. Fischer BV is een importeur, groothandel en conceptontwikkelaar van bevestigingsmaterialen en tools voor de professionele bouw. Daarnaast produceren wij diverse hoogwaardige gereedschappen zelf. Onze producten en concepten leveren wij met name aan de professionele bouwmaterialenhandel, de hout- en plaatmaterialenhandel, de ijzerwarenvakhandel,&hellip;","_links":{"self":[{"href":"https:\/\/www.asf-fischer.com\/nl\/wp-json\/wp\/v2\/pages\/21832","targetHints":{"allow":["GET"]}}],"collection":[{"href":"https:\/\/www.asf-fischer.com\/nl\/wp-json\/wp\/v2\/pages"}],"about":[{"href":"https:\/\/www.asf-fischer.com\/nl\/wp-json\/wp\/v2\/types\/page"}],"author":[{"embeddable":true,"href":"https:\/\/www.asf-fischer.com\/nl\/wp-json\/wp\/v2\/users\/10"}],"replies":[{"embeddable":true,"href":"https:\/\/www.asf-fischer.com\/nl\/wp-json\/wp\/v2\/comments?post=21832"}],"version-history":[{"count":20,"href":"https:\/\/www.asf-fischer.com\/nl\/wp-json\/wp\/v2\/pages\/21832\/revisions"}],"predecessor-version":[{"id":21871,"href":"https:\/\/www.asf-fischer.com\/nl\/wp-json\/wp\/v2\/pages\/21832\/revisions\/21871"}],"wp:featuredmedia":[{"embeddable":true,"href":"https:\/\/www.asf-fischer.com\/nl\/wp-json\/wp\/v2\/media\/21141"}],"wp:attachment":[{"href":"https:\/\/www.asf-fischer.com\/nl\/wp-json\/wp\/v2\/media?parent=21832"}],"curies":[{"name":"wp","href":"https:\/\/api.w.org\/{rel}","templated":true}]}}